
{"id":1171,"date":"2025-04-22T18:10:36","date_gmt":"2025-04-22T17:10:36","guid":{"rendered":"https:\/\/interlog.put.poznan.pl\/?page_id=1171"},"modified":"2025-09-15T21:26:04","modified_gmt":"2025-09-15T20:26:04","slug":"publikacje","status":"publish","type":"page","link":"https:\/\/interlog.put.poznan.pl\/?page_id=1171","title":{"rendered":"Publikacje"},"content":{"rendered":"\n<p><strong>Publikacje konferencyjne<\/strong>:<\/p>\n\n\n\n<p><\/p>\n\n\n\n<ul class=\"wp-block-list\">\n<li><strong>Monografia<\/strong> &#8211; wydawnictwo <strong>Springer <\/strong>&#8211; w&nbsp;serii <strong>EcoProduction Environmental, Issues in Logistics and Manufacturing<\/strong> (j\u0119zyk angielski)<br><a href=\"https:\/\/www.springer.com\/series\/10152\">https:\/\/www.springer.com\/series\/10152<\/a><\/li>\n\n\n\n<li><strong>Monografia<\/strong> &#8211; wydawnictwo <strong>Polskiego Towarzystwa Ekonomicznego<\/strong>&nbsp;(j\u0119zyk polski)<br><a href=\"https:\/\/www.pte.pl\/o-pte\/wydawnictwo\">https:\/\/www.pte.pl\/o-pte\/wydawnictwo<\/a><\/li>\n\n\n\n<li><strong>Czasopismo <\/strong>&#8211; wydawnictwo <strong>Emerald <\/strong>&#8211; <strong>Logistics Research<\/strong> (j\u0119zyk angielski)<br><a href=\"https:\/\/www.emeraldgrouppublishing.com\/calls-for-papers\/call-papers-logistics-50-integrating-technology-sustainability-and-people\">https:\/\/www.emeraldgrouppublishing.com\/calls-for-papers\/call-papers-logistics-50-integrating-technology-sustainability-and-people<\/a><\/li>\n\n\n\n<li><strong>Czasopismo <\/strong>&#8211; <strong>Ekonomia i&nbsp;\u015arodowisko &#8211; Economics and Environment<\/strong> (j\u0119zyk angielski)<br><a href=\"https:\/\/ekonomiaisrodowisko.pl\/journal\/about\">https:\/\/ekonomiaisrodowisko.pl\/journal\/about<\/a><br><\/li>\n\n\n\n<li><em>Lista miejsc publikacyjnych b\u0119dzie na&nbsp;bie\u017c\u0105co uzupe\u0142niana<\/em>.<\/li>\n<\/ul>\n\n\n\n<ul class=\"wp-block-list\">\n<li>Wybrane publikacje &#8211; po&nbsp;wst\u0119pnej ocenie &#8211; zostan\u0105 zarekomendowane do&nbsp;poszczeg\u00f3lnych redakcji czasopism i&nbsp;ksi\u0105\u017cek naukowych.<\/li>\n\n\n\n<li>Artyku\u0142y zostan\u0105 poddane recenzjom zgodnie z&nbsp;polityk\u0105 redakcyjn\u0105 poszczeg\u00f3lnych wydawnictw.<\/li>\n\n\n\n<li>Autorzy ponosz\u0105 we&nbsp;w\u0142asnym zakresie op\u0142at\u0119 za&nbsp;publikacj\u0119 artyku\u0142\u00f3w zgodnie z&nbsp;polityk\u0105 wydawnicz\u0105.<\/li>\n\n\n\n<li><a href=\"https:\/\/interlog.put.poznan.pl\/wp-content\/uploads\/2025\/04\/InterLog-Abstract-Template-2025.docx\">Szablon abstraktu<\/a><\/li>\n<\/ul>\n\n\n\n<p><\/p>\n\n\n\n<p><strong>Terminy (dla publikacji):<\/strong><\/p>\n\n\n\n<ul class=\"wp-block-list\">\n<li><s>15 czerwca 2025 &nbsp;&nbsp;&nbsp;&nbsp;&nbsp;&nbsp;&nbsp;&nbsp;&nbsp; \u2013 ostateczny termin przesy\u0142ania streszcze\u0144 artyku\u0142\u00f3w<\/s><\/li>\n\n\n\n<li><s>21 czerwca 2025 &nbsp;&nbsp;&nbsp;&nbsp;&nbsp;&nbsp;&nbsp;&nbsp;&nbsp; \u2013 ostateczny termin akceptacji artyku\u0142\u00f3w<\/s><\/li>\n\n\n\n<li><s>1 wrze\u015bnia 2025 \u00a0\u00a0\u00a0\u00a0\u00a0\u00a0\u00a0\u00a0\u00a0 \u2013 nowy termin przesy\u0142ania streszcze\u0144 artyku\u0142\u00f3w<\/s><\/li>\n\n\n\n<li><s>5 wrze\u015bnia 2025 \u00a0\u00a0\u00a0\u00a0\u00a0\u00a0\u00a0\u00a0\u00a0 \u2013 termin akceptacji artyku\u0142\u00f3w<\/s><\/li>\n\n\n\n<li>30 wrze\u015bnia 2025 &nbsp;&nbsp;&nbsp;&nbsp;&nbsp;&nbsp;&nbsp;  \u2013 ostateczny termin przesy\u0142ania pe\u0142nej wersji artyku\u0142\u00f3w<\/li>\n<\/ul>\n","protected":false},"excerpt":{"rendered":"<p>Publikacje konferencyjne: Terminy (dla publikacji):<\/p>\n","protected":false},"author":2,"featured_media":0,"parent":0,"menu_order":0,"comment_status":"closed","ping_status":"closed","template":"","meta":{"_themeisle_gutenberg_block_has_review":false,"footnotes":""},"class_list":["post-1171","page","type-page","status-publish","hentry"],"_links":{"self":[{"href":"https:\/\/interlog.put.poznan.pl\/index.php?rest_route=\/wp\/v2\/pages\/1171","targetHints":{"allow":["GET"]}}],"collection":[{"href":"https:\/\/interlog.put.poznan.pl\/index.php?rest_route=\/wp\/v2\/pages"}],"about":[{"href":"https:\/\/interlog.put.poznan.pl\/index.php?rest_route=\/wp\/v2\/types\/page"}],"author":[{"embeddable":true,"href":"https:\/\/interlog.put.poznan.pl\/index.php?rest_route=\/wp\/v2\/users\/2"}],"replies":[{"embeddable":true,"href":"https:\/\/interlog.put.poznan.pl\/index.php?rest_route=%2Fwp%2Fv2%2Fcomments&post=1171"}],"version-history":[{"count":13,"href":"https:\/\/interlog.put.poznan.pl\/index.php?rest_route=\/wp\/v2\/pages\/1171\/revisions"}],"predecessor-version":[{"id":1563,"href":"https:\/\/interlog.put.poznan.pl\/index.php?rest_route=\/wp\/v2\/pages\/1171\/revisions\/1563"}],"wp:attachment":[{"href":"https:\/\/interlog.put.poznan.pl\/index.php?rest_route=%2Fwp%2Fv2%2Fmedia&parent=1171"}],"curies":[{"name":"wp","href":"https:\/\/api.w.org\/{rel}","templated":true}]}}