
{"id":1258,"date":"2025-04-29T12:46:09","date_gmt":"2025-04-29T11:46:09","guid":{"rendered":"https:\/\/interlog.put.poznan.pl\/?page_id=1258"},"modified":"2025-04-29T13:11:58","modified_gmt":"2025-04-29T12:11:58","slug":"interlog-2024-2","status":"publish","type":"page","link":"https:\/\/interlog.put.poznan.pl\/?page_id=1258&lang=en","title":{"rendered":"Interlog 2024"},"content":{"rendered":"\n<p>2-3 lipca 2024<\/p>\n\n\n\n<p class=\"has-text-align-left has-neve-link-color-color has-text-color has-link-color has-medium-font-size wp-elements-e94809896f0e74928ae44715a70545ac\"><br><strong>Zakres tematyczny konferencji:<\/strong><\/p>\n\n\n\n<ul class=\"wp-block-list has-neve-link-color-color has-text-color has-link-color wp-elements-c3d8503ef7194ab84cd3112ff8776885\">\n<li style=\"font-size:15px\">zarz\u0105dzanie strategiczne w&nbsp;logistyce,<\/li>\n\n\n\n<li style=\"font-size:15px\">strategie zr\u00f3wnowa\u017conego rozwoju w&nbsp;logistyce,<\/li>\n\n\n\n<li style=\"font-size:15px\">zarz\u0105dzanie procesami i&nbsp;projektami w&nbsp;logistyce i&nbsp;produkcji,&nbsp;<\/li>\n\n\n\n<li style=\"font-size:15px\">\u0142a\u0144cuchy dostaw gospodarki o&nbsp;obiegu zamkni\u0119tym (cyrkularne \u0142a\u0144cuchy dostaw),<\/li>\n\n\n\n<li style=\"font-size:15px\">rozwi\u0105zania z&nbsp;zakresu Logistyki 4.0 i&nbsp;Przemys\u0142u 4.0<\/li>\n\n\n\n<li style=\"font-size:15px\">cyfryzacja proces\u00f3w produkcyjnych i&nbsp;logistycznych,<\/li>\n\n\n\n<li style=\"font-size:15px\">organizacja proces\u00f3w zaopatrzenia i&nbsp;zakup\u00f3w we wsp\u00f3\u0142czesnych przedsi\u0119biorstwach,<\/li>\n\n\n\n<li style=\"font-size:15px\">organizacja system\u00f3w produkcyjnych i&nbsp;logistycznych,<\/li>\n\n\n\n<li style=\"font-size:15px\">symulacja i&nbsp;optymalizacj\u0105 proces\u00f3w logistycznych i&nbsp;produkcyjnych,<\/li>\n\n\n\n<li style=\"font-size:15px\">logistyka miejska oraz&nbsp;logistyka ostatniej mili,<\/li>\n\n\n\n<li style=\"font-size:15px\">zarz\u0105dzanie ryzykiem i&nbsp;konkurencyjno\u015bci\u0105 przedsi\u0119biorstw,<\/li>\n\n\n\n<li style=\"font-size:15px\">spo\u0142eczn\u0105 odpowiedzialno\u015bci biznesu,<\/li>\n\n\n\n<li style=\"font-size:15px\">zarz\u0105dzaniem zasobami ludzkimi,<\/li>\n\n\n\n<li style=\"font-size:15px\">wybrane zagadnienia ekonomiki przedsi\u0119biorstw.<\/li>\n<\/ul>\n\n\n\n<p class=\"has-text-align-left has-neve-link-color-color has-text-color has-link-color has-medium-font-size wp-elements-3a2a81d7979e8e3429a1186297ed78ef\" id=\"publikacje\"><strong>Publikacje<\/strong>:<\/p>\n\n\n\n<ul style=\"font-size:15px\" class=\"wp-block-list has-neve-link-color-color has-text-color has-link-color wp-elements-ea025d0b873a28c94182d9007adc64f3\">\n<li>Wybrane artyku\u0142y zostan\u0105 opublikowane przez:\n<ul class=\"wp-block-list\">\n<li><a href=\"https:\/\/www.springer.com\/series\/10152\">Springer w&nbsp;serii EcoProduction Environmental Issues in Logistics and Manufacturing (SCOPUS i&nbsp;Google Scholar)<\/a><\/li>\n\n\n\n<li><a href=\"https:\/\/www.logforum.net\/en\/about_the_journallu\">LogForum Scientific Journal of Logistic<\/a><\/li>\n\n\n\n<li><a href=\"https:\/\/zeszyty.fem.put.poznan.pl\/O-czasopismie,2395.html\">Zeszyty Naukowe Politechniki Pozna\u0144skiej seria Organizacja i&nbsp;Zarz\u0105dzanie<\/a><\/li>\n\n\n\n<li><a href=\"https:\/\/www.mdpi.com\/journal\/sustainability\/special_issues\/logistics_supply_chain_management_challenges_opportunities\" target=\"_blank\" rel=\"noreferrer noopener\">Sustainability | Special Issue&nbsp;: Logistics and Supply Chain Management Challenges and Opportunities in the COVID-19 World \u2013 Smart, Agile and Sustainable Trends, Methods and Practices<\/a><\/li>\n<\/ul>\n<\/li>\n\n\n\n<li>Wszystkie artyku\u0142y publikowane s\u0105 w&nbsp;j\u0119zyku angielskim.<\/li>\n\n\n\n<li>Koszt wydania artyku\u0142u nie jest wliczony do&nbsp;koszt\u00f3w udzia\u0142u w&nbsp;konferencji.<\/li>\n\n\n\n<li><a href=\"http:\/\/interlog.put.poznan.pl\/wp-content\/uploads\/2024\/04\/InterLog-Abstract-Template.docx\">Szablon abstraktu<\/a><\/li>\n<\/ul>\n\n\n\n<h2 class=\"wp-block-heading alignfull has-text-align-center has-nv-c-1-color has-text-color has-link-color has-x-large-font-size wp-elements-e05eb78b1ae7b376cd15e606c04fc56d\">Patronat honorowy<br><\/h2>\n\n\n\n<p class=\"has-neve-link-color-color has-text-color has-link-color has-medium-font-size wp-elements-d7ada266f857772cfd60b38349c39ba2\"><\/p>\n\n\n\n<ul style=\"font-size:15px\" class=\"wp-block-list has-neve-link-color-color has-text-color has-link-color wp-elements-2cd351364194b4a370690611b835f833\">\n<li>JM Rektor Politechniki Pozna\u0144skiej prof.&nbsp;dr hab. in\u017c. Teofil Jesionowski<\/li>\n\n\n\n<li>Dziekan Wydzia\u0142u In\u017cynierii Zarz\u0105dzania dr hab. Hanna W\u0142odarkiewicz-Klimek, prof.&nbsp;PP<\/li>\n\n\n\n<li>prof.&nbsp;dr hab. in\u017c. Marek Fertsch<\/li>\n<\/ul>\n\n\n\n<h2 class=\"wp-block-heading alignfull has-text-align-center has-nv-c-1-color has-text-color has-link-color has-x-large-font-size wp-elements-b765e1cd889d9d3e066343233d072a03\">Organizatorzy<br><\/h2>\n\n\n\n<a name=\"przewodniczacy\"><\/a>\n\n\n\n<p class=\"has-neve-link-color-color has-text-color has-link-color has-medium-font-size wp-elements-5c1788ff4f352881ea4cc6791fedd6e8\"><strong>Przewodnicz\u0105cy konferencji<\/strong><\/p>\n\n\n\n<ul style=\"font-size:15px\" class=\"wp-block-list has-neve-link-color-color has-text-color has-link-color wp-elements-ea2d91e016825d3ca35bfb21e1d37791\">\n<li>dr hab. in\u017c. \u0141ukasz Hada\u015b, prof.&nbsp;PP \u2013 przewodnicz\u0105cy, Dyrektor Instytutu Logistyki, Wydzia\u0142u In\u017cynierii Zarz\u0105dzania PP<\/li>\n\n\n\n<li>dr hab. in\u017c. Piotr Cyplik, prof.&nbsp;PP \u2013 wiceprzewodnicz\u0105cy, kierownik Zak\u0142adu Zarz\u0105dzania Produkcj\u0105 i&nbsp;Logistyki<\/li>\n<\/ul>\n\n\n\n<p class=\"has-neve-link-color-color has-text-color has-link-color has-medium-font-size wp-elements-e39783ca38ce40081c08d5c857b06d72\"><strong>Komitet naukowy INTERLOG<\/strong><\/p>\n\n\n\n<p style=\"font-size:15px\"><\/p>\n\n\n\n<ul style=\"font-size:15px\" class=\"wp-block-list has-neve-link-color-color has-text-color has-link-color wp-elements-e9729a7188dbbc647606ce7319bef5b7\">\n<li style=\"font-size:15px\">prof.&nbsp;dr hab. Piotr Banaszyk<\/li>\n\n\n\n<li style=\"font-size:15px\">prof.&nbsp;dr hab. J\u00f3zef Fr\u0105\u015b<\/li>\n\n\n\n<li style=\"font-size:15px\">prof.&nbsp;dr hab. Sabina Kauf<\/li>\n\n\n\n<li style=\"font-size:15px\">prof.&nbsp;dr hab. Maciej Urbaniak<\/li>\n\n\n\n<li style=\"font-size:15px\">prof.&nbsp;dr hab. Jaros\u0142aw Witkowski<\/li>\n\n\n\n<li style=\"font-size:15px\">dr hab. Wojciech Dro\u017cd\u017c, prof.&nbsp;US<\/li>\n\n\n\n<li style=\"font-size:15px\">dr hab. Paulina Goli\u0144ska, prof.&nbsp;PP<\/li>\n\n\n\n<li style=\"font-size:15px\">dr hab. Katarzyna Grzybowska, prof.&nbsp;PP<\/li>\n\n\n\n<li style=\"font-size:15px\">dr hab. Mariya Khmelyarchuk Prof.&nbsp;PP<\/li>\n\n\n\n<li style=\"font-size:15px\">dr hab. in\u017c. Maja Zofia Kiba-Janiak, prof.&nbsp;UEW<\/li>\n\n\n\n<li style=\"font-size:15px\">dr hab. in\u017c. Adam Koli\u0144ski<\/li>\n\n\n\n<li style=\"font-size:15px\">dr hab. in\u017c. Rafa\u0142 Matwiejczuk, prof.&nbsp;UO<\/li>\n\n\n\n<li style=\"font-size:15px\">dr hab. in\u017c. Przemys\u0142aw Niewiadomski, prof.&nbsp;UZ<\/li>\n\n\n\n<li style=\"font-size:15px\">dr hab. Dariusz Nowak, prof.&nbsp;UEP<\/li>\n\n\n\n<li style=\"font-size:15px\">dr hab. Marek Szczepa\u0144ski, prof.&nbsp;PP<\/li>\n\n\n\n<li style=\"font-size:15px\">dr hab. Pawe\u0142 Pawlewski, prof.&nbsp;PP<\/li>\n\n\n\n<li style=\"font-size:15px\">dr hab. in\u017c. Sebastian Saniuk, prof.&nbsp;UZ<\/li>\n\n\n\n<li style=\"font-size:15px\">dr hab. Agnieszka Stachowiak, prof.&nbsp;PP<\/li>\n\n\n\n<li style=\"font-size:15px\">dr hab. Maciej Stajniak, prof.&nbsp;WSL<\/li>\n\n\n\n<li style=\"font-size:15px\">dr hab. Agnieszka Tubis, prof.&nbsp;PWr<\/li>\n\n\n\n<li style=\"font-size:15px\">dr hab. Blanka Tundys, prof.&nbsp;US<\/li>\n\n\n\n<li style=\"font-size:15px\">dr hab. in\u017c. Wies\u0142aw Urban, prof.&nbsp;PB<\/li>\n\n\n\n<li style=\"font-size:15px\">dr hab. in\u017c Magdalena Wyrwicka, prof.&nbsp;PP<\/li>\n\n\n\n<li style=\"font-size:15px\">dr hab. in\u017c. Bo\u017cena Zwoli\u0144ska, prof.&nbsp;AGH<\/li>\n\n\n\n<li style=\"font-size:15px\">dr hab. Jacek \u017bak, prof.&nbsp;PP<\/li>\n<\/ul>\n\n\n\n<p class=\"has-neve-link-color-color has-text-color has-link-color has-medium-font-size wp-elements-adb53ad8e9d7782e3bc48644c99f7517\"><strong>Komitet organizacyjny<\/strong><\/p>\n\n\n\n<ul style=\"font-size:15px\" class=\"wp-block-list has-neve-link-color-color has-text-color has-link-color wp-elements-ae740301636368fe0c274835e4bc8f22\">\n<li>dr in\u017c. Karolina Werner \u2013 Lewandowska \u2013 przewodnicz\u0105ca<\/li>\n\n\n\n<li>dr Agnieszka Krugie\u0142ka \u2013 wiceprzewodnicz\u0105ca<\/li>\n\n\n\n<li>dr in\u017c. Natalia Pawlak \u2013 koordynator korespondencji<\/li>\n\n\n\n<li>dr hab. in\u017c. Beata Mrugalska, prof.&nbsp;PP<\/li>\n\n\n\n<li>dr Ewa Badzi\u0144ska<\/li>\n\n\n\n<li>dr Tomasz Brz\u0119czek<\/li>\n\n\n\n<li>dr in\u017c. Roman Doma\u0144ski<\/li>\n\n\n\n<li>dr in\u017c. Micha\u0142 Fertsch<\/li>\n\n\n\n<li>dr Ma\u0142gorzata Gajowiak<\/li>\n\n\n\n<li>dr in\u017c. Agnieszka Grzelczak<\/li>\n\n\n\n<li>dr in\u017c. Patrycja Hoffa-D\u0105browska<\/li>\n\n\n\n<li>dr Krzysztof Ko\u0142odziejczyk<\/li>\n\n\n\n<li>dr in\u017c. Miros\u0142aw Kruszy\u0144ski<\/li>\n\n\n\n<li>dr in\u017c. Izabela Kudelska<\/li>\n\n\n\n<li>dr in\u017c. Jacek Lewandowicz<\/li>\n\n\n\n<li>dr in\u017c. And\u017celika Libertowska<\/li>\n\n\n\n<li>dr in\u017c. Piotr Lubi\u0144ski<\/li>\n\n\n\n<li>dr in\u017c. Joanna Ole\u015bk\u00f3w-Sz\u0142apka<\/li>\n\n\n\n<li>dr in\u017c. Irena Paw\u0142yszyn<\/li>\n\n\n\n<li>dr Maciej Szczepankiewicz<\/li>\n\n\n\n<li>mgr in\u017c. Wiktoria Kanciak<\/li>\n\n\n\n<li>mgr in\u017c. Dominika D\u0142ugo\u0144ska<\/li>\n\n\n\n<li>mgr in\u017c. Zuzanna Sikorska<\/li>\n\n\n\n<li>mgr in\u017c. Hubert Wojciechowski<\/li>\n<\/ul>\n\n\n\n<p>Program InterLOG2024:<\/p>\n\n\n\n<div data-wp-interactive=\"core\/file\" class=\"wp-block-file\"><object data-wp-bind--hidden=\"!state.hasPdfPreview\" hidden class=\"wp-block-file__embed\" data=\"https:\/\/interlog.put.poznan.pl\/wp-content\/uploads\/2025\/04\/interLOG-2024_program.pdf\" type=\"application\/pdf\" style=\"width:100%;height:600px\" aria-label=\"Osadzone z&nbsp;Program InterLOG2024.\"><\/object><a id=\"wp-block-file--media-c8ab5579-381d-44d2-bd6a-658320fad5e7\" href=\"https:\/\/interlog.put.poznan.pl\/wp-content\/uploads\/2025\/04\/interLOG-2024_program.pdf\">Program InterLOG2024<\/a><a href=\"https:\/\/interlog.put.poznan.pl\/wp-content\/uploads\/2025\/04\/interLOG-2024_program.pdf\" class=\"wp-block-file__button wp-element-button\" download aria-describedby=\"wp-block-file--media-c8ab5579-381d-44d2-bd6a-658320fad5e7\">Pobierz<\/a><\/div>\n\n\n\n<p><\/p>\n","protected":false},"excerpt":{"rendered":"<p>2-3 lipca 2024 Zakres tematyczny konferencji: Publikacje: Patronat honorowy Organizatorzy Przewodnicz\u0105cy konferencji Komitet naukowy INTERLOG Komitet organizacyjny Program InterLOG2024:<\/p>\n","protected":false},"author":2,"featured_media":0,"parent":0,"menu_order":0,"comment_status":"closed","ping_status":"closed","template":"","meta":{"_themeisle_gutenberg_block_has_review":false,"footnotes":""},"class_list":["post-1258","page","type-page","status-publish","hentry"],"_links":{"self":[{"href":"https:\/\/interlog.put.poznan.pl\/index.php?rest_route=\/wp\/v2\/pages\/1258","targetHints":{"allow":["GET"]}}],"collection":[{"href":"https:\/\/interlog.put.poznan.pl\/index.php?rest_route=\/wp\/v2\/pages"}],"about":[{"href":"https:\/\/interlog.put.poznan.pl\/index.php?rest_route=\/wp\/v2\/types\/page"}],"author":[{"embeddable":true,"href":"https:\/\/interlog.put.poznan.pl\/index.php?rest_route=\/wp\/v2\/users\/2"}],"replies":[{"embeddable":true,"href":"https:\/\/interlog.put.poznan.pl\/index.php?rest_route=%2Fwp%2Fv2%2Fcomments&post=1258"}],"version-history":[{"count":4,"href":"https:\/\/interlog.put.poznan.pl\/index.php?rest_route=\/wp\/v2\/pages\/1258\/revisions"}],"predecessor-version":[{"id":1305,"href":"https:\/\/interlog.put.poznan.pl\/index.php?rest_route=\/wp\/v2\/pages\/1258\/revisions\/1305"}],"wp:attachment":[{"href":"https:\/\/interlog.put.poznan.pl\/index.php?rest_route=%2Fwp%2Fv2%2Fmedia&parent=1258"}],"curies":[{"name":"wp","href":"https:\/\/api.w.org\/{rel}","templated":true}]}}