
{"id":1262,"date":"2025-04-29T12:49:39","date_gmt":"2025-04-29T11:49:39","guid":{"rendered":"https:\/\/interlog.put.poznan.pl\/?page_id=1262"},"modified":"2025-04-29T13:12:16","modified_gmt":"2025-04-29T12:12:16","slug":"15c42-web-agency-gb-contact-us-2","status":"publish","type":"page","link":"https:\/\/interlog.put.poznan.pl\/?page_id=1262&lang=en","title":{"rendered":"Contact"},"content":{"rendered":"\n<div class=\"wp-block-cover alignfull is-light\" style=\"padding-top:0;padding-bottom:0;min-height:549px;aspect-ratio:unset;\"><span aria-hidden=\"true\" class=\"wp-block-cover__background has-background-dim-0 has-background-dim\"><\/span><img loading=\"lazy\" decoding=\"async\" width=\"1366\" height=\"768\" class=\"wp-block-cover__image-background wp-image-835\" alt=\"\" src=\"https:\/\/interlog.put.poznan.pl\/wp-content\/uploads\/2024\/03\/test-5.png\" data-object-fit=\"cover\" srcset=\"https:\/\/interlog.put.poznan.pl\/wp-content\/uploads\/2024\/03\/test-5.png 1366w, https:\/\/interlog.put.poznan.pl\/wp-content\/uploads\/2024\/03\/test-5-300x169.png 300w, https:\/\/interlog.put.poznan.pl\/wp-content\/uploads\/2024\/03\/test-5-1024x576.png 1024w, https:\/\/interlog.put.poznan.pl\/wp-content\/uploads\/2024\/03\/test-5-768x432.png 768w\" sizes=\"auto, (max-width: 1366px) 100vw, 1366px\" \/><div class=\"wp-block-cover__inner-container is-layout-flow wp-block-cover-is-layout-flow\">\n<h3 class=\"wp-block-heading alignwide has-text-align-center has-nv-site-bg-color has-text-color\" style=\"padding-top:150px;padding-right:0;padding-bottom:0px;padding-left:0;font-size:33px\">INTERDYSCYPLINARNA KONFERENCJA NAUKOWA<br>LOGISTYKA &#8211; PRODUKCJA &#8211; EKONOMIA<\/h3>\n\n\n\n<div style=\"height:0px\" aria-hidden=\"true\" class=\"wp-block-spacer\"><\/div>\n\n\n\n<h1 class=\"wp-block-heading alignwide has-text-align-center has-nv-site-bg-color has-text-color\" style=\"font-size:27px\">18<strong>-19 wrze\u015bnia 2025<\/strong><\/h1>\n\n\n\n<div style=\"height:80px\" aria-hidden=\"true\" class=\"wp-block-spacer\"><\/div>\n\n\n\n<div style=\"height:80px\" aria-hidden=\"true\" class=\"wp-block-spacer\"><\/div>\n<\/div><\/div>\n\n\n\n<div class=\"wp-block-cover alignfull\" style=\"min-height:420px;aspect-ratio:unset;\"><span aria-hidden=\"true\" class=\"wp-block-cover__background has-nv-light-bg-background-color has-background-dim-100 has-background-dim\"><\/span><div class=\"wp-block-cover__inner-container is-layout-flow wp-block-cover-is-layout-flow\">\n<div style=\"height:80px\" aria-hidden=\"true\" class=\"wp-block-spacer\"><\/div>\n\n\n\n<h2 class=\"wp-block-heading has-text-align-center has-neve-link-color-color has-text-color has-link-color has-x-large-font-size wp-elements-3ea721982eb1bfbbdd3bf5c9ae34aeee\">Kontakt<\/h2>\n\n\n\n<div class=\"wp-block-columns is-layout-flex wp-container-core-columns-is-layout-1 wp-block-columns-is-layout-flex\">\n<div class=\"wp-block-column ticss-4ce656f1 is-layout-flow wp-block-column-is-layout-flow\">\n<div class=\"wp-block-group has-nv-site-bg-background-color has-background\"><div class=\"wp-block-group__inner-container is-layout-flow wp-block-group-is-layout-flow\">\n<div style=\"height:24px\" aria-hidden=\"true\" class=\"wp-block-spacer\"><\/div>\n\n\n<div class=\"wp-block-image icon-style is-style-default\">\n<figure class=\"aligncenter size-full is-resized\"><a href=\"https:\/\/www.facebook.com\/profile.php?id=61560459984346\"><img loading=\"lazy\" decoding=\"async\" width=\"512\" height=\"512\" src=\"http:\/\/interlog.put.poznan.pl\/wp-content\/uploads\/2024\/02\/FBFinal.png\" alt=\"\" class=\"wp-image-738\" style=\"object-fit:cover;width:65px;height:65px\" srcset=\"https:\/\/interlog.put.poznan.pl\/wp-content\/uploads\/2024\/02\/FBFinal.png 512w, https:\/\/interlog.put.poznan.pl\/wp-content\/uploads\/2024\/02\/FBFinal-300x300.png 300w, https:\/\/interlog.put.poznan.pl\/wp-content\/uploads\/2024\/02\/FBFinal-150x150.png 150w\" sizes=\"auto, (max-width: 512px) 100vw, 512px\" \/><\/a><\/figure><\/div>\n\n\n<div style=\"height:24px\" aria-hidden=\"true\" class=\"wp-block-spacer\"><\/div>\n\n\n\n<h3 class=\"wp-block-heading has-text-align-center has-neve-link-color-color has-text-color\">Facebook<\/h3>\n\n\n\n<p class=\"has-text-align-center has-neve-link-color-color has-text-color\" style=\"font-size:15px\">&nbsp;<br><a href=\"https:\/\/www.facebook.com\/profile.php?id=61573805973210\">facebook.com<\/a><\/p>\n\n\n\n<p class=\"has-text-align-center has-neve-link-color-color has-text-color\" style=\"font-size:15px\"><a href=\"https:\/\/www.facebook.com\/profile.php?id=61573805973210\"><br><\/a>&nbsp;&nbsp;<\/p>\n\n\n\n<div style=\"height:24px\" aria-hidden=\"true\" class=\"wp-block-spacer\"><\/div>\n<\/div><\/div>\n<\/div>\n\n\n\n<div class=\"wp-block-column ticss-4ce656f1 is-layout-flow wp-block-column-is-layout-flow\">\n<div class=\"wp-block-group has-nv-site-bg-background-color has-background\"><div class=\"wp-block-group__inner-container is-layout-flow wp-block-group-is-layout-flow\">\n<div style=\"height:24px\" aria-hidden=\"true\" class=\"wp-block-spacer\"><\/div>\n\n\n<div class=\"wp-block-image icon-style is-style-default\">\n<figure class=\"aligncenter size-full is-resized\"><a href=\"https:\/\/www.linkedin.com\/company\/interlog-interdyscyplinarna-konferencja-naukowa\/?viewAsMember=true\"><img loading=\"lazy\" decoding=\"async\" width=\"466\" height=\"466\" src=\"https:\/\/interlog.put.poznan.pl\/wp-content\/uploads\/2025\/04\/in_1-1.png\" alt=\"\" class=\"wp-image-1229\" style=\"object-fit:cover;width:65px;height:65px\" srcset=\"https:\/\/interlog.put.poznan.pl\/wp-content\/uploads\/2025\/04\/in_1-1.png 466w, https:\/\/interlog.put.poznan.pl\/wp-content\/uploads\/2025\/04\/in_1-1-300x300.png 300w, https:\/\/interlog.put.poznan.pl\/wp-content\/uploads\/2025\/04\/in_1-1-150x150.png 150w\" sizes=\"auto, (max-width: 466px) 100vw, 466px\" \/><\/a><\/figure><\/div>\n\n\n<div style=\"height:24px\" aria-hidden=\"true\" class=\"wp-block-spacer\"><\/div>\n\n\n\n<h3 class=\"wp-block-heading has-text-align-center has-neve-link-color-color has-text-color\">LinkedIn<\/h3>\n\n\n\n<p class=\"has-text-align-center has-neve-link-color-color has-text-color\" style=\"font-size:15px\">&nbsp;<br><a href=\"https:\/\/www.linkedin.com\/company\/interlog-interdyscyplinarna-konferencja-naukowa\/?viewAsMember=true\">linkedin.com<\/a><\/p>\n\n\n\n<p class=\"has-text-align-center has-neve-link-color-color has-text-color\" style=\"font-size:15px\">&nbsp;&nbsp;&nbsp;<br>&nbsp;<\/p>\n\n\n\n<div style=\"height:24px\" aria-hidden=\"true\" class=\"wp-block-spacer\"><\/div>\n<\/div><\/div>\n<\/div>\n\n\n\n<div class=\"wp-block-column ticss-f6fc7494 is-layout-flow wp-block-column-is-layout-flow\">\n<div class=\"wp-block-group has-nv-site-bg-background-color has-background\"><div class=\"wp-block-group__inner-container is-layout-flow wp-block-group-is-layout-flow\">\n<div style=\"height:24px\" aria-hidden=\"true\" class=\"wp-block-spacer\"><\/div>\n\n\n<div class=\"wp-block-image icon-style is-style-default\">\n<figure class=\"aligncenter size-large is-resized\"><img loading=\"lazy\" decoding=\"async\" width=\"1024\" height=\"838\" src=\"http:\/\/interlog.put.poznan.pl\/wp-content\/uploads\/2024\/02\/mailnavyFinal-1024x838.png\" alt=\"\" class=\"wp-image-737\" style=\"width:79px;height:auto\" srcset=\"https:\/\/interlog.put.poznan.pl\/wp-content\/uploads\/2024\/02\/mailnavyFinal-1024x838.png 1024w, https:\/\/interlog.put.poznan.pl\/wp-content\/uploads\/2024\/02\/mailnavyFinal-300x245.png 300w, https:\/\/interlog.put.poznan.pl\/wp-content\/uploads\/2024\/02\/mailnavyFinal-768x628.png 768w, https:\/\/interlog.put.poznan.pl\/wp-content\/uploads\/2024\/02\/mailnavyFinal-1536x1256.png 1536w, https:\/\/interlog.put.poznan.pl\/wp-content\/uploads\/2024\/02\/mailnavyFinal.png 2048w\" sizes=\"auto, (max-width: 1024px) 100vw, 1024px\" \/><\/figure><\/div>\n\n\n<div style=\"height:24px\" aria-hidden=\"true\" class=\"wp-block-spacer\"><\/div>\n\n\n\n<h3 class=\"wp-block-heading has-text-align-center has-neve-link-color-color has-text-color\">E-mail<\/h3>\n\n\n\n<p class=\"has-text-align-center has-neve-link-color-color has-text-color\" style=\"font-size:15px\">dr in\u017c. Natalia Pawlak<br>interlog@put.poznan.pl&nbsp;<\/p>\n\n\n\n<p class=\"has-text-align-center has-neve-link-color-color has-text-color\" style=\"font-size:15px\"><br>&nbsp;&nbsp;&nbsp;<\/p>\n\n\n\n<div style=\"height:24px\" aria-hidden=\"true\" class=\"wp-block-spacer\"><\/div>\n<\/div><\/div>\n<\/div>\n\n\n\n<div class=\"wp-block-column ticss-a5b4df29 is-layout-flow wp-block-column-is-layout-flow\">\n<div class=\"wp-block-group has-nv-site-bg-background-color has-background\"><div class=\"wp-block-group__inner-container is-layout-flow wp-block-group-is-layout-flow\">\n<div style=\"height:24px\" aria-hidden=\"true\" class=\"wp-block-spacer\"><\/div>\n\n\n<div class=\"wp-block-image icon-style is-style-default\">\n<figure class=\"aligncenter size-full is-resized\"><img loading=\"lazy\" decoding=\"async\" width=\"209\" height=\"199\" src=\"http:\/\/interlog.put.poznan.pl\/wp-content\/uploads\/2024\/02\/mapnavyFinal.png\" alt=\"\" class=\"wp-image-736\" style=\"width:auto;height:65px\"\/><\/figure><\/div>\n\n\n<div style=\"height:24px\" aria-hidden=\"true\" class=\"wp-block-spacer\"><\/div>\n\n\n\n<h3 class=\"wp-block-heading has-text-align-center has-neve-link-color-color has-text-color\">Adres<\/h3>\n\n\n\n<p class=\"has-text-align-center has-neve-link-color-color has-text-color\" style=\"font-size:15px\"><a href=\"https:\/\/www.fem.put.poznan.pl\/telefon-adres\">Budynek WAWIZ (A30)<br><\/a>Politechnika Pozna\u0144ska<br><a href=\"https:\/\/www.fem.put.poznan.pl\">Wydzia\u0142 In\u017cynierii Zarz\u0105dzania<br><\/a>Jacka Rychlewskiego 2, 60-965 Pozna\u0144<\/p>\n\n\n\n<div style=\"height:24px\" aria-hidden=\"true\" class=\"wp-block-spacer\"><\/div>\n<\/div><\/div>\n<\/div>\n<\/div>\n\n\n\n<div style=\"height:30px\" aria-hidden=\"true\" class=\"wp-block-spacer\"><\/div>\n<\/div><\/div>\n","protected":false},"excerpt":{"rendered":"","protected":false},"author":1,"featured_media":0,"parent":0,"menu_order":0,"comment_status":"closed","ping_status":"closed","template":"","meta":{"_themeisle_gutenberg_block_has_review":false,"footnotes":""},"class_list":["post-1262","page","type-page","status-publish","hentry"],"_links":{"self":[{"href":"https:\/\/interlog.put.poznan.pl\/index.php?rest_route=\/wp\/v2\/pages\/1262","targetHints":{"allow":["GET"]}}],"collection":[{"href":"https:\/\/interlog.put.poznan.pl\/index.php?rest_route=\/wp\/v2\/pages"}],"about":[{"href":"https:\/\/interlog.put.poznan.pl\/index.php?rest_route=\/wp\/v2\/types\/page"}],"author":[{"embeddable":true,"href":"https:\/\/interlog.put.poznan.pl\/index.php?rest_route=\/wp\/v2\/users\/1"}],"replies":[{"embeddable":true,"href":"https:\/\/interlog.put.poznan.pl\/index.php?rest_route=%2Fwp%2Fv2%2Fcomments&post=1262"}],"version-history":[{"count":3,"href":"https:\/\/interlog.put.poznan.pl\/index.php?rest_route=\/wp\/v2\/pages\/1262\/revisions"}],"predecessor-version":[{"id":1306,"href":"https:\/\/interlog.put.poznan.pl\/index.php?rest_route=\/wp\/v2\/pages\/1262\/revisions\/1306"}],"wp:attachment":[{"href":"https:\/\/interlog.put.poznan.pl\/index.php?rest_route=%2Fwp%2Fv2%2Fmedia&parent=1262"}],"curies":[{"name":"wp","href":"https:\/\/api.w.org\/{rel}","templated":true}]}}