
{"id":1265,"date":"2025-04-29T12:53:13","date_gmt":"2025-04-29T11:53:13","guid":{"rendered":"https:\/\/interlog.put.poznan.pl\/?page_id=1265"},"modified":"2025-04-29T13:13:38","modified_gmt":"2025-04-29T12:13:38","slug":"sample-page-2","status":"publish","type":"page","link":"https:\/\/interlog.put.poznan.pl\/?page_id=1265&lang=en","title":{"rendered":"About conference"},"content":{"rendered":"\n<div class=\"wp-block-cover alignfull is-light\" style=\"padding-top:0;padding-bottom:0;min-height:549px;aspect-ratio:unset;\"><span aria-hidden=\"true\" class=\"wp-block-cover__background has-background-dim-0 has-background-dim\"><\/span><img loading=\"lazy\" decoding=\"async\" width=\"1366\" height=\"768\" class=\"wp-block-cover__image-background wp-image-835\" alt=\"\" src=\"https:\/\/interlog.put.poznan.pl\/wp-content\/uploads\/2024\/03\/test-5.png\" data-object-fit=\"cover\" srcset=\"https:\/\/interlog.put.poznan.pl\/wp-content\/uploads\/2024\/03\/test-5.png 1366w, https:\/\/interlog.put.poznan.pl\/wp-content\/uploads\/2024\/03\/test-5-300x169.png 300w, https:\/\/interlog.put.poznan.pl\/wp-content\/uploads\/2024\/03\/test-5-1024x576.png 1024w, https:\/\/interlog.put.poznan.pl\/wp-content\/uploads\/2024\/03\/test-5-768x432.png 768w\" sizes=\"auto, (max-width: 1366px) 100vw, 1366px\" \/><div class=\"wp-block-cover__inner-container is-layout-flow wp-block-cover-is-layout-flow\">\n<h3 class=\"wp-block-heading alignwide has-text-align-center has-nv-site-bg-color has-text-color\" style=\"padding-top:150px;padding-right:0;padding-bottom:0px;padding-left:0;font-size:33px\">INTERDYSCYPLINARNA KONFERENCJA NAUKOWA<br>LOGISTYKA &#8211; PRODUKCJA &#8211; EKONOMIA<\/h3>\n\n\n\n<div style=\"height:0px\" aria-hidden=\"true\" class=\"wp-block-spacer\"><\/div>\n\n\n\n<h1 class=\"wp-block-heading alignwide has-text-align-center has-nv-site-bg-color has-text-color\" style=\"font-size:27px\"><strong>18-19 wrze\u015bnia 2025<\/strong><\/h1>\n\n\n\n<div style=\"height:80px\" aria-hidden=\"true\" class=\"wp-block-spacer\"><\/div>\n\n\n\n<div style=\"height:80px\" aria-hidden=\"true\" class=\"wp-block-spacer\"><\/div>\n<\/div><\/div>\n\n\n\n<a name=\"tematy\"><\/a>\n\n\n\n<div class=\"wp-block-cover alignfull has-border-color\" style=\"border-color:var(--nv-light-bg);border-width:25px;border-radius:0px;min-height:600px;aspect-ratio:unset;\"><span aria-hidden=\"true\" class=\"wp-block-cover__background has-nv-light-bg-background-color has-background-dim-100 has-background-dim\"><\/span><div class=\"wp-block-cover__inner-container is-layout-flow wp-block-cover-is-layout-flow\">\n<p class=\"has-text-align-left has-neve-link-color-color has-text-color has-link-color has-medium-font-size wp-elements-c97fc4ecccf6939ff16a1c2dabb0a5fd\"><br><strong>Zakres tematyczny konferencji:<\/strong> <strong>GOSPODARKA 5.0 &#8211; LOGISTYKA, PRODUKCJA, EKONOMIA<\/strong><\/p>\n\n\n\n<p class=\"has-text-align-left has-neve-link-color-color has-text-color has-link-color has-medium-font-size wp-elements-ff44921ca54e3d79e6a5088c43225f90\"><strong>I&nbsp;obszar tematyczny: LOGISTYKA<\/strong><br><strong>Logistyka 5.0 \u2013 jeszcze trend czy&nbsp;ju\u017c rzeczywisto\u015b\u0107?<\/strong><\/p>\n\n\n\n<ul class=\"wp-block-list has-neve-link-color-color has-text-color has-link-color wp-elements-fc38b6e7376886adfc8f974a1adb3928\">\n<li style=\"font-size:15px\">Modele wdra\u017cania rozwi\u0105za\u0144 Logistyki 5.0<\/li>\n\n\n\n<li style=\"font-size:15px\">Efektywno\u015b\u0107 system\u00f3w logistycznych<\/li>\n\n\n\n<li style=\"font-size:15px\">Zaawansowane technologie w&nbsp;logistyce (AI, IoT, Big Data)<\/li>\n\n\n\n<li style=\"font-size:15px\">Zr\u00f3wnowa\u017cony rozw\u00f3j i&nbsp;odporno\u015b\u0107 system\u00f3w logistycznych<\/li>\n\n\n\n<li style=\"font-size:15px\">CPSS (Cyber-Physical-Social Systems) w&nbsp;logistyce<\/li>\n\n\n\n<li style=\"font-size:15px\">PLS: Parallel Logistics System<\/li>\n\n\n\n<li style=\"font-size:15px\">Human-Oriented Operating Systems (HOOS) w&nbsp;logistyce<\/li>\n\n\n\n<li style=\"font-size:15px\">Zarz\u0105dzanie \u0142a\u0144cuchami dostaw w&nbsp;dobie cyfryzacji oraz&nbsp;gospodarki obiegu zamkni\u0119tego<\/li>\n\n\n\n<li style=\"font-size:15px\">Zarz\u0105dzanie procesami i&nbsp;projektami w&nbsp;logistyce i&nbsp;produkcji<\/li>\n\n\n\n<li style=\"font-size:15px\">Smart Logistics Systems<\/li>\n\n\n\n<li style=\"font-size:15px\">Zielona Logistyka<\/li>\n\n\n\n<li style=\"font-size:15px\">Logistyka miejska<\/li>\n<\/ul>\n\n\n\n<p class=\"has-text-align-left has-neve-link-color-color has-text-color has-link-color has-medium-font-size wp-elements-a90971b580539b81dfd6cebed85b294f\"><br><strong>II&nbsp;obszar tematyczny: PRODUKCJA<\/strong><br><strong>Industry 5.0 \u2013 czy&nbsp;przemys\u0142 jest gotowy na&nbsp;kolejn\u0105 rewolucj\u0119?<\/strong><\/p>\n\n\n\n<ul class=\"wp-block-list has-neve-link-color-color has-text-color has-link-color wp-elements-29a7c309ee5897532754dea246006da6\">\n<li style=\"font-size:15px\">Systemy produkcyjne w&nbsp;modelach GOZ (Gospodarki obiegu zamkni\u0119tego)<\/li>\n\n\n\n<li style=\"font-size:15px\">CPSS (Cyber-Physical-Social Systems) w&nbsp;produkcji<\/li>\n\n\n\n<li style=\"font-size:15px\">Zaawansowane technologie w&nbsp;zarz\u0105dzaniu produkcj\u0105 (AI, IoT, Big data)<\/li>\n\n\n\n<li style=\"font-size:15px\">Smart Factory\/Smart Production system<\/li>\n\n\n\n<li style=\"font-size:15px\">Human-Oriented-Operating System (HOOS) w&nbsp;produkcji<\/li>\n\n\n\n<li style=\"font-size:15px\">Efektywno\u015b\u0107 system\u00f3w produkcyjnych<\/li>\n\n\n\n<li style=\"font-size:15px\">PPS: Parallel Production System<\/li>\n\n\n\n<li style=\"font-size:15px\">Modele wdra\u017cania rozwi\u0105za\u0144 przemys\u0142u 5.0<\/li>\n\n\n\n<li style=\"font-size:15px\">Zr\u00f3wnowa\u017cony rozw\u00f3j i&nbsp;odporno\u015b\u0107 system\u00f3w produkcyjnych<\/li>\n\n\n\n<li style=\"font-size:15px\">Symulacja proces\u00f3w produkcyjno-logistycznych<\/li>\n<\/ul>\n\n\n\n<p class=\"has-text-align-left has-neve-link-color-color has-text-color has-link-color has-medium-font-size wp-elements-913ac80f5b0816eb205917c48b6a8c04\"><br><strong>III&nbsp;obszar tematyczny: EKONOMIA<\/strong><br><strong>Ekonomia <strong>\u2013<\/strong> jak rewolucja technologiczna wp\u0142ywa na&nbsp;ekonomik\u0119 przedsi\u0119biorstw?<\/strong><\/p>\n\n\n\n<ul class=\"wp-block-list has-neve-link-color-color has-text-color has-link-color wp-elements-9763a6592ff3443d62c0acc84496fbbd\">\n<li style=\"font-size:15px\">Wp\u0142yw technologii Industry 5.0\/Logistyki 5.0 na&nbsp;ekonomik\u0119 system\u00f3w produkcyjnych\/logistycznych<\/li>\n\n\n\n<li style=\"font-size:15px\">Efektywno\u015b\u0107 kosztowa system\u00f3w produkcyjnych\/logistycznych w&nbsp;dobie Industry 5.0\/Logistyki 5.0<\/li>\n\n\n\n<li style=\"font-size:15px\">Programy wsparcia rozwoju technologii i&nbsp;praktyk Industry 5.0\/Logistyki 5.0<\/li>\n\n\n\n<li style=\"font-size:15px\">Wyzwania wsp\u00f3\u0142czesnego rachunk\u00f3w koszt\u00f3w<\/li>\n\n\n\n<li style=\"font-size:15px\">Zielona ekonomia<\/li>\n\n\n\n<li style=\"font-size:15px\">Zarz\u0105dzanie zakupami i&nbsp;zaopatrzeniem&nbsp;<\/li>\n\n\n\n<li style=\"font-size:15px\">Raportowanie koszt\u00f3w i&nbsp;wska\u017anik\u00f3w niefinansowych w&nbsp;zakresie zr\u00f3wnowa\u017conego rozwoju<\/li>\n\n\n\n<li style=\"font-size:15px\">Ekonomiczne aspekty GOZ (Gospodarki obiegu zamkni\u0119tego)<\/li>\n\n\n\n<li style=\"font-size:15px\">Systemy zabezpiecze\u0144 finansowych spo\u0142ecze\u0144stwa<\/li>\n\n\n\n<li style=\"font-size:15px\">Zarz\u0105dzanie zasobami ludzkimi i&nbsp;spo\u0142eczn\u0105 odpowiedzialno\u015bci biznesu<\/li>\n<\/ul>\n\n\n\n<p class=\"has-text-align-left has-neve-link-color-color has-text-color has-link-color has-medium-font-size wp-elements-04740bdeb87a037ed9b7f7680e12f3e6\"><strong>Sesja specjalna<\/strong>: <strong>Umiej\u0119tno\u015bci analityki biznesowej w&nbsp;\u0142a\u0144cuchach dostaw<\/strong><br><strong>Sesja specjalna w&nbsp;ramach projektu BAS4SC &#8211; Business Analytics Skills for the Future &#8211; proofs Supply Chains<\/strong><\/p>\n\n\n\n<p class=\"has-neve-link-color-color has-text-color has-link-color wp-elements-b4e1bbbfeb8a3159f73bba76916a4897\">Analityka biznesowa (BA) to wykorzystanie wiedzy (metod statystycznych, modeli matematycznych i&nbsp;obliczeniowych itp.) i&nbsp;technologii informatycznych do&nbsp;przekszta\u0142cenia i&nbsp;analizy du\u017cych, z\u0142o\u017conych i&nbsp;cz\u0119sto nieuporz\u0105dkowanych zbior\u00f3w danych w&nbsp;u\u017cyteczne informacje. Na&nbsp;podstawie zgromadzonych danych zidentyfikowane s\u0105 wzorce, odkrywane zale\u017cno\u015bci lub&nbsp;przewidywane przysz\u0142e trendy, co pozwala podejmowa\u0107 bardziej \u015bwiadome i&nbsp;trafne decyzje zarz\u0105dcze. Wraz z&nbsp;rosn\u0105cym uzale\u017cnieniem od technologii i&nbsp;zalewem danych cyfrowych pojawi\u0142o si\u0119 znaczne zapotrzebowanie na&nbsp;pracownik\u00f3w, kt\u00f3rzy mog\u0105 wykorzysta\u0107 swoje umiej\u0119tno\u015bci cyfrowe i&nbsp;analityczne w&nbsp;obszarze logistyki i&nbsp;\u0142a\u0144cuch\u00f3w dostaw. Pojawia si\u0119 jednak&nbsp;kluczowe pytanie: jak skutecznie uczy\u0107 i&nbsp;kszta\u0142towa\u0107 kompetencje cyfrowe i&nbsp;analityczne ludzi?<\/p>\n\n\n\n<p class=\"has-neve-link-color-color has-text-color has-link-color wp-elements-83905520bd5228ce050b25dd19add6cb\">Rozw\u00f3j takich umiej\u0119tno\u015bci wymaga po\u0142\u0105czenia teoretycznego nauczania z&nbsp;praktycznym do\u015bwiadczeniem, oraz&nbsp;wykorzystaniem innowacyjnych metod dydaktycznych, symulacji komputerowych lub&nbsp;narz\u0119dzi analitycznych. Istotna staje si\u0119 r\u00f3wnie\u017c metodologia nauczania, kt\u00f3ra integruje podej\u015bcie teoretyczne z&nbsp;praktycznym do\u015bwiadczeniem.&nbsp;<\/p>\n\n\n\n<p class=\"has-neve-link-color-color has-text-color has-link-color wp-elements-e4d3f8229387d890420acb012735a9e7\">Tematy obejmuj\u0105, ale&nbsp;nie ograniczaj\u0105 si\u0119 do:<\/p>\n\n\n\n<ul class=\"wp-block-list has-neve-link-color-color has-text-color has-link-color wp-elements-cf77363df6e5f0871494f064fc2ef0ab\">\n<li style=\"font-size:15px\">Wp\u0142yw technologii Industry 5.0\/Logistyki 5.0 na&nbsp;ekonomik\u0119 system\u00f3w produkcyjnych\/logistycznych<\/li>\n\n\n\n<li style=\"font-size:15px\">Umiej\u0119tno\u015bci z&nbsp;zakresu analityki biznesowej<\/li>\n\n\n\n<li style=\"font-size:15px\">Nowe metodologie aktywnego uczenia si\u0119<\/li>\n\n\n\n<li style=\"font-size:15px\">Teoretyczne nauczanie i&nbsp;praktyczne do\u015bwiadczenia<\/li>\n\n\n\n<li style=\"font-size:15px\">Metody dydaktyczne<\/li>\n\n\n\n<li style=\"font-size:15px\">Metodologia nauczania<\/li>\n\n\n\n<li style=\"font-size:15px\">Systematyczne badania na&nbsp;temat umiej\u0119tno\u015bci z&nbsp;zakresu analityki biznesowej<\/li>\n\n\n\n<li style=\"font-size:15px\">Studium przypadku<\/li>\n\n\n\n<li style=\"font-size:15px\">Profesjonalizacja<\/li>\n\n\n\n<li style=\"font-size:15px\">Technologie cyfrowe do&nbsp;przekszta\u0142cenia i&nbsp;analizy zbior\u00f3w danych<\/li>\n\n\n\n<li style=\"font-size:15px\">Zaawansowane oprogramowanie analityczne<\/li>\n\n\n\n<li style=\"font-size:15px\">Algorytmy analityczne<\/li>\n\n\n\n<li style=\"font-size:15px\">Technologie przetwarzania w&nbsp;czasie rzeczywistym<\/li>\n\n\n\n<li style=\"font-size:15px\">Systemy Business Intelligence (BI)<\/li>\n\n\n\n<li style=\"font-size:15px\">Raportowanie biznesowe<\/li>\n\n\n\n<li style=\"font-size:15px\">Zarz\u0105dzanie danymi<\/li>\n<\/ul>\n\n\n\n<a name=\"oplaty\"><\/a>\n\n\n\n<p class=\"has-text-align-left has-neve-link-color-color has-text-color has-link-color has-medium-font-size wp-elements-674cac6b4255c99320f57528bb02177e\"><strong>Op\u0142ata konferencyjna<\/strong>:<\/p>\n\n\n\n<ul class=\"wp-block-list has-neve-link-color-color has-text-color has-link-color wp-elements-9a87c02dbdd50113760e772c7df6e0fc\">\n<li style=\"font-size:15px\">Wariant 1 &#8211; informacja wkr\u00f3tce<br>Op\u0142ata zawiera udzia\u0142 w&nbsp;obradach i&nbsp;wszystkich dzia\u0142aniach towarzysz\u0105cych oraz&nbsp;wy\u017cywienie w&nbsp;trakcie konferencji.<\/li>\n\n\n\n<li style=\"font-size:15px\">Wariant 2 &#8211; informacja wkr\u00f3tce<br>Op\u0142ata zawiera udzia\u0142 w&nbsp;obradach i&nbsp;wszystkich dzia\u0142aniach towarzysz\u0105cych, wy\u017cywienie w&nbsp;trakcie konferencji oraz&nbsp;udzia\u0142 w&nbsp;uroczystej kolacji.<\/li>\n<\/ul>\n\n\n\n<p class=\"has-text-align-left has-neve-link-color-color has-text-color has-link-color wp-elements-8053667e10777d680ced599d43b2ba83\" style=\"font-size:15px\">Op\u0142ata konferencyjna nie&nbsp;obejmuje koszt\u00f3w publikacji artyku\u0142\u00f3w naukowych. Autorzy we&nbsp;w\u0142asnym zakresie ponosz\u0105 koszty publikacji artyku\u0142\u00f3w zgodnie z&nbsp;polityk\u0105 wydawnicz\u0105 czasopism.<\/p>\n\n\n\n<p class=\"has-text-align-left has-neve-link-color-color has-text-color has-link-color wp-elements-9c52b25621498c66110f9379640a883f\" style=\"font-size:15px\">Do&nbsp;op\u0142aty konferencyjnej nale\u017cy doliczy\u0107 podatek VAT wg&nbsp;stawki 23%, przy&nbsp;czym osoby finansuj\u0105ce udzia\u0142 w&nbsp;konferencji co&nbsp;najmniej w&nbsp;70% ze&nbsp;\u015brodk\u00f3w publicznych mog\u0105 skorzysta\u0107 ze&nbsp;zwolnienia z&nbsp;podatku VAT.<\/p>\n\n\n\n<p class=\"has-text-align-left has-neve-link-color-color has-text-color has-link-color wp-elements-a646659f428ff3b3839308db964bb77c\" style=\"font-size:15px\">Warunkiem skorzystania ze\u00a0zwolnienia z\u00a0podatku VAT jest przes\u0142anie niezw\u0142ocznie po\u00a0dokonaniu p\u0142atno\u015bci\u00a0<a href=\"https:\/\/interlog.put.poznan.pl\/wp-content\/uploads\/2025\/04\/Wniosek-o-zwolnienie-z-VAT-Konferencja-interLOG2025.docx\">o\u015bwiadczenia\u00a0(DOCX)<\/a>\u00a0w\u00a0formie elektronicznej na\u00a0adres: fundacjapp@put.poznan.pl o\u00a0finansowaniu udzia\u0142u w\u00a0konferencji ze\u00a0\u015brodk\u00f3w publicznych, podpisanego przez\u00a0osoby upowa\u017cnione do\u00a0zaci\u0105gania zobowi\u0105za\u0144 na\u00a0rzecz danej instytucji.<\/p>\n\n\n\n<p class=\"has-text-align-left has-neve-link-color-color has-text-color has-link-color wp-elements-688404a8affe22532f36b61329db5b85\" style=\"font-size:15px\">Op\u0142at\u0119 za&nbsp;udzia\u0142 w&nbsp;konferencji nale\u017cy wnie\u015b\u0107 na&nbsp;konto:<br><br>Fundacja na&nbsp;rzecz rozwoju Politechniki Pozna\u0144skiej<br>Pl.&nbsp;M. Sk\u0142odowskiej-Curie 5<br>60-965 Pozna\u0144<br><br><strong>93 1090 1362 0000 0001 5788 9773<\/strong><br><br>Tytu\u0142 przelewu:&nbsp;<strong><em>INTERLOG2025 \u2013 imi\u0119 i&nbsp;nazwisko<\/em><\/strong><\/p>\n\n\n\n<a name=\"terminy\"><\/a>\n\n\n\n<p class=\"has-text-align-left has-neve-link-color-color has-text-color has-link-color has-medium-font-size wp-elements-68835961b19ce84ec9e325e7bdbb80f9\"><strong>Kalendarium:<\/strong><\/p>\n\n\n\n<ul class=\"wp-block-list has-neve-link-color-color has-text-color has-link-color wp-elements-9128839c085708bc79ce7f501017961d\">\n<li style=\"font-size:15px\">5 maj \u2013 15 czerwiec 2025 \u2013 zg\u0142aszanie i&nbsp;nades\u0142anie abstrakt\u00f3w<\/li>\n\n\n\n<li style=\"font-size:15px\">do&nbsp;21 czerwca 2025 \u2013 akceptacja abstrakt\u00f3w<\/li>\n\n\n\n<li style=\"font-size:15px\">15 lipca 2025 \u2013 ostateczny termin wniesienia op\u0142aty konferencyjnej<\/li>\n\n\n\n<li style=\"font-size:15px\">do&nbsp;30 wrze\u015bnia 2025 \u2013 nades\u0142anie pe\u0142nej wersji artyku\u0142u<\/li>\n<\/ul>\n\n\n\n<a name=\"miejscekonf\"><\/a>\n\n\n\n<p class=\"has-text-align-left has-neve-link-color-color has-text-color has-link-color has-medium-font-size wp-elements-6d0bb229dde32f378be06867a504988c\"><strong>Miejsce konferencji:<\/strong><\/p>\n\n\n\n<p class=\"has-text-align-left has-neve-link-color-color has-text-color has-link-color wp-elements-479376edc48151b24f33355147e96b7e\" style=\"font-size:15px\">Wydzia\u0142 In\u017cynierii Zarz\u0105dzania Politechniki Pozna\u0144skiej, ul.&nbsp;Jacka Rychlewskiego 2, 60-965 Pozna\u0144<\/p>\n\n\n\n<figure class=\"wp-block-image size-large\"><img loading=\"lazy\" decoding=\"async\" width=\"1024\" height=\"579\" src=\"https:\/\/interlog.put.poznan.pl\/wp-content\/uploads\/2024\/02\/put-2-2-1024x579.png\" alt=\"\" class=\"wp-image-520\" srcset=\"https:\/\/interlog.put.poznan.pl\/wp-content\/uploads\/2024\/02\/put-2-2-1024x579.png 1024w, https:\/\/interlog.put.poznan.pl\/wp-content\/uploads\/2024\/02\/put-2-2-300x170.png 300w, https:\/\/interlog.put.poznan.pl\/wp-content\/uploads\/2024\/02\/put-2-2-768x434.png 768w, https:\/\/interlog.put.poznan.pl\/wp-content\/uploads\/2024\/02\/put-2-2-1536x869.png 1536w, https:\/\/interlog.put.poznan.pl\/wp-content\/uploads\/2024\/02\/put-2-2-2048x1158.png 2048w\" sizes=\"auto, (max-width: 1024px) 100vw, 1024px\" \/><\/figure>\n\n\n\n<p class=\"has-text-align-left has-neve-link-color-color has-text-color has-link-color wp-elements-3f2c421a2fcba0e1c29519c2492a6549\" style=\"font-size:15px\"><br>Zapraszamy na&nbsp;wirtualny spacer po&nbsp;budynku WAWIZ<br><a href=\"https:\/\/my.matterport.com\/show\/?m=WW9CB1FTxEp\">KLIKNIJ, \u017ceby&nbsp;sprawdzi\u0107 jak wygl\u0105da Wydzia\u0142 In\u017cynierii Zarz\u0105dzania<\/a><\/p>\n\n\n\n<p class=\"has-text-align-left has-neve-link-color-color has-text-color has-link-color wp-elements-5e8b118878177ad578c1540331260059\" style=\"font-size:15px\"><\/p>\n\n\n<\/div><\/div>\n","protected":false},"excerpt":{"rendered":"","protected":false},"author":1,"featured_media":0,"parent":0,"menu_order":0,"comment_status":"closed","ping_status":"closed","template":"","meta":{"_themeisle_gutenberg_block_has_review":false,"footnotes":""},"class_list":["post-1265","page","type-page","status-publish","hentry"],"_links":{"self":[{"href":"https:\/\/interlog.put.poznan.pl\/index.php?rest_route=\/wp\/v2\/pages\/1265","targetHints":{"allow":["GET"]}}],"collection":[{"href":"https:\/\/interlog.put.poznan.pl\/index.php?rest_route=\/wp\/v2\/pages"}],"about":[{"href":"https:\/\/interlog.put.poznan.pl\/index.php?rest_route=\/wp\/v2\/types\/page"}],"author":[{"embeddable":true,"href":"https:\/\/interlog.put.poznan.pl\/index.php?rest_route=\/wp\/v2\/users\/1"}],"replies":[{"embeddable":true,"href":"https:\/\/interlog.put.poznan.pl\/index.php?rest_route=%2Fwp%2Fv2%2Fcomments&post=1265"}],"version-history":[{"count":3,"href":"https:\/\/interlog.put.poznan.pl\/index.php?rest_route=\/wp\/v2\/pages\/1265\/revisions"}],"predecessor-version":[{"id":1308,"href":"https:\/\/interlog.put.poznan.pl\/index.php?rest_route=\/wp\/v2\/pages\/1265\/revisions\/1308"}],"wp:attachment":[{"href":"https:\/\/interlog.put.poznan.pl\/index.php?rest_route=%2Fwp%2Fv2%2Fmedia&parent=1265"}],"curies":[{"name":"wp","href":"https:\/\/api.w.org\/{rel}","templated":true}]}}