
{"id":1266,"date":"2025-04-29T12:54:51","date_gmt":"2025-04-29T11:54:51","guid":{"rendered":"https:\/\/interlog.put.poznan.pl\/?page_id=1266"},"modified":"2025-04-29T13:15:14","modified_gmt":"2025-04-29T12:15:14","slug":"15c42-web-agency-gb-about-us-2","status":"publish","type":"page","link":"https:\/\/interlog.put.poznan.pl\/?page_id=1266&lang=en","title":{"rendered":"Organizers"},"content":{"rendered":"\n<div class=\"wp-block-cover alignfull is-light\" style=\"padding-top:0;padding-bottom:0;min-height:549px;aspect-ratio:unset;\"><span aria-hidden=\"true\" class=\"wp-block-cover__background has-background-dim-0 has-background-dim\"><\/span><img loading=\"lazy\" decoding=\"async\" width=\"1366\" height=\"768\" class=\"wp-block-cover__image-background wp-image-835\" alt=\"\" src=\"https:\/\/interlog.put.poznan.pl\/wp-content\/uploads\/2024\/03\/test-5.png\" data-object-fit=\"cover\" srcset=\"https:\/\/interlog.put.poznan.pl\/wp-content\/uploads\/2024\/03\/test-5.png 1366w, https:\/\/interlog.put.poznan.pl\/wp-content\/uploads\/2024\/03\/test-5-300x169.png 300w, https:\/\/interlog.put.poznan.pl\/wp-content\/uploads\/2024\/03\/test-5-1024x576.png 1024w, https:\/\/interlog.put.poznan.pl\/wp-content\/uploads\/2024\/03\/test-5-768x432.png 768w\" sizes=\"auto, (max-width: 1366px) 100vw, 1366px\" \/><div class=\"wp-block-cover__inner-container is-layout-flow wp-block-cover-is-layout-flow\">\n<h3 class=\"wp-block-heading alignwide has-text-align-center has-nv-site-bg-color has-text-color\" style=\"padding-top:150px;padding-right:0;padding-bottom:0px;padding-left:0;font-size:33px\">INTERDYSCYPLINARNA KONFERENCJA NAUKOWA<br>LOGISTYKA &#8211; PRODUKCJA &#8211; EKONOMIA<\/h3>\n\n\n\n<div style=\"height:0px\" aria-hidden=\"true\" class=\"wp-block-spacer\"><\/div>\n\n\n\n<h1 class=\"wp-block-heading alignwide has-text-align-center has-nv-site-bg-color has-text-color\" style=\"font-size:27px\"><strong>18-19 wrze\u015bnia 2025<\/strong><\/h1>\n\n\n\n<div style=\"height:80px\" aria-hidden=\"true\" class=\"wp-block-spacer\"><\/div>\n\n\n\n<div style=\"height:80px\" aria-hidden=\"true\" class=\"wp-block-spacer\"><\/div>\n<\/div><\/div>\n\n\n\n<div class=\"wp-block-cover alignfull\"><span aria-hidden=\"true\" class=\"wp-block-cover__background has-nv-light-bg-background-color has-background-dim-100 has-background-dim\"><\/span><div class=\"wp-block-cover__inner-container is-layout-flow wp-block-cover-is-layout-flow\">\n<div class=\"wp-block-group alignwide is-vertical is-layout-flex wp-container-core-group-is-layout-2 wp-block-group-is-layout-flex\">\n<div style=\"height:0px\" aria-hidden=\"true\" class=\"wp-block-spacer wp-container-content-1\"><\/div>\n\n\n\n<div class=\"wp-block-group alignwide is-content-justification-center is-nowrap is-layout-flex wp-container-core-group-is-layout-1 wp-block-group-is-layout-flex\">\n<div class=\"wp-block-columns alignwide are-vertically-aligned-center has-neve-text-color-color has-text-color wp-container-content-2 is-layout-flex wp-container-core-columns-is-layout-2 wp-block-columns-is-layout-flex\">\n<div class=\"wp-block-column is-vertically-aligned-center is-layout-flow wp-block-column-is-layout-flow\" style=\"flex-basis:100%\">\n<div class=\"wp-block-columns is-layout-flex wp-container-core-columns-is-layout-1 wp-block-columns-is-layout-flex\">\n<div class=\"wp-block-column is-vertically-aligned-center has-x-large-font-size is-layout-flow wp-block-column-is-layout-flow\">\n<a name=\"patronat\"><\/a>\n\n\n\n<h2 class=\"wp-block-heading alignfull has-text-align-center has-nv-c-1-color has-text-color has-link-color has-x-large-font-size wp-elements-e05eb78b1ae7b376cd15e606c04fc56d\">Patronat honorowy<br><\/h2>\n\n\n\n<p class=\"has-neve-link-color-color has-text-color has-link-color has-medium-font-size wp-elements-d7ada266f857772cfd60b38349c39ba2\"><\/p>\n\n\n\n<ul style=\"font-size:15px\" class=\"wp-block-list has-neve-link-color-color has-text-color has-link-color wp-elements-2458583cad5992735190df22914d219a\">\n<li>dr hab. in\u017c. <strong>Marcin Butlewski<\/strong>, prof.PP &#8211; Dziekan Wydzia\u0142u In\u017cynierii Zarz\u0105dzania Politechniki Pozna\u0144skiej<\/li>\n\n\n\n<li>prof.&nbsp;dr hab. in\u017c. <strong>Marek Fertsch<\/strong> &#8211; pomys\u0142odawca i&nbsp;inicjator kierunku Logistyka na&nbsp;Politechnice Pozna\u0144skiej, wieloletni Dyrektor Instytutu In\u017cynierii Zarz\u0105dzania na&nbsp;Politechnice Pozna\u0144skiej<\/li>\n<\/ul>\n\n\n\n<h2 class=\"wp-block-heading alignfull has-text-align-center has-nv-c-1-color has-text-color has-link-color has-x-large-font-size wp-elements-d0dccecc2864ad8a0d41797469a245ad\">Organizatorzy<\/h2>\n\n\n\n<a name=\"przewodniczacy\"><\/a>\n\n\n\n<p class=\"has-neve-link-color-color has-text-color has-link-color has-medium-font-size wp-elements-5c1788ff4f352881ea4cc6791fedd6e8\"><strong>Przewodnicz\u0105cy konferencji<\/strong><\/p>\n\n\n\n<ul style=\"font-size:15px\" class=\"wp-block-list has-neve-link-color-color has-text-color has-link-color wp-elements-d964615cb768411244a55946b05d2bb4\">\n<li>dr hab. in\u017c. <strong>\u0141ukasz Hada\u015b<\/strong>, prof.&nbsp;PP \u2013 przewodnicz\u0105cy, Dyrektor Instytutu Logistyki, Wydzia\u0142u In\u017cynierii Zarz\u0105dzania PP<\/li>\n\n\n\n<li>dr hab. in\u017c. <strong>Piotr Cyplik<\/strong>, prof.&nbsp;PP \u2013 wiceprzewodnicz\u0105cy, kierownik Zak\u0142adu Zarz\u0105dzania Produkcj\u0105 i&nbsp;Logistyki<\/li>\n<\/ul>\n\n\n\n<a name=\"komitetn\"><\/a>\n\n\n\n<p class=\"has-neve-link-color-color has-text-color has-link-color has-medium-font-size wp-elements-e39783ca38ce40081c08d5c857b06d72\"><strong>Komitet naukowy INTERLOG<\/strong><\/p>\n\n\n\n<p style=\"font-size:15px\"><\/p>\n\n\n\n<ul style=\"font-size:15px\" class=\"wp-block-list has-neve-link-color-color has-text-color has-link-color wp-elements-364a2e07315263469ca33d1a7cd49af6\">\n<li style=\"font-size:15px\">prof.\u00a0dr\u00a0hab. Piotr Banaszyk<\/li>\n\n\n\n<li>prof.&nbsp;dr hab. in\u017c. Joanna Ejdys<\/li>\n\n\n\n<li style=\"font-size:15px\">prof.&nbsp;dr&nbsp;hab. in\u017c. J\u00f3zef Fr\u0105\u015b<\/li>\n\n\n\n<li style=\"font-size:15px\">prof.&nbsp;dr&nbsp;hab. Sabina Kauf<\/li>\n\n\n\n<li style=\"font-size:15px\">prof.&nbsp;dr&nbsp;hab. Maciej Urbaniak<\/li>\n\n\n\n<li style=\"font-size:15px\">prof.&nbsp;dr&nbsp;hab. Jaros\u0142aw Witkowski<\/li>\n\n\n\n<li>dr hab. Wojciech Dro\u017cd\u017c, prof.&nbsp;US<\/li>\n\n\n\n<li>dr&nbsp;hab. in\u017c. Paulina Goli\u0144ska, prof.&nbsp;PP<\/li>\n\n\n\n<li>dr&nbsp;hab. in\u017c. Katarzyna Grzybowska, prof.&nbsp;PP<\/li>\n\n\n\n<li>dr&nbsp;hab. Mariya Khmelyarchuk Prof.&nbsp;PP<\/li>\n\n\n\n<li>dr&nbsp;hab. in\u017c.&nbsp;Maja Zofia Kiba-Janiak, prof.&nbsp;UEW<\/li>\n\n\n\n<li>dr&nbsp;hab. in\u017c.&nbsp;Adam Koli\u0144ski, prof.&nbsp;WSL<\/li>\n\n\n\n<li>dr&nbsp;hab. in\u017c.&nbsp;Rafa\u0142 Matwiejczuk, prof.&nbsp;UO<\/li>\n\n\n\n<li>dr&nbsp;hab. in\u017c.&nbsp;Przemys\u0142aw Niewiadomski, prof.&nbsp;UZ<\/li>\n\n\n\n<li>dr&nbsp;hab. Dariusz Nowak, prof.&nbsp;UEP<\/li>\n\n\n\n<li>dr&nbsp;hab. Marek Szczepa\u0144ski, prof.&nbsp;PP<\/li>\n\n\n\n<li>dr&nbsp;hab. in\u017c.&nbsp;Pawe\u0142 Pawlewski, prof PP<\/li>\n\n\n\n<li>dr&nbsp;hab. in\u017c.&nbsp;Sebastian Saniuk, prof.&nbsp;UZ<\/li>\n\n\n\n<li>dr&nbsp;hab. in\u017c.&nbsp;Agnieszka Stachowiak, prof.&nbsp;PP<\/li>\n\n\n\n<li>dr&nbsp;hab. Maciej Stajniak, prof WSL<\/li>\n\n\n\n<li>dr&nbsp;hab. Agnieszka Tubis, prof PWr<\/li>\n\n\n\n<li>dr&nbsp;hab. Blanka Tundys, prof.&nbsp;US<\/li>\n\n\n\n<li>dr&nbsp;hab. in\u017c.&nbsp;Wies\u0142aw Urban, prof.&nbsp;PB<\/li>\n\n\n\n<li>dr&nbsp;hab. in\u017c.&nbsp;Krzysztof Witkowski, prof.&nbsp;UZ<\/li>\n\n\n\n<li>dr&nbsp;hab. in\u017c.&nbsp;Magdalena Wyrwicka, prof.&nbsp;PP<\/li>\n\n\n\n<li>dr&nbsp;hab. in\u017c.&nbsp;Bo\u017cena Zwoli\u0144ska, prof.&nbsp;AGH<\/li>\n\n\n\n<li>dr&nbsp;hab. in\u017c.&nbsp;Jacek \u017bak, prof.&nbsp;PP<\/li>\n<\/ul>\n\n\n\n<a name=\"komiteto\"><\/a>\n\n\n\n<p class=\"has-neve-link-color-color has-text-color has-link-color has-medium-font-size wp-elements-adb53ad8e9d7782e3bc48644c99f7517\"><strong>Komitet organizacyjny<\/strong><\/p>\n\n\n\n<ul style=\"font-size:15px\" class=\"wp-block-list has-neve-link-color-color has-text-color has-link-color wp-elements-250cfb3b3044289ed6e88fb2047662c7\">\n<li>dr&nbsp;in\u017c.&nbsp;Agnieszka Grzelczak \u2013 przewodnicz\u0105ca<\/li>\n\n\n\n<li>dr hab. in\u017c. Agnieszka Stachowiak, prof.&nbsp;PP<\/li>\n\n\n\n<li>dr&nbsp;hab. Agnieszka Krugie\u0142ka<\/li>\n\n\n\n<li>dr&nbsp;in\u017c.&nbsp;Karolina Werner-Lewandowska<\/li>\n\n\n\n<li>dr&nbsp;in\u017c.&nbsp;Natalia Pawlak \u2013 koordynator korespondencji<\/li>\n\n\n\n<li>dr&nbsp;in\u017c.&nbsp;Patrycja Hoffa-D\u0105browska<\/li>\n\n\n\n<li>dr&nbsp;in\u017c.&nbsp;Zuzanna Sikorska<\/li>\n\n\n\n<li>dr&nbsp;in\u017c.&nbsp;Miros\u0142aw Kruszy\u0144ski<\/li>\n\n\n\n<li>dr&nbsp;in\u017c.&nbsp;Micha\u0142 Fertsch<\/li>\n\n\n\n<li>mgr&nbsp;in\u017c.&nbsp;Dominika D\u0142ugo\u0144ska<\/li>\n<\/ul>\n<\/div>\n<\/div>\n\n\n\n<p class=\"has-neve-link-color-color has-text-color has-link-color wp-elements-91b2e4a703d3f73ee5a9e3f2d476bdfb\" style=\"font-size:15px\"><strong><a href=\"https:\/\/fem.put.poznan.pl\">Instytut Logistyki Politechniki Pozna\u0144skiej<\/a><\/strong><\/p>\n\n\n\n<p class=\"has-neve-link-color-color has-text-color has-link-color wp-elements-cd17e9d8d5851a1de2c2118e73a7829b\" style=\"font-size:15px\"> Instytut Logistyki na&nbsp;Wydziale In\u017cynierii Zarz\u0105dzania Politechniki Pozna\u0144skiej powsta\u0142 w&nbsp;2020 roku. Instytut w&nbsp;swojej strukturze organizacyjnej obejmuje Zak\u0142ad Zarz\u0105dzania Produkcj\u0105 i&nbsp;Logistyki, Zak\u0142ad Ekonomiki Przedsi\u0119biorstw, Inwestycji i&nbsp;Ubezpiecze\u0144 oraz&nbsp;O\u015brodek Symulacji i&nbsp;Optymalizacji Proces\u00f3w Logistycznych i&nbsp;Produkcyjnych.<br>Wizja rozwoju Instytutu Logistyki oparta jest o&nbsp;jego podstawow\u0105 dzia\u0142alno\u015b\u0107 zwi\u0105zan\u0105 z&nbsp;prowadzeniem bada\u0144 naukowych, edukacj\u0105 student\u00f3w na&nbsp;kierunku logistyka, wsp\u00f3\u0142prac\u0105 z&nbsp;otoczeniem gospodarczym oraz&nbsp;zidentyfikowanymi i&nbsp;przysz\u0142ymi wyzwaniami nowoczesnej gospodarki. Wizja zak\u0142ada osi\u0105gni\u0119cie synergii w&nbsp;rozwoju instytut jako wiod\u0105cego o\u015brodka bada\u0144 i&nbsp;edukacji w&nbsp;zakresie zarz\u0105dzania logistyk\u0105, produkcj\u0105 i&nbsp;zasobami przedsi\u0119biorstw oraz&nbsp;zarz\u0105dzania ryzykiem spo\u0142ecznym i&nbsp;gospodarczym w&nbsp;aspekcie wyzwa\u0144 Przemys\u0142u Przysz\u0142o\u015bci. Intensywna aktywno\u015b\u0107 na&nbsp;polu naukowym, edukacyjnym oraz&nbsp;wsp\u00f3\u0142pracy z&nbsp;gospodark\u0105 jest \u017ar\u00f3d\u0142em wielostronnych, korzy\u015bci w&nbsp;zakresie transferu wiedzy i&nbsp;umiej\u0119tno\u015b\u0107 zar\u00f3wno dla&nbsp;absolwent\u00f3w kierunku logistyka jak i&nbsp;pracownik\u00f3w naukowych oraz&nbsp;specjalist\u00f3w i&nbsp;menad\u017cer\u00f3w z&nbsp;przedsi\u0119biorstw. Osi\u0105gni\u0119cie synergii w&nbsp;tym zakresie oraz&nbsp;utrzymanie i&nbsp;wzmacnianie procesu ci\u0105g\u0142ego doskonalenia realizowanej dzielno\u015bci ma&nbsp;stanowi\u0107 istotny wk\u0142ad w&nbsp;rozw\u00f3j potencja\u0142u intelektualnego i&nbsp;gospodarczego kraju na&nbsp;arenie mi\u0119dzynarodowej.<br>Badania naukowe realizowane w&nbsp;Instytucie Logistyki koncentruj\u0105 si\u0119 wok\u00f3\u0142 g\u0142\u00f3wnego obszaru badawczego jakim s\u0105&nbsp;wsp\u00f3\u0142czesne problemy zarz\u0105dzania logistyk\u0105, produkcj\u0105 i&nbsp;zasobami przedsi\u0119biorstw w&nbsp;aspekcie wyzwa\u0144 Przemys\u0142u Przysz\u0142o\u015bci. Wsp\u00f3\u0142praca z&nbsp;przemys\u0142em jest realizowana w&nbsp;wielu aspektach poczynaj\u0105c od&nbsp;transferu wiedzy, identyfikacji potrzeb pracodawc\u00f3w i&nbsp;wprowadzania zmian w&nbsp;tre\u015bciach programowych na&nbsp;kierunku logistyka a\u017c&nbsp;po&nbsp;zlecone prace badawcze wykonywane dla&nbsp;przedsi\u0119biorstw. Realizowane prace w&nbsp;przemy\u015ble koncentruj\u0105 si\u0119 wok\u00f3\u0142 bada\u0144 nad&nbsp;usprawnieniem system\u00f3w produkcyjno-logistycznych, oceny dojrza\u0142o\u015bci procesowej, reorganizacji proces\u00f3w w&nbsp;\u0142a\u0144cuchach dostaw oraz&nbsp;analizy przedwdro\u017ceniowej system IT wspomagaj\u0105cych zarz\u0105dzanie logistyk\u0105.<\/p>\n<\/div>\n<\/div>\n<\/div>\n\n\n\n<p class=\"has-neve-link-color-color has-text-color has-link-color wp-elements-a242fbf315db09d379a2d28c7de4a0e5\" style=\"font-size:15px\"><\/p>\n\n\n\n<div style=\"height:0px\" aria-hidden=\"true\" class=\"wp-block-spacer wp-container-content-3\"><\/div>\n<\/div>\n<\/div><\/div>\n","protected":false},"excerpt":{"rendered":"","protected":false},"author":1,"featured_media":0,"parent":0,"menu_order":0,"comment_status":"closed","ping_status":"closed","template":"","meta":{"_themeisle_gutenberg_block_has_review":false,"footnotes":""},"class_list":["post-1266","page","type-page","status-publish","hentry"],"_links":{"self":[{"href":"https:\/\/interlog.put.poznan.pl\/index.php?rest_route=\/wp\/v2\/pages\/1266","targetHints":{"allow":["GET"]}}],"collection":[{"href":"https:\/\/interlog.put.poznan.pl\/index.php?rest_route=\/wp\/v2\/pages"}],"about":[{"href":"https:\/\/interlog.put.poznan.pl\/index.php?rest_route=\/wp\/v2\/types\/page"}],"author":[{"embeddable":true,"href":"https:\/\/interlog.put.poznan.pl\/index.php?rest_route=\/wp\/v2\/users\/1"}],"replies":[{"embeddable":true,"href":"https:\/\/interlog.put.poznan.pl\/index.php?rest_route=%2Fwp%2Fv2%2Fcomments&post=1266"}],"version-history":[{"count":3,"href":"https:\/\/interlog.put.poznan.pl\/index.php?rest_route=\/wp\/v2\/pages\/1266\/revisions"}],"predecessor-version":[{"id":1309,"href":"https:\/\/interlog.put.poznan.pl\/index.php?rest_route=\/wp\/v2\/pages\/1266\/revisions\/1309"}],"wp:attachment":[{"href":"https:\/\/interlog.put.poznan.pl\/index.php?rest_route=%2Fwp%2Fv2%2Fmedia&parent=1266"}],"curies":[{"name":"wp","href":"https:\/\/api.w.org\/{rel}","templated":true}]}}