
{"id":1268,"date":"2025-04-29T12:56:35","date_gmt":"2025-04-29T11:56:35","guid":{"rendered":"https:\/\/interlog.put.poznan.pl\/?page_id=1268"},"modified":"2025-04-29T13:16:11","modified_gmt":"2025-04-29T12:16:11","slug":"polityka-prywatnosci-2","status":"publish","type":"page","link":"https:\/\/interlog.put.poznan.pl\/?page_id=1268&lang=en","title":{"rendered":"Privacy Policy"},"content":{"rendered":"\n<p><strong>Klauzula informacyjna<\/strong><\/p>\n\n\n\n<p>W&nbsp;my\u015bl art. 13 Rozporz\u0105dzenia Parlamentu Europejskiego i&nbsp;Rady (EU) 2016\/679 z&nbsp;dnia 27 kwietnia 2016 roku w&nbsp;sprawie ochrony os\u00f3b fizycznych w&nbsp;zwi\u0105zku z&nbsp;przetwarzaniem danych osobowych i&nbsp;w&nbsp;sprawie swobodnego przep\u0142ywu takich danych oraz&nbsp;uchylenia dyrektywy 95\/46\/WE (zwane dalej: RODO) informujemy, \u017ce:<\/p>\n\n\n\n<ol start=\"1\" class=\"wp-block-list\">\n<li>Administratorem Pani\/Pana danych osobowych jest\u00a0<strong>Politechnika Pozna\u0144ska<\/strong>\u00a0z\u00a0siedzib\u0105\u00a0<strong>Pl.\u00a0Marii Sk\u0142odowskiej-Curie 5,<\/strong>\u00a0e-mail: biuro.rektora@put.poznan.pl, telefon: 61\u00a0665 36 39.<\/li>\n\n\n\n<li>Dane kontaktowe Inspektora Ochrony Danych \u2013 Piotr Otoma\u0144ski, iod@put.poznan.pl,\u00a0<\/li>\n\n\n\n<li>Podstaw\u0105 prawn\u0105 przetwarzania Pani\/Pana danych osobowych jest umowa zawarta pomi\u0119dzy organizatorem konferencji oraz\u00a0uczestnikiem konferencji \u2013 art. 6 ust. 1 lit. b\u00a0RODO<\/li>\n\n\n\n<li>Dane b\u0119d\u0105 przetwarzane w\u00a0celu realizacji i\u00a0rozliczenia konferencji\u00a0INTERLOG.<\/li>\n\n\n\n<li>Zgodnie z\u00a0obowi\u0105zuj\u0105cym prawem dane osobowe mog\u0105 zosta\u0107 przekazane podmiotom przetwarzaj\u0105cym (<strong>art. 28 ust. 1 RODO<\/strong>) \u2013 hotelom oraz\u00a0instytucjom i\u00a0firmom, z\u00a0kt\u00f3rych\u00a0us\u0142ug uczestnicy konferencji b\u0119d\u0105 korzysta\u0107, a\u00a0tak\u017ce organom upowa\u017cnionym na\u00a0podstawie przepis\u00f3w prawa.<\/li>\n\n\n\n<li>Dane b\u0119d\u0105 przechowywane przez\u00a0okres niezb\u0119dny do\u00a0prawid\u0142owego zrealizowania i\u00a0rozliczenia konferencji \u2013 5 lat licz\u0105c od\u00a0ko\u0144ca roku kalendarzowego, w\u00a0kt\u00f3rym\u00a0zosta\u0142a zorganizowana konferencja.\u00a0\u00a0<\/li>\n\n\n\n<li>Posiada Pani\/Pan prawo dost\u0119pu do\u00a0tre\u015bci swoich danych, prawo ich sprostowania, prawo do\u00a0przenoszenia danych, usuni\u0119cia danych osobowych oraz\u00a0ograniczenia przetwarzania.<\/li>\n\n\n\n<li>Ma\u00a0Pani\/Pan prawo wniesienia skargi do\u00a0organu nadzorczego, gdy\u00a0uzna Pani\/Pan, i\u017c\u00a0przetwarzanie danych osobowych Pani\/Pana dotycz\u0105cych narusza przepisy og\u00f3lnego rozporz\u0105dzenia o\u00a0ochronie danych osobowych z\u00a0dnia 27 kwietnia 2016 roku (RODO).\u00a0<\/li>\n\n\n\n<li>Podanie przez\u00a0Pana\/Pani\u0105 danych osobowych jest niezb\u0119dne do\u00a0zrealizowania umowy, kt\u00f3r\u0105 jest udzia\u0142 w\u00a0konferencji INTERLOG. Konsekwencj\u0105 niepodania danych osobowych b\u0119dzie brak mo\u017cliwo\u015bci uczestniczenia w\u00a0ww. konferencji.<\/li>\n\n\n\n<li>Pani\/Pana dane nie\u00a0b\u0119d\u0105 przetwarzane w\u00a0spos\u00f3b zautomatyzowany, w\u00a0tym r\u00f3wnie\u017c w\u00a0formie profilowania.<\/li>\n<\/ol>\n","protected":false},"excerpt":{"rendered":"<p>Klauzula informacyjna W&nbsp;my\u015bl art. 13 Rozporz\u0105dzenia Parlamentu Europejskiego i&nbsp;Rady (EU) 2016\/679 z&nbsp;dnia 27 kwietnia 2016 roku w&nbsp;sprawie ochrony os\u00f3b fizycznych w&nbsp;zwi\u0105zku z&nbsp;przetwarzaniem danych osobowych i&nbsp;w&nbsp;sprawie swobodnego przep\u0142ywu takich danych oraz&nbsp;uchylenia dyrektywy 95\/46\/WE (zwane dalej: RODO) informujemy, \u017ce:<\/p>\n","protected":false},"author":2,"featured_media":0,"parent":0,"menu_order":0,"comment_status":"closed","ping_status":"closed","template":"","meta":{"_themeisle_gutenberg_block_has_review":false,"footnotes":""},"class_list":["post-1268","page","type-page","status-publish","hentry"],"_links":{"self":[{"href":"https:\/\/interlog.put.poznan.pl\/index.php?rest_route=\/wp\/v2\/pages\/1268","targetHints":{"allow":["GET"]}}],"collection":[{"href":"https:\/\/interlog.put.poznan.pl\/index.php?rest_route=\/wp\/v2\/pages"}],"about":[{"href":"https:\/\/interlog.put.poznan.pl\/index.php?rest_route=\/wp\/v2\/types\/page"}],"author":[{"embeddable":true,"href":"https:\/\/interlog.put.poznan.pl\/index.php?rest_route=\/wp\/v2\/users\/2"}],"replies":[{"embeddable":true,"href":"https:\/\/interlog.put.poznan.pl\/index.php?rest_route=%2Fwp%2Fv2%2Fcomments&post=1268"}],"version-history":[{"count":3,"href":"https:\/\/interlog.put.poznan.pl\/index.php?rest_route=\/wp\/v2\/pages\/1268\/revisions"}],"predecessor-version":[{"id":1310,"href":"https:\/\/interlog.put.poznan.pl\/index.php?rest_route=\/wp\/v2\/pages\/1268\/revisions\/1310"}],"wp:attachment":[{"href":"https:\/\/interlog.put.poznan.pl\/index.php?rest_route=%2Fwp%2Fv2%2Fmedia&parent=1268"}],"curies":[{"name":"wp","href":"https:\/\/api.w.org\/{rel}","templated":true}]}}