
{"id":1270,"date":"2025-04-29T13:00:52","date_gmt":"2025-04-29T12:00:52","guid":{"rendered":"https:\/\/interlog.put.poznan.pl\/?page_id=1270"},"modified":"2025-04-29T13:17:35","modified_gmt":"2025-04-29T12:17:35","slug":"publikacje-2","status":"publish","type":"page","link":"https:\/\/interlog.put.poznan.pl\/?page_id=1270&lang=en","title":{"rendered":"Publications"},"content":{"rendered":"\n<p><strong>Publikacje konferencyjne<\/strong><\/p>\n\n\n\n<ul class=\"wp-block-list\">\n<li>Wybrane publikacje po&nbsp;wst\u0119pnej ocenie zostan\u0105 skierowane do&nbsp;redakcji poni\u017cszych czasopism naukowych.<\/li>\n\n\n\n<li>Artyku\u0142y zostan\u0105 poddane recenzjom zgodnie z\u00a0polityk\u0105 redakcyjn\u0105 poszczeg\u00f3lnych wydawnictw czasopism.<\/li>\n\n\n\n<li>Autorzy ponosz\u0105 we&nbsp;w\u0142asnym zakresie op\u0142at\u0119 za&nbsp;publikacj\u0119 artyku\u0142\u00f3w zgodnie z&nbsp;polityk\u0105 wydawnicz\u0105 czasopism.<\/li>\n\n\n\n<li><a href=\"https:\/\/interlog.put.poznan.pl\/wp-content\/uploads\/2025\/04\/InterLog-Abstract-Template-2025.docx\">Szablon abstraktu<\/a><\/li>\n<\/ul>\n\n\n\n<p>Lista miejsc publikacyjnych b\u0119dzie na&nbsp;bie\u017c\u0105co uzupe\u0142niana.<\/p>\n\n\n\n<p><strong>Terminy:<\/strong><\/p>\n\n\n\n<ul class=\"wp-block-list\">\n<li>5 maj \u2013 15 czerwiec 2025 \u2013 zg\u0142aszanie i&nbsp;nades\u0142anie abstrakt\u00f3w<\/li>\n\n\n\n<li>do\u00a021 czerwca 2025 \u2013 akceptacja abstrakt\u00f3w<\/li>\n\n\n\n<li>do&nbsp;30 wrze\u015bnia 2025 \u2013 nades\u0142anie pe\u0142nej wersji artyku\u0142u<\/li>\n<\/ul>\n","protected":false},"excerpt":{"rendered":"<p>Publikacje konferencyjne Lista miejsc publikacyjnych b\u0119dzie na&nbsp;bie\u017c\u0105co uzupe\u0142niana. Terminy:<\/p>\n","protected":false},"author":2,"featured_media":0,"parent":0,"menu_order":0,"comment_status":"closed","ping_status":"closed","template":"","meta":{"_themeisle_gutenberg_block_has_review":false,"footnotes":""},"class_list":["post-1270","page","type-page","status-publish","hentry"],"_links":{"self":[{"href":"https:\/\/interlog.put.poznan.pl\/index.php?rest_route=\/wp\/v2\/pages\/1270","targetHints":{"allow":["GET"]}}],"collection":[{"href":"https:\/\/interlog.put.poznan.pl\/index.php?rest_route=\/wp\/v2\/pages"}],"about":[{"href":"https:\/\/interlog.put.poznan.pl\/index.php?rest_route=\/wp\/v2\/types\/page"}],"author":[{"embeddable":true,"href":"https:\/\/interlog.put.poznan.pl\/index.php?rest_route=\/wp\/v2\/users\/2"}],"replies":[{"embeddable":true,"href":"https:\/\/interlog.put.poznan.pl\/index.php?rest_route=%2Fwp%2Fv2%2Fcomments&post=1270"}],"version-history":[{"count":3,"href":"https:\/\/interlog.put.poznan.pl\/index.php?rest_route=\/wp\/v2\/pages\/1270\/revisions"}],"predecessor-version":[{"id":1312,"href":"https:\/\/interlog.put.poznan.pl\/index.php?rest_route=\/wp\/v2\/pages\/1270\/revisions\/1312"}],"wp:attachment":[{"href":"https:\/\/interlog.put.poznan.pl\/index.php?rest_route=%2Fwp%2Fv2%2Fmedia&parent=1270"}],"curies":[{"name":"wp","href":"https:\/\/api.w.org\/{rel}","templated":true}]}}