
{"id":1354,"date":"2025-05-05T20:34:28","date_gmt":"2025-05-05T19:34:28","guid":{"rendered":"https:\/\/interlog.put.poznan.pl\/?page_id=1354"},"modified":"2025-06-22T11:57:21","modified_gmt":"2025-06-22T10:57:21","slug":"organizatorzy","status":"publish","type":"page","link":"https:\/\/interlog.put.poznan.pl\/?page_id=1354","title":{"rendered":"Organizatorzy"},"content":{"rendered":"\n<a name=\"patronat\"><\/a>\n\n\n\n<p><strong>Patronat honorowy konferencji<\/strong><\/p>\n\n\n\n<ul class=\"wp-block-list\">\n<li>prof.&nbsp;dr hab. in\u017c. <strong>Teofil Jesionowski<\/strong> \u2013 Rektor Politechniki Pozna\u0144skiej<\/li>\n\n\n\n<li>dr&nbsp;hab. in\u017c.&nbsp;<strong>Marcin Butlewski<\/strong>, prof.&nbsp;PP \u2013 Dziekan Wydzia\u0142u In\u017cynierii Zarz\u0105dzania Politechniki Pozna\u0144skiej<\/li>\n\n\n\n<li>prof.\u00a0dr\u00a0hab. in\u017c.\u00a0<strong>Marek Fertsch<\/strong> \u2013 pomys\u0142odawca i\u00a0inicjator kierunku Logistyka na\u00a0Politechnice Pozna\u0144skiej, wieloletni Dyrektor Instytutu In\u017cynierii Zarz\u0105dzania na\u00a0Politechnice Pozna\u0144skiej<br><\/li>\n\n\n\n<li>Polskie Towarzystwo Ekonomiczne<\/li>\n<\/ul>\n\n\n<div class=\"wp-block-image\">\n<figure class=\"aligncenter size-full is-resized\"><img loading=\"lazy\" decoding=\"async\" width=\"358\" height=\"358\" src=\"https:\/\/interlog.put.poznan.pl\/wp-content\/uploads\/2025\/06\/logo-PTE.jpg\" alt=\"\" class=\"wp-image-1507\" style=\"width:103px;height:auto\" srcset=\"https:\/\/interlog.put.poznan.pl\/wp-content\/uploads\/2025\/06\/logo-PTE.jpg 358w, https:\/\/interlog.put.poznan.pl\/wp-content\/uploads\/2025\/06\/logo-PTE-300x300.jpg 300w, https:\/\/interlog.put.poznan.pl\/wp-content\/uploads\/2025\/06\/logo-PTE-150x150.jpg 150w\" sizes=\"auto, (max-width: 358px) 100vw, 358px\" \/><\/figure><\/div>\n\n\n<p><strong>Organizatorzy<\/strong><\/p>\n\n\n\n<a name=\"przewodniczacy\"><\/a>\n\n\n\n<p><strong>Przewodnicz\u0105cy konferencji<\/strong><\/p>\n\n\n\n<ul class=\"wp-block-list\">\n<li>dr&nbsp;hab. in\u017c.&nbsp;<strong>\u0141ukasz Hada\u015b<\/strong>, prof.&nbsp;PP \u2013 przewodnicz\u0105cy, Dyrektor Instytutu Logistyki, Politechnika Pozna\u0144ska<\/li>\n\n\n\n<li>dr&nbsp;hab. in\u017c.&nbsp;<strong>Piotr Cyplik<\/strong>, prof.&nbsp;PP \u2013 wiceprzewodnicz\u0105cy, kierownik Zak\u0142adu Zarz\u0105dzania Produkcj\u0105 i&nbsp;Logistyki, Politechnika Pozna\u0144ska<\/li>\n<\/ul>\n\n\n\n<a name=\"komitetn\"><\/a>\n\n\n\n<p><strong>Komitet naukowy konferencji <\/strong><\/p>\n\n\n\n<ul class=\"wp-block-list\">\n<li>prof.&nbsp;dr&nbsp;hab. Piotr Banaszyk &#8211; Uniwersytet Ekonomiczny w&nbsp;Poznaniu<\/li>\n\n\n\n<li>prof.&nbsp;dr&nbsp;hab. in\u017c.&nbsp;Joanna Ejdys &#8211; Politechnika Bia\u0142ostocka<\/li>\n\n\n\n<li>prof.&nbsp;dr&nbsp;hab. in\u017c.&nbsp;J\u00f3zef Fr\u0105\u015b &#8211; Politechnika Pozna\u0144ska<\/li>\n\n\n\n<li>prof.&nbsp;dr&nbsp;hab. Sabina Kauf &#8211; Uniwersytet Opolski<\/li>\n\n\n\n<li>prof.&nbsp;dr&nbsp;hab. Maciej Urbaniak &#8211; Uniwersytet \u0141\u00f3dzki<\/li>\n\n\n\n<li>prof.&nbsp;dr&nbsp;hab. Jaros\u0142aw Witkowski &#8211; Uniwersytet Ekonomiczny we Wroc\u0142awiu<\/li>\n\n\n\n<li>dr&nbsp;hab. Wojciech Dro\u017cd\u017c, prof.&nbsp;US &#8211; Uniwersytet Szczeci\u0144ski<\/li>\n\n\n\n<li>dr&nbsp;hab. in\u017c.&nbsp;Paulina Goli\u0144ska, prof.&nbsp;PP &#8211; Politechnika Pozna\u0144ska<\/li>\n\n\n\n<li>dr&nbsp;hab. in\u017c.&nbsp;Katarzyna Grzybowska, prof.&nbsp;PP &#8211; Politechnika Pozna\u0144ska<\/li>\n\n\n\n<li>dr hab. in\u017c. Joanna Ka\u0142kowska, prof.&nbsp;PP &#8211; Politechnika Pozna\u0144ska<\/li>\n\n\n\n<li>dr&nbsp;hab. Mariya Khmelyarchuk, prof.&nbsp;PP &#8211; Politechnika Pozna\u0144ska<\/li>\n\n\n\n<li>dr&nbsp;hab. in\u017c.&nbsp;Maja Zofia Kiba-Janiak, prof.&nbsp;UEW &#8211; Uniwersytet Ekonomiczny we Wroc\u0142awiu<\/li>\n\n\n\n<li>dr&nbsp;hab. in\u017c.&nbsp;Adam Koli\u0144ski, prof.&nbsp;WSL &#8211; Wy\u017csza Szko\u0142a Logistyki w&nbsp;Poznaniu<\/li>\n\n\n\n<li>dr&nbsp;hab. in\u017c.&nbsp;Rafa\u0142 Matwiejczuk, prof.&nbsp;UO &#8211; Uniwersytet Opolski<\/li>\n\n\n\n<li>dr&nbsp;hab. in\u017c.&nbsp;Przemys\u0142aw Niewiadomski, prof.&nbsp;UZ &#8211; Uniwersytet Zielonog\u00f3rski w&nbsp;Zielonej G\u00f3rze<\/li>\n\n\n\n<li>dr&nbsp;hab. Dariusz Nowak, prof.&nbsp;UEP &#8211; Uniwersytet Ekonomiczny w&nbsp;Poznaniu<\/li>\n\n\n\n<li>dr&nbsp;hab. in\u017c.&nbsp;Pawe\u0142 Pawlewski, prof.&nbsp;PP &#8211; Politechnika Pozna\u0144ska<\/li>\n\n\n\n<li>dr&nbsp;hab. in\u017c.&nbsp;Sebastian Saniuk, prof.&nbsp;UZ &#8211; Uniwersytet Zielonog\u00f3rski w&nbsp;Zielonej G\u00f3rze<\/li>\n\n\n\n<li>dr&nbsp;hab. in\u017c.&nbsp;Agnieszka Stachowiak, prof.&nbsp;PP &#8211; Politechnika Pozna\u0144ska<\/li>\n\n\n\n<li>dr&nbsp;hab. Maciej Stajniak, prof.&nbsp;WSL &#8211; Wy\u017csza Szko\u0142a Logistyki w&nbsp;Poznaniu<\/li>\n\n\n\n<li>dr&nbsp;hab. Marek Szczepa\u0144ski, prof.&nbsp;PP &#8211; Politechnika Pozna\u0144ska<\/li>\n\n\n\n<li>dr&nbsp;hab. Agnieszka Tubis, prof.&nbsp;PWr &#8211; Politechnika Wroc\u0142awska<\/li>\n\n\n\n<li>dr&nbsp;hab. Blanka Tundys, prof.&nbsp;US &#8211; Uniwersytet Szczeci\u0144ski<\/li>\n\n\n\n<li>dr&nbsp;hab. in\u017c.&nbsp;Wies\u0142aw Urban, prof.&nbsp;PB &#8211; Politechnika Bia\u0142ostocka<\/li>\n\n\n\n<li>dr&nbsp;hab. in\u017c.&nbsp;Krzysztof Witkowski, prof.&nbsp;UZ &#8211; Uniwersytet Zielonog\u00f3rski w&nbsp;Zielonej G\u00f3rze<\/li>\n\n\n\n<li>dr hab. Hanna W\u0142odarkiewicz-Klimek, prof.&nbsp;PP &#8211; Politechnika Pozna\u0144ska<\/li>\n\n\n\n<li>dr&nbsp;hab. in\u017c.&nbsp;Magdalena Wyrwicka, prof.&nbsp;PP &#8211; Politechnika Pozna\u0144ska<\/li>\n\n\n\n<li>dr&nbsp;hab. in\u017c.&nbsp;Bo\u017cena Zwoli\u0144ska, prof.&nbsp;AGH &#8211; Akademia G\u00f3rniczo-Hutnicza w&nbsp;Krakowie<\/li>\n\n\n\n<li>dr&nbsp;hab. in\u017c.&nbsp;Jacek \u017bak, prof.&nbsp;PP &#8211; Politechnika Pozna\u0144ska<\/li>\n<\/ul>\n\n\n\n<a name=\"komiteto\"><\/a>\n\n\n\n<p><strong>Komitet organizacyjny konferencji <\/strong><\/p>\n\n\n\n<ul class=\"wp-block-list\">\n<li>dr&nbsp;in\u017c.&nbsp;Agnieszka Grzelczak \u2013 przewodnicz\u0105ca<\/li>\n\n\n\n<li>dr&nbsp;hab. in\u017c.&nbsp;Agnieszka Stachowiak, prof.&nbsp;PP<\/li>\n\n\n\n<li>dr&nbsp;in\u017c.&nbsp;Karolina Werner-Lewandowska<\/li>\n\n\n\n<li>dr&nbsp;in\u017c.&nbsp;Natalia Pawlak \u2013 koordynator korespondencji<\/li>\n\n\n\n<li>dr&nbsp;in\u017c.&nbsp;Patrycja Hoffa-D\u0105browska<\/li>\n\n\n\n<li>dr&nbsp;in\u017c.&nbsp;Zuzanna Sikorska<\/li>\n\n\n\n<li>dr&nbsp;in\u017c.&nbsp;Miros\u0142aw Kruszy\u0144ski<\/li>\n\n\n\n<li>dr&nbsp;in\u017c.&nbsp;Micha\u0142 Fertsch<\/li>\n\n\n\n<li>mgr&nbsp;in\u017c.&nbsp;Dominika D\u0142ugo\u0144ska<\/li>\n<\/ul>\n\n\n\n<p><a href=\"https:\/\/fem.put.poznan.pl\"><strong>Instytut Logistyki Politechniki Pozna\u0144skiej<\/strong><\/a><\/p>\n\n\n\n<p>Instytut Logistyki na&nbsp;Wydziale In\u017cynierii Zarz\u0105dzania Politechniki Pozna\u0144skiej powsta\u0142 w&nbsp;2020 roku, ale&nbsp;w&nbsp;swojej dzia\u0142alno\u015bci odwo\u0142uje si\u0119 do&nbsp;Katedry Ekonomii i&nbsp;Planowania Przedsi\u0119biorstw Przemys\u0142owych, kt\u00f3ra utworzona zosta\u0142a w&nbsp;1955 roku w&nbsp;nowo powsta\u0142ej Politechnice Pozna\u0144skiej. Obecnie Instytut w&nbsp;swojej strukturze organizacyjnej obejmuje Zak\u0142ad Zarz\u0105dzania Produkcj\u0105 i&nbsp;Logistyki, Zak\u0142ad Ekonomiki Przedsi\u0119biorstw, Inwestycji i&nbsp;Ubezpiecze\u0144 oraz&nbsp;O\u015brodek Symulacji i&nbsp;Optymalizacji Proces\u00f3w Logistycznych i&nbsp;Produkcyjnych.<br>Wizja rozwoju Instytutu Logistyki oparta jest o&nbsp;jego podstawow\u0105 dzia\u0142alno\u015b\u0107 zwi\u0105zan\u0105 z&nbsp;prowadzeniem bada\u0144 naukowych, edukacj\u0105 student\u00f3w na&nbsp;kierunku logistyka, wsp\u00f3\u0142prac\u0105 z&nbsp;otoczeniem gospodarczym oraz&nbsp;zidentyfikowanymi i&nbsp;przysz\u0142ymi wyzwaniami nowoczesnej gospodarki. Wizja zak\u0142ada osi\u0105gni\u0119cie synergii w&nbsp;rozwoju Instytutu jako wiod\u0105cego o\u015brodka bada\u0144 i&nbsp;edukacji w&nbsp;zakresie zarz\u0105dzania logistyk\u0105, produkcj\u0105 i&nbsp;zasobami przedsi\u0119biorstw oraz&nbsp;zarz\u0105dzania ryzykiem spo\u0142ecznym i&nbsp;gospodarczym w&nbsp;aspekcie wyzwa\u0144 Przemys\u0142u Przysz\u0142o\u015bci. Intensywna aktywno\u015b\u0107 na&nbsp;polu naukowym, edukacyjnym oraz&nbsp;wsp\u00f3\u0142pracy z&nbsp;gospodark\u0105 jest \u017ar\u00f3d\u0142em wielostronnych, korzy\u015bci w&nbsp;zakresie transferu wiedzy i&nbsp;umiej\u0119tno\u015b\u0107 zar\u00f3wno dla&nbsp;absolwent\u00f3w kierunku logistyka jak i&nbsp;pracownik\u00f3w naukowych oraz&nbsp;specjalist\u00f3w i&nbsp;menad\u017cer\u00f3w z&nbsp;przedsi\u0119biorstw. Osi\u0105gni\u0119cie synergii w&nbsp;tym zakresie oraz&nbsp;utrzymanie i&nbsp;wzmacnianie procesu ci\u0105g\u0142ego doskonalenia realizowanej dzielno\u015bci ma&nbsp;stanowi\u0107 istotny wk\u0142ad w&nbsp;rozw\u00f3j potencja\u0142u intelektualnego i&nbsp;gospodarczego kraju na&nbsp;arenie mi\u0119dzynarodowej.<br>Badania naukowe realizowane w&nbsp;Instytucie Logistyki koncentruj\u0105 si\u0119 wok\u00f3\u0142 g\u0142\u00f3wnego obszaru badawczego jakim s\u0105&nbsp;wsp\u00f3\u0142czesne problemy zarz\u0105dzania logistyk\u0105, produkcj\u0105 i&nbsp;zasobami przedsi\u0119biorstw w&nbsp;aspekcie wyzwa\u0144 Przemys\u0142u Przysz\u0142o\u015bci. Wsp\u00f3\u0142praca z&nbsp;przemys\u0142em jest realizowana w&nbsp;wielu aspektach poczynaj\u0105c od&nbsp;transferu wiedzy, identyfikacji potrzeb pracodawc\u00f3w i&nbsp;wprowadzania zmian w&nbsp;tre\u015bciach programowych na&nbsp;kierunku logistyka a\u017c&nbsp;po&nbsp;zlecone prace badawcze wykonywane dla&nbsp;przedsi\u0119biorstw. Realizowane prace w&nbsp;przemy\u015ble koncentruj\u0105 si\u0119 wok\u00f3\u0142 bada\u0144 nad&nbsp;usprawnieniem system\u00f3w produkcyjno-logistycznych, oceny dojrza\u0142o\u015bci procesowej, reorganizacji proces\u00f3w w&nbsp;\u0142a\u0144cuchach dostaw oraz&nbsp;analizy przedwdro\u017ceniowej system IT wspomagaj\u0105cych zarz\u0105dzanie logistyk\u0105.<\/p>\n","protected":false},"excerpt":{"rendered":"<p>Patronat honorowy konferencji Organizatorzy Przewodnicz\u0105cy konferencji Komitet naukowy konferencji Komitet organizacyjny konferencji Instytut Logistyki Politechniki Pozna\u0144skiej Instytut Logistyki na&nbsp;Wydziale In\u017cynierii Zarz\u0105dzania Politechniki Pozna\u0144skiej powsta\u0142 w&nbsp;2020 roku, ale&nbsp;w&nbsp;swojej dzia\u0142alno\u015bci odwo\u0142uje si\u0119 do&nbsp;Katedry Ekonomii i&nbsp;Planowania Przedsi\u0119biorstw Przemys\u0142owych, kt\u00f3ra utworzona zosta\u0142a w&nbsp;1955 roku w&nbsp;nowo powsta\u0142ej Politechnice Pozna\u0144skiej. Obecnie Instytut w&nbsp;swojej strukturze organizacyjnej obejmuje Zak\u0142ad Zarz\u0105dzania Produkcj\u0105 i&nbsp;Logistyki, Zak\u0142ad&hellip; <br \/> <a class=\"read-more\" href=\"https:\/\/interlog.put.poznan.pl\/?page_id=1354\">Dowiedz si\u0119 wi\u0119cej<\/a><\/p>\n","protected":false},"author":2,"featured_media":0,"parent":0,"menu_order":0,"comment_status":"closed","ping_status":"closed","template":"","meta":{"_themeisle_gutenberg_block_has_review":false,"footnotes":""},"class_list":["post-1354","page","type-page","status-publish","hentry"],"_links":{"self":[{"href":"https:\/\/interlog.put.poznan.pl\/index.php?rest_route=\/wp\/v2\/pages\/1354","targetHints":{"allow":["GET"]}}],"collection":[{"href":"https:\/\/interlog.put.poznan.pl\/index.php?rest_route=\/wp\/v2\/pages"}],"about":[{"href":"https:\/\/interlog.put.poznan.pl\/index.php?rest_route=\/wp\/v2\/types\/page"}],"author":[{"embeddable":true,"href":"https:\/\/interlog.put.poznan.pl\/index.php?rest_route=\/wp\/v2\/users\/2"}],"replies":[{"embeddable":true,"href":"https:\/\/interlog.put.poznan.pl\/index.php?rest_route=%2Fwp%2Fv2%2Fcomments&post=1354"}],"version-history":[{"count":14,"href":"https:\/\/interlog.put.poznan.pl\/index.php?rest_route=\/wp\/v2\/pages\/1354\/revisions"}],"predecessor-version":[{"id":1508,"href":"https:\/\/interlog.put.poznan.pl\/index.php?rest_route=\/wp\/v2\/pages\/1354\/revisions\/1508"}],"wp:attachment":[{"href":"https:\/\/interlog.put.poznan.pl\/index.php?rest_route=%2Fwp%2Fv2%2Fmedia&parent=1354"}],"curies":[{"name":"wp","href":"https:\/\/api.w.org\/{rel}","templated":true}]}}