
{"id":1363,"date":"2025-05-05T20:50:39","date_gmt":"2025-05-05T19:50:39","guid":{"rendered":"https:\/\/interlog.put.poznan.pl\/?page_id=1363"},"modified":"2025-09-17T17:26:32","modified_gmt":"2025-09-17T16:26:32","slug":"o-konferencji","status":"publish","type":"page","link":"https:\/\/interlog.put.poznan.pl\/?page_id=1363","title":{"rendered":"O konferencji"},"content":{"rendered":"\n<p class=\"has-text-align-center\"><strong>Zakres tematyczny konferencji:<\/strong> <strong>GOSPODARKA 5.0<\/strong><br><strong>LOGISTYKA \u2013 PRODUKCJA \u2013<\/strong> <strong>EKONOMIA<\/strong><\/p>\n\n\n\n<p><\/p>\n\n\n\n<a name=\"tematy\"><\/a>\n\n\n\n<div id=\"wp-block-themeisle-blocks-accordion-12050bdd\" class=\"wp-block-themeisle-blocks-accordion exclusive\">\n<details class=\"wp-block-themeisle-blocks-accordion-item\"><summary class=\"wp-block-themeisle-blocks-accordion-item__title\"><div><strong>I\u00a0obszar tematyczny: LOGISTYKA<\/strong><br><strong>Logistyka 5.0 \u2013 jeszcze trend czy\u00a0ju\u017c rzeczywisto\u015b\u0107?<\/strong><\/div><\/summary><div class=\"wp-block-themeisle-blocks-accordion-item__content\">\n<ul class=\"wp-block-list\">\n<li>Modele wdra\u017cania rozwi\u0105za\u0144 Logistyki 5.0<\/li>\n\n\n\n<li>Efektywno\u015b\u0107 system\u00f3w logistycznych<\/li>\n\n\n\n<li>Zaawansowane technologie w&nbsp;logistyce (AI, IoT, Big Data)<\/li>\n\n\n\n<li>Zr\u00f3wnowa\u017cony rozw\u00f3j i&nbsp;odporno\u015b\u0107 system\u00f3w logistycznych<\/li>\n\n\n\n<li>Cyber-Physical-Social Systems w&nbsp;logistyce<\/li>\n\n\n\n<li>Parallel Logistics System<\/li>\n\n\n\n<li>Human-Oriented Operating Systems w&nbsp;logistyce<\/li>\n\n\n\n<li>Zarz\u0105dzanie \u0142a\u0144cuchami dostaw w&nbsp;dobie cyfryzacji oraz&nbsp;Gospodarki Obiegu Zamkni\u0119tego<\/li>\n\n\n\n<li>Zarz\u0105dzanie procesami i&nbsp;projektami w&nbsp;logistyce i&nbsp;produkcji<\/li>\n\n\n\n<li>Smart Logistics Systems<\/li>\n\n\n\n<li>Zielona Logistyka<\/li>\n\n\n\n<li>Logistyka miejska<\/li>\n<\/ul>\n<\/div><\/details>\n\n\n\n<details class=\"wp-block-themeisle-blocks-accordion-item\"><summary class=\"wp-block-themeisle-blocks-accordion-item__title\"><div><strong>II\u00a0obszar tematyczny: PRODUKCJA<\/strong><br><strong>Industry 5.0 \u2013 czy\u00a0przemys\u0142 jest gotowy na\u00a0kolejn\u0105 rewolucj\u0119?<\/strong><\/div><\/summary><div class=\"wp-block-themeisle-blocks-accordion-item__content\">\n<ul class=\"wp-block-list\">\n<li>Systemy produkcyjne w&nbsp;modelach Gospodarki Obiegu Zamkni\u0119tego<\/li>\n\n\n\n<li>Cyber-Physical-Social Systems w&nbsp;produkcji<\/li>\n\n\n\n<li>Zaawansowane technologie w&nbsp;zarz\u0105dzaniu produkcj\u0105 (AI, IoT, Big Data)<\/li>\n\n\n\n<li>Smart Factory\/Smart Production System<\/li>\n\n\n\n<li>Human-Oriented-Operating System w&nbsp;produkcji<\/li>\n\n\n\n<li>Efektywno\u015b\u0107 system\u00f3w produkcyjnych<\/li>\n\n\n\n<li>Parallel Production System<\/li>\n\n\n\n<li>Modele wdra\u017cania rozwi\u0105za\u0144 Industry 5.0<\/li>\n\n\n\n<li>Zr\u00f3wnowa\u017cony rozw\u00f3j i&nbsp;odporno\u015b\u0107 system\u00f3w produkcyjnych<\/li>\n\n\n\n<li>Symulacja proces\u00f3w produkcyjno-logistycznych<\/li>\n<\/ul>\n<\/div><\/details>\n\n\n\n<details class=\"wp-block-themeisle-blocks-accordion-item\"><summary class=\"wp-block-themeisle-blocks-accordion-item__title\"><div><strong>III\u00a0obszar tematyczny: EKONOMIA<\/strong><br><strong>Ekonomia 5.0 \u2013 jak rewolucja technologiczna wp\u0142ywa na\u00a0ekonomik\u0119 przedsi\u0119biorstw?<\/strong><\/div><\/summary><div class=\"wp-block-themeisle-blocks-accordion-item__content\">\n<ul class=\"wp-block-list\">\n<li>Wp\u0142yw technologii Industry 5.0\/Logistyki 5.0 na&nbsp;ekonomik\u0119 system\u00f3w produkcyjnych\/logistycznych<\/li>\n\n\n\n<li>Zarz\u0105dzanie zasobami ludzkimi i&nbsp;spo\u0142eczn\u0105 odpowiedzialno\u015bci\u0105 biznesu<\/li>\n\n\n\n<li>Efektywno\u015b\u0107 kosztowa system\u00f3w produkcyjnych\/logistycznych w&nbsp;dobie Industry 5.0\/Logistyki 5.0<\/li>\n\n\n\n<li>Programy wsparcia rozwoju technologii i&nbsp;praktyk Industry 5.0\/Logistyki 5.0<\/li>\n\n\n\n<li>Wyzwania wsp\u00f3\u0142czesnego rachunk\u00f3w koszt\u00f3w<\/li>\n\n\n\n<li>Zielona Ekonomia<\/li>\n\n\n\n<li>Raportowanie koszt\u00f3w i&nbsp;wska\u017anik\u00f3w niefinansowych w&nbsp;zakresie zr\u00f3wnowa\u017conego rozwoju<\/li>\n\n\n\n<li>Zarz\u0105dzanie zakupami i&nbsp;zaopatrzeniem&nbsp;<\/li>\n\n\n\n<li>Ekonomiczne aspekty Gospodarki Obiegu Zamkni\u0119tego<\/li>\n\n\n\n<li>Systemy zabezpiecze\u0144 finansowych spo\u0142ecze\u0144stwa<\/li>\n<\/ul>\n<\/div><\/details>\n<\/div>\n\n\n\n<div id=\"wp-block-themeisle-blocks-accordion-7e6397f8\" class=\"wp-block-themeisle-blocks-accordion exclusive\">\n<details class=\"wp-block-themeisle-blocks-accordion-item\"><summary class=\"wp-block-themeisle-blocks-accordion-item__title\"><div><strong>Sesja specjalna<\/strong>: <strong>Umiej\u0119tno\u015bci analityki biznesowej w\u00a0\u0142a\u0144cuchach dostaw<\/strong><br><strong>Sesja specjalna w\u00a0ramach projektu BAS4SC \u2013 Business Analytics Skills for the Future \u2013 proofs Supply Chains<\/strong><\/div><\/summary><div class=\"wp-block-themeisle-blocks-accordion-item__content\">\n<p>Analityka biznesowa (BA) to&nbsp;wykorzystanie wiedzy (metod statystycznych, modeli matematycznych i&nbsp;obliczeniowych itp.) i&nbsp;technologii informatycznych do&nbsp;przekszta\u0142cenia i&nbsp;analizy du\u017cych, z\u0142o\u017conych i&nbsp;cz\u0119sto nieuporz\u0105dkowanych zbior\u00f3w danych w&nbsp;u\u017cyteczne informacje. Na&nbsp;podstawie zgromadzonych danych zidentyfikowane s\u0105&nbsp;wzorce, odkrywane zale\u017cno\u015bci lub&nbsp;przewidywane przysz\u0142e trendy, co&nbsp;pozwala podejmowa\u0107 bardziej \u015bwiadome i&nbsp;trafne decyzje zarz\u0105dcze. Wraz z&nbsp;rosn\u0105cym uzale\u017cnieniem od&nbsp;technologii i&nbsp;zalewem danych cyfrowych pojawi\u0142o si\u0119 znaczne zapotrzebowanie na&nbsp;pracownik\u00f3w, kt\u00f3rzy&nbsp;mog\u0105 wykorzysta\u0107 swoje umiej\u0119tno\u015bci cyfrowe i&nbsp;analityczne w&nbsp;obszarze logistyki i&nbsp;\u0142a\u0144cuch\u00f3w dostaw. Pojawia si\u0119 jednak&nbsp;kluczowe pytanie: jak skutecznie uczy\u0107 i&nbsp;kszta\u0142towa\u0107 kompetencje cyfrowe i&nbsp;analityczne ludzi?<br>Rozw\u00f3j takich umiej\u0119tno\u015bci wymaga po\u0142\u0105czenia teoretycznego nauczania z&nbsp;praktycznym do\u015bwiadczeniem, oraz&nbsp;wykorzystaniem innowacyjnych metod dydaktycznych, symulacji komputerowych lub&nbsp;narz\u0119dzi analitycznych. Istotna staje si\u0119 r\u00f3wnie\u017c metodologia nauczania, kt\u00f3ra&nbsp;integruje podej\u015bcie teoretyczne z&nbsp;praktycznym do\u015bwiadczeniem.&nbsp;<\/p>\n\n\n\n<p>Tematy obejmuj\u0105, ale&nbsp;nie&nbsp;ograniczaj\u0105 si\u0119 do:<\/p>\n\n\n\n<ul class=\"wp-block-list\">\n<li>Wp\u0142yw technologii Industry 5.0\/Logistyki 5.0 na&nbsp;ekonomik\u0119 system\u00f3w produkcyjnych\/logistycznych<\/li>\n\n\n\n<li>Umiej\u0119tno\u015bci z&nbsp;zakresu analityki biznesowej<\/li>\n\n\n\n<li>Nowe metodologie aktywnego uczenia si\u0119<\/li>\n\n\n\n<li>Teoretyczne nauczanie i&nbsp;praktyczne do\u015bwiadczenia<\/li>\n\n\n\n<li>Metody dydaktyczne<\/li>\n\n\n\n<li>Metodologia nauczania<\/li>\n\n\n\n<li>Systematyczne badania na&nbsp;temat umiej\u0119tno\u015bci z&nbsp;zakresu analityki biznesowej<\/li>\n\n\n\n<li>Studium przypadku<\/li>\n\n\n\n<li>Profesjonalizacja<\/li>\n\n\n\n<li>Technologie cyfrowe do&nbsp;przekszta\u0142cenia i&nbsp;analizy zbior\u00f3w danych<\/li>\n\n\n\n<li>Zaawansowane oprogramowanie analityczne<\/li>\n\n\n\n<li>Algorytmy analityczne<\/li>\n\n\n\n<li>Technologie przetwarzania w&nbsp;czasie rzeczywistym<\/li>\n\n\n\n<li>Systemy Business Intelligence<\/li>\n\n\n\n<li>Raportowanie biznesowe<\/li>\n\n\n\n<li>Zarz\u0105dzanie danymi<\/li>\n<\/ul>\n<\/div><\/details>\n\n\n\n<details class=\"wp-block-themeisle-blocks-accordion-item\"><summary class=\"wp-block-themeisle-blocks-accordion-item__title\"><div><strong>Sesja specjalna: Jak wpisa\u0107 wsp\u00f3\u0142czesne narz\u0119dzia zarz\u0105dzania i&nbsp;logistyki w&nbsp;DNA plac\u00f3wek ochrony zdrowia?<\/strong><\/div><\/summary><div class=\"wp-block-themeisle-blocks-accordion-item__content\">\n<p>Dwie perspektywy i&nbsp;dwa g\u0142osy: o&nbsp;wyzwaniach w&nbsp;ochronie zdrowia opowie dr Marcin Karolewski z&nbsp;Polskiego Towarzystwa Lekarzy Mened\u017cer\u00f3w, o&nbsp;wsp\u00f3\u0142czesnych narz\u0119dziach zarz\u0105dzania i&nbsp;logistyki dr hab. in\u017c. Agnieszka Stachowiak, prof.&nbsp;PP. Prelegenci postawi\u0105 pytania inicjuj\u0105ce dyskusj\u0119 ekspert\u00f3w &#8211; przedstawicieli \u015brodowisk lekarskich, samorz\u0105dowych i&nbsp;akademickich.&nbsp;<\/p>\n\n\n\n<p>Zapraszamy serdecznie!<\/p>\n<\/div><\/details>\n<\/div>\n\n\n\n<div id=\"wp-block-themeisle-blocks-accordion-73335f93\" class=\"wp-block-themeisle-blocks-accordion exclusive\">\n<details class=\"wp-block-themeisle-blocks-accordion-item\"><summary class=\"wp-block-themeisle-blocks-accordion-item__title\"><div><strong>Sesja specjalna dla&nbsp;m\u0142odych naukowc\u00f3w &#8211; doktorant\u00f3w oraz&nbsp;badaczy na&nbsp;wczesnym etapie kariery (postdoc)<\/strong><\/div><\/summary><div class=\"wp-block-themeisle-blocks-accordion-item__content\">\n<p>Celem sesji jest stworzenie przestrzeni do&nbsp;<strong>wymiany pogl\u0105d\u00f3w i&nbsp;do\u015bwiadcze\u0144<\/strong>, a&nbsp;tak\u017ce do&nbsp;<strong>nawi\u0105zywania kontakt\u00f3w i&nbsp;wsp\u00f3\u0142pracy naukowej<\/strong>&nbsp;pomi\u0119dzy przedstawicielami r\u00f3\u017cnych uczelni i&nbsp;o\u015brodk\u00f3w badawczych. Stanowi ona doskona\u0142\u0105 okazj\u0119 dla&nbsp;m\u0142odych naukowc\u00f3w do&nbsp;zdobycia pierwszych do\u015bwiadcze\u0144 zwi\u0105zanych z&nbsp;prezentacj\u0105 wynik\u00f3w swoich bada\u0144 \u2013 w&nbsp;<strong>przyjaznej, inspiruj\u0105cej atmosferze<\/strong>, kt\u00f3ra sprzyja otwartej dyskusji i&nbsp;rozwojowi naukowemu.<\/p>\n\n\n\n<p>Prezentacje zakwalifikowanych artyku\u0142\u00f3w przygotowanych w&nbsp;j\u0119zyku angielskim b\u0119d\u0105 odbywa\u0107 si\u0119 w&nbsp;j\u0119zyku polskim.&nbsp;<strong>Najlepsze prace zostan\u0105 rekomendowane \u2013 na&nbsp;podstawie opinii panelu recenzent\u00f3w konferencji \u2013 do&nbsp;publikacji w&nbsp;renomowanych czasopismach naukowych.<\/strong><\/p>\n\n\n\n<p>W&nbsp;ramach sesji zaplanowany jest r\u00f3wnie\u017c&nbsp;<strong>mentoring dotycz\u0105cy przygotowania wniosk\u00f3w do&nbsp;konkursu Miniatura (NCN)<\/strong>. Uczestnicy b\u0119d\u0105 mieli okazj\u0119 skonsultowa\u0107 swoje pomys\u0142y badawcze i&nbsp;otrzyma\u0107 wskaz\u00f3wki od laureat\u00f3w tej \u015bcie\u017cki finansowania,&nbsp;<strong>m.in dr in\u017c. Roman Doma\u0144ski.&nbsp;<\/strong><\/p>\n\n\n\n<p>Uczestnik\u00f3w sesji wspiera\u0107 b\u0119dzie&nbsp;<strong>zesp\u00f3\u0142 mentor\u00f3w naukowych<\/strong>, kt\u00f3ry s\u0142u\u017cy pomoc\u0105 merytoryczn\u0105 i&nbsp;wsparciem w&nbsp;rozwoju kariery naukowej:<\/p>\n\n\n\n<ul class=\"wp-block-list\">\n<li><strong>dr hab. in\u017c. Paulina Goli\u0144ska-Dawson, prof.&nbsp;PP<\/strong><\/li>\n\n\n\n<li><strong>dr hab. in\u017c. Agnieszka Stachowiak, prof.&nbsp;PP<\/strong><\/li>\n\n\n\n<li><strong>dr hab. in\u017c. \u0141ukasz Hada\u015b, prof.&nbsp;PP<\/strong><\/li>\n<\/ul>\n\n\n\n<p>Zach\u0119camy do&nbsp;zg\u0142aszania abstrakt\u00f3w za&nbsp;po\u015brednictwem strony internetowej konferencji oraz&nbsp;do&nbsp;aktywnego udzia\u0142u w&nbsp;wydarzeniu.<br><strong>Terminy oraz&nbsp;informacje organizacyjne (w tym op\u0142aty konferencyjne)<\/strong>&nbsp;dost\u0119pne s\u0105 na&nbsp;stronie:<br>\ud83d\udd17&nbsp;<a rel=\"noreferrer noopener\" href=\"https:\/\/interlog.put.poznan.pl\/\" target=\"_blank\">https:\/\/interlog.put.poznan.pl<\/a><\/p>\n\n\n\n<p><strong>Zg\u0142oszenia do&nbsp;sesji specjalnej<\/strong>&nbsp;prosz\u0119 przesy\u0142a\u0107 r\u00f3wnie\u017c mailowo na&nbsp;adres:<br>\ud83d\udce7&nbsp;<em><a>karolina.werner@put.poznan.pl<\/a><\/em><\/p>\n\n\n\n<p>podaj\u0105c nast\u0119puj\u0105ce dane:<\/p>\n\n\n\n<p>Sesja:&nbsp;<em>Sesja specjalna dla&nbsp;m\u0142odych naukowc\u00f3w (doktoranci i&nbsp;postdoc)<\/em><\/p>\n\n\n\n<p>Imi\u0119 i&nbsp;nazwisko<\/p>\n\n\n\n<p>Afiliacja<\/p>\n<\/div><\/details>\n<\/div>\n\n\n\n<a name=\"oplaty\"><\/a>\n\n\n\n<p><a><\/a><strong>Op\u0142ata konferencyjna<\/strong>:<\/p>\n\n\n\n<ul class=\"wp-block-list\">\n<li>Wczesna p\u0142atno\u015b\u0107 <strong>(do&nbsp;30 czerwca 2025 roku)<\/strong><br><strong>800 PLN<\/strong><\/li>\n\n\n\n<li>Regularna p\u0142atno\u015b\u0107 <strong>(do&nbsp;5 wrze\u015bnia 2025 roku)<\/strong><br><strong>950 PLN<\/strong><\/li>\n<\/ul>\n\n\n\n<p>Op\u0142ata konferencyjna nie&nbsp;obejmuje koszt\u00f3w publikacji artyku\u0142\u00f3w naukowych. Autorzy we&nbsp;w\u0142asnym zakresie ponosz\u0105 koszty publikacji artyku\u0142\u00f3w zgodnie z&nbsp;polityk\u0105 wydawnicz\u0105 czasopism.<\/p>\n\n\n\n<p>Do&nbsp;op\u0142aty konferencyjnej nale\u017cy doliczy\u0107 podatek VAT wg&nbsp;stawki 23%, przy&nbsp;czym osoby finansuj\u0105ce udzia\u0142 w&nbsp;konferencji co&nbsp;najmniej w&nbsp;70% ze&nbsp;\u015brodk\u00f3w publicznych mog\u0105 skorzysta\u0107 ze&nbsp;zwolnienia z&nbsp;podatku VAT.<\/p>\n\n\n\n<p>Warunkiem skorzystania ze&nbsp;zwolnienia z&nbsp;podatku VAT jest przes\u0142anie niezw\u0142ocznie po&nbsp;dokonaniu p\u0142atno\u015bci&nbsp;<a href=\"https:\/\/interlog.put.poznan.pl\/wp-content\/uploads\/2025\/04\/Wniosek-o-zwolnienie-z-VAT-Konferencja-interLOG2025.docx\">o\u015bwiadczenia&nbsp;(DOCX)<\/a>&nbsp;w&nbsp;formie elektronicznej na&nbsp;adres: fundacjapp@put.poznan.pl o&nbsp;finansowaniu udzia\u0142u w&nbsp;konferencji ze&nbsp;\u015brodk\u00f3w publicznych, podpisanego przez&nbsp;osoby upowa\u017cnione do&nbsp;zaci\u0105gania zobowi\u0105za\u0144 na&nbsp;rzecz danej instytucji.<\/p>\n\n\n\n<p>Op\u0142at\u0119 za&nbsp;udzia\u0142 w&nbsp;konferencji nale\u017cy wnie\u015b\u0107 na&nbsp;konto:<\/p>\n\n\n\n<p>Fundacja na&nbsp;rzecz rozwoju Politechniki Pozna\u0144skiej<br>Pl.&nbsp;M. Sk\u0142odowskiej-Curie 5<br>60-965 Pozna\u0144<br><strong>93 1090 1362 0000 0001 5788 9773<\/strong><br>Tytu\u0142 przelewu:&nbsp;<strong>INTERLOG2025 \u2013 imi\u0119 i&nbsp;nazwisko<\/strong><\/p>\n\n\n\n<a name=\"terminy\"><\/a>\n\n\n\n<p><a><\/a><strong>Kalendarium:<\/strong><\/p>\n\n\n\n<ul class=\"wp-block-list\">\n<li><s>15 czerwca 2025 &nbsp;&nbsp;&nbsp;&nbsp;&nbsp;&nbsp;&nbsp;&nbsp;&nbsp; \u2013 ostateczny termin przesy\u0142ania streszcze\u0144 artyku\u0142\u00f3w<\/s><\/li>\n\n\n\n<li><s>21 czerwca 2025 &nbsp;&nbsp;&nbsp;&nbsp;&nbsp;&nbsp;&nbsp;&nbsp;&nbsp; \u2013 ostateczny termin akceptacji artyku\u0142\u00f3w<\/s><\/li>\n\n\n\n<li><s>30 czerwca 2025 &nbsp;&nbsp;&nbsp;&nbsp;&nbsp;&nbsp;&nbsp;&nbsp;&nbsp; \u2013 ostateczny termin dla&nbsp;wczesnej p\u0142atno\u015bci za&nbsp;konferencj\u0119<\/s><\/li>\n\n\n\n<li><s>31 lipca 2025 &nbsp;&nbsp;&nbsp;&nbsp;&nbsp;&nbsp;&nbsp;&nbsp;&nbsp;&nbsp;&nbsp;&nbsp;&nbsp;&nbsp; \u2013 ostateczny termin rejestracji na&nbsp;konferencj\u0119<\/s><\/li>\n\n\n\n<li><s>1 wrze\u015bnia 2025 &nbsp;&nbsp;&nbsp;&nbsp;&nbsp;&nbsp;&nbsp;&nbsp;&nbsp; \u2013 przed\u0142u\u017cony termin przesy\u0142ania streszcze\u0144 artyku\u0142\u00f3w<\/s><\/li>\n\n\n\n<li><s>5 wrze\u015bnia 2025 &nbsp;&nbsp;&nbsp;&nbsp;&nbsp;&nbsp;&nbsp;&nbsp;&nbsp; \u2013 ostateczny termin akceptacji artyku\u0142\u00f3w<\/s><\/li>\n\n\n\n<li><s>5 wrze\u015bnia 2025 &nbsp;&nbsp;&nbsp;&nbsp;&nbsp;&nbsp;&nbsp;&nbsp;&nbsp;&nbsp; \u2013 ostateczny termin dokonania p\u0142atno\u015bci za&nbsp;konferencj\u0119<\/s><\/li>\n\n\n\n<li>30 wrze\u015bnia 2025 &nbsp;&nbsp;&nbsp;&nbsp;&nbsp;&nbsp;&nbsp;&nbsp; \u2013 ostateczny termin przesy\u0142ania pe\u0142nej wersji artyku\u0142\u00f3w<\/li>\n<\/ul>\n\n\n\n<p><a><\/a><strong>Rejestracja:<\/strong><\/p>\n\n\n\n<p>W&nbsp;celu zarejestrowania si\u0119 nale\u017cy wype\u0142ni\u0107 dwa niezale\u017cne formularze:<br>\u2013 <a href=\"https:\/\/forms.office.com\/pages\/responsepage.aspx?id=rLbM6ChrsUODIyzboT724c73jSWWYUhPqSrstwXcOfBUMEZXSExNVE1OSUxYTU9WT1FPSURPUjdWRiQlQCN0PWcu&amp;origin=lprLink&amp;route=shorturl\">zg\u0142oszenia uczestnictwa w&nbsp;konferencji<\/a><br>\u2013 <a href=\"https:\/\/easychair.org\/conferences?conf=interlog2025\">zg\u0142oszenia artyku\u0142u<\/a><\/p>\n\n\n\n<a name=\"miejscekonf\"><\/a>\n\n\n\n<p><strong>Miejsce konferencji:<\/strong><\/p>\n\n\n\n<p>Wydzia\u0142 In\u017cynierii Zarz\u0105dzania Politechniki Pozna\u0144skiej<br>ul.&nbsp;Jacka Rychlewskiego 2, 60-965 Pozna\u0144<\/p>\n\n\n<div class=\"wp-block-image\">\n<figure class=\"aligncenter size-full is-resized\"><img loading=\"lazy\" decoding=\"async\" width=\"4096\" height=\"2316\" src=\"https:\/\/interlog.put.poznan.pl\/wp-content\/uploads\/2024\/02\/put-2-2.png\" alt=\"\" class=\"wp-image-520\" style=\"width:561px;height:auto\" srcset=\"https:\/\/interlog.put.poznan.pl\/wp-content\/uploads\/2024\/02\/put-2-2.png 4096w, https:\/\/interlog.put.poznan.pl\/wp-content\/uploads\/2024\/02\/put-2-2-300x170.png 300w, https:\/\/interlog.put.poznan.pl\/wp-content\/uploads\/2024\/02\/put-2-2-1024x579.png 1024w, https:\/\/interlog.put.poznan.pl\/wp-content\/uploads\/2024\/02\/put-2-2-768x434.png 768w, https:\/\/interlog.put.poznan.pl\/wp-content\/uploads\/2024\/02\/put-2-2-1536x869.png 1536w, https:\/\/interlog.put.poznan.pl\/wp-content\/uploads\/2024\/02\/put-2-2-2048x1158.png 2048w\" sizes=\"auto, (max-width: 4096px) 100vw, 4096px\" \/><\/figure><\/div>\n\n\n<p class=\"has-text-align-center\"><br>Zapraszamy na&nbsp;wirtualny spacer po&nbsp;budynku WAWIZ<br><a href=\"https:\/\/my.matterport.com\/show\/?m=WW9CB1FTxEp\">KLIKNIJ, \u017ceby&nbsp;sprawdzi\u0107 jak wygl\u0105da Wydzia\u0142 In\u017cynierii Zarz\u0105dzania<\/a><\/p>\n\n\n\n<p><strong>PARKING<\/strong><\/p>\n\n\n\n<p>Szanowni Pa\u0144stwo,<\/p>\n\n\n\n<p>uprzejmie informujemy, \u017ce&nbsp;w&nbsp;dniach&nbsp;<strong>18\u201319 wrze\u015bnia&nbsp;<\/strong>b\u0119dzie dost\u0119pny dla&nbsp;Pa\u0144stwa&nbsp;<strong>parking studencki (szlaban nr 10)<\/strong>.<\/p>\n\n\n\n<figure class=\"wp-block-image size-large\"><img loading=\"lazy\" decoding=\"async\" width=\"1024\" height=\"750\" src=\"https:\/\/interlog.put.poznan.pl\/wp-content\/uploads\/2025\/09\/interLOG-2025-Informacje-dot.-miejsc-parkingowych-podczas-konferencji-1024x750.png\" alt=\"\" class=\"wp-image-1572\" srcset=\"https:\/\/interlog.put.poznan.pl\/wp-content\/uploads\/2025\/09\/interLOG-2025-Informacje-dot.-miejsc-parkingowych-podczas-konferencji-1024x750.png 1024w, https:\/\/interlog.put.poznan.pl\/wp-content\/uploads\/2025\/09\/interLOG-2025-Informacje-dot.-miejsc-parkingowych-podczas-konferencji-300x220.png 300w, https:\/\/interlog.put.poznan.pl\/wp-content\/uploads\/2025\/09\/interLOG-2025-Informacje-dot.-miejsc-parkingowych-podczas-konferencji-768x563.png 768w, https:\/\/interlog.put.poznan.pl\/wp-content\/uploads\/2025\/09\/interLOG-2025-Informacje-dot.-miejsc-parkingowych-podczas-konferencji.png 1234w\" sizes=\"auto, (max-width: 1024px) 100vw, 1024px\" \/><\/figure>\n\n\n\n<p>Dost\u0119p do&nbsp;parkingu mo\u017cliwy b\u0119dzie po&nbsp;podaniu has\u0142a:&nbsp;<strong>\u201e70 lat nauk o&nbsp;zarz\u0105dzaniu\u201d<\/strong>.<\/p>\n\n\n\n<p>W&nbsp;wyznaczonych godzinach przy&nbsp;szlabanie obecny b\u0119dzie pracownik&nbsp;<strong>Stra\u017cy Akademickiej Politechniki Pozna\u0144skiej:<\/strong><\/p>\n\n\n\n<p><strong>czwartek, 18.09.<\/strong>&nbsp;\u2013 8:00\u201310:00, 16:30\u201317:30, 19:00\u201320:10, 23:00\u201301:00<\/p>\n\n\n\n<p><strong>pi\u0105tek, 19.09.<\/strong>&nbsp;\u2013 8:30\u201310:00, 15:00\u201316:00<\/p>\n\n\n\n<p><strong>Uprzejmie prosimy o&nbsp;uwzgl\u0119dnienie powy\u017cszych informacji w&nbsp;Pa\u0144stwa planach przyjazdu.<\/strong><\/p>\n","protected":false},"excerpt":{"rendered":"<p>Zakres tematyczny konferencji: GOSPODARKA 5.0LOGISTYKA \u2013 PRODUKCJA \u2013 EKONOMIA Op\u0142ata konferencyjna: Op\u0142ata konferencyjna nie&nbsp;obejmuje koszt\u00f3w publikacji artyku\u0142\u00f3w naukowych. Autorzy we&nbsp;w\u0142asnym zakresie ponosz\u0105 koszty publikacji artyku\u0142\u00f3w zgodnie z&nbsp;polityk\u0105 wydawnicz\u0105 czasopism. Do&nbsp;op\u0142aty konferencyjnej nale\u017cy doliczy\u0107 podatek VAT wg&nbsp;stawki 23%, przy&nbsp;czym osoby finansuj\u0105ce udzia\u0142 w&nbsp;konferencji co&nbsp;najmniej w&nbsp;70% ze&nbsp;\u015brodk\u00f3w publicznych mog\u0105 skorzysta\u0107 ze&nbsp;zwolnienia z&nbsp;podatku VAT. Warunkiem skorzystania ze&nbsp;zwolnienia z&nbsp;podatku&hellip; <br \/> <a class=\"read-more\" href=\"https:\/\/interlog.put.poznan.pl\/?page_id=1363\">Dowiedz si\u0119 wi\u0119cej<\/a><\/p>\n","protected":false},"author":2,"featured_media":0,"parent":0,"menu_order":0,"comment_status":"closed","ping_status":"closed","template":"","meta":{"_themeisle_gutenberg_block_has_review":false,"footnotes":""},"class_list":["post-1363","page","type-page","status-publish","hentry"],"_links":{"self":[{"href":"https:\/\/interlog.put.poznan.pl\/index.php?rest_route=\/wp\/v2\/pages\/1363","targetHints":{"allow":["GET"]}}],"collection":[{"href":"https:\/\/interlog.put.poznan.pl\/index.php?rest_route=\/wp\/v2\/pages"}],"about":[{"href":"https:\/\/interlog.put.poznan.pl\/index.php?rest_route=\/wp\/v2\/types\/page"}],"author":[{"embeddable":true,"href":"https:\/\/interlog.put.poznan.pl\/index.php?rest_route=\/wp\/v2\/users\/2"}],"replies":[{"embeddable":true,"href":"https:\/\/interlog.put.poznan.pl\/index.php?rest_route=%2Fwp%2Fv2%2Fcomments&post=1363"}],"version-history":[{"count":27,"href":"https:\/\/interlog.put.poznan.pl\/index.php?rest_route=\/wp\/v2\/pages\/1363\/revisions"}],"predecessor-version":[{"id":1574,"href":"https:\/\/interlog.put.poznan.pl\/index.php?rest_route=\/wp\/v2\/pages\/1363\/revisions\/1574"}],"wp:attachment":[{"href":"https:\/\/interlog.put.poznan.pl\/index.php?rest_route=%2Fwp%2Fv2%2Fmedia&parent=1363"}],"curies":[{"name":"wp","href":"https:\/\/api.w.org\/{rel}","templated":true}]}}