
{"id":1368,"date":"2025-05-05T21:01:39","date_gmt":"2025-05-05T20:01:39","guid":{"rendered":"https:\/\/interlog.put.poznan.pl\/?page_id=1368"},"modified":"2025-05-12T17:08:43","modified_gmt":"2025-05-12T16:08:43","slug":"kontakt","status":"publish","type":"page","link":"https:\/\/interlog.put.poznan.pl\/?page_id=1368","title":{"rendered":"Kontakt"},"content":{"rendered":"\n<div class=\"wp-block-columns is-layout-flex wp-container-core-columns-is-layout-1 wp-block-columns-is-layout-flex\">\n<div class=\"wp-block-column is-layout-flow wp-block-column-is-layout-flow\"><div class=\"wp-block-image\">\n<figure class=\"aligncenter size-full is-resized\"><img loading=\"lazy\" decoding=\"async\" width=\"466\" height=\"466\" src=\"https:\/\/interlog.put.poznan.pl\/wp-content\/uploads\/2025\/04\/in_1-1.png\" alt=\"\" class=\"wp-image-1229\" style=\"width:174px;height:auto\" srcset=\"https:\/\/interlog.put.poznan.pl\/wp-content\/uploads\/2025\/04\/in_1-1.png 466w, https:\/\/interlog.put.poznan.pl\/wp-content\/uploads\/2025\/04\/in_1-1-300x300.png 300w, https:\/\/interlog.put.poznan.pl\/wp-content\/uploads\/2025\/04\/in_1-1-150x150.png 150w\" sizes=\"auto, (max-width: 466px) 100vw, 466px\" \/><\/figure><\/div>\n\n\n<p class=\"has-text-align-center\">LinkedIn<\/p>\n\n\n\n<p class=\"has-text-align-center\"><br><a href=\"https:\/\/www.linkedin.com\/company\/interlog-interdyscyplinarna-konferencja-naukowa\/?viewAsMember=true\">linkedin.com<\/a><\/p>\n<\/div>\n\n\n\n<div class=\"wp-block-column is-layout-flow wp-block-column-is-layout-flow\"><div class=\"wp-block-image\">\n<figure class=\"aligncenter size-large is-resized\"><a href=\"interlog.@put.poznan.pl\"><img loading=\"lazy\" decoding=\"async\" width=\"1024\" height=\"838\" src=\"https:\/\/interlog.put.poznan.pl\/wp-content\/uploads\/2024\/02\/mailnavy-1024x838.png\" alt=\"\" class=\"wp-image-581\" style=\"width:214px;height:auto\" srcset=\"https:\/\/interlog.put.poznan.pl\/wp-content\/uploads\/2024\/02\/mailnavy-1024x838.png 1024w, https:\/\/interlog.put.poznan.pl\/wp-content\/uploads\/2024\/02\/mailnavy-300x245.png 300w, https:\/\/interlog.put.poznan.pl\/wp-content\/uploads\/2024\/02\/mailnavy-768x628.png 768w, https:\/\/interlog.put.poznan.pl\/wp-content\/uploads\/2024\/02\/mailnavy-1536x1256.png 1536w, https:\/\/interlog.put.poznan.pl\/wp-content\/uploads\/2024\/02\/mailnavy.png 2048w\" sizes=\"auto, (max-width: 1024px) 100vw, 1024px\" \/><\/a><\/figure><\/div>\n\n\n<p class=\"has-text-align-center\">E-mail<\/p>\n\n\n\n<p class=\"has-text-align-center\">dr in\u017c. Natalia Pawlak<br><a href=\"mailto:interlog@put.poznan.pl\">interlog@put.poznan.pl<\/a><\/p>\n<\/div>\n\n\n\n<div class=\"wp-block-column is-layout-flow wp-block-column-is-layout-flow\"><div class=\"wp-block-image\">\n<figure class=\"aligncenter size-full is-resized\"><img loading=\"lazy\" decoding=\"async\" width=\"209\" height=\"199\" src=\"https:\/\/interlog.put.poznan.pl\/wp-content\/uploads\/2024\/02\/mapnavy.png\" alt=\"\" class=\"wp-image-582\" style=\"width:179px;height:auto\"\/><\/figure><\/div>\n\n\n<p class=\"has-text-align-center\">Adres<\/p>\n\n\n\n<p class=\"has-text-align-center\">Politechnika Pozna\u0144ska<br><a href=\"https:\/\/www.fem.put.poznan.pl\">Wydzia\u0142 In\u017cynierii Zarz\u0105dzania<br><\/a>ul. Jacka Rychlewskiego 2,<br>60-965 Pozna\u0144<\/p>\n<\/div>\n<\/div>\n\n\n\n<p><\/p>\n","protected":false},"excerpt":{"rendered":"<p>LinkedIn linkedin.com E-mail dr in\u017c. Natalia Pawlakinterlog@put.poznan.pl Adres Politechnika Pozna\u0144skaWydzia\u0142 In\u017cynierii Zarz\u0105dzaniaul. Jacka Rychlewskiego 2,60-965 Pozna\u0144<\/p>\n","protected":false},"author":2,"featured_media":0,"parent":0,"menu_order":0,"comment_status":"closed","ping_status":"closed","template":"","meta":{"_themeisle_gutenberg_block_has_review":false,"footnotes":""},"class_list":["post-1368","page","type-page","status-publish","hentry"],"_links":{"self":[{"href":"https:\/\/interlog.put.poznan.pl\/index.php?rest_route=\/wp\/v2\/pages\/1368","targetHints":{"allow":["GET"]}}],"collection":[{"href":"https:\/\/interlog.put.poznan.pl\/index.php?rest_route=\/wp\/v2\/pages"}],"about":[{"href":"https:\/\/interlog.put.poznan.pl\/index.php?rest_route=\/wp\/v2\/types\/page"}],"author":[{"embeddable":true,"href":"https:\/\/interlog.put.poznan.pl\/index.php?rest_route=\/wp\/v2\/users\/2"}],"replies":[{"embeddable":true,"href":"https:\/\/interlog.put.poznan.pl\/index.php?rest_route=%2Fwp%2Fv2%2Fcomments&post=1368"}],"version-history":[{"count":5,"href":"https:\/\/interlog.put.poznan.pl\/index.php?rest_route=\/wp\/v2\/pages\/1368\/revisions"}],"predecessor-version":[{"id":1408,"href":"https:\/\/interlog.put.poznan.pl\/index.php?rest_route=\/wp\/v2\/pages\/1368\/revisions\/1408"}],"wp:attachment":[{"href":"https:\/\/interlog.put.poznan.pl\/index.php?rest_route=%2Fwp%2Fv2%2Fmedia&parent=1368"}],"curies":[{"name":"wp","href":"https:\/\/api.w.org\/{rel}","templated":true}]}}