
{"id":1387,"date":"2025-05-06T10:55:37","date_gmt":"2025-05-06T09:55:37","guid":{"rendered":"https:\/\/interlog.put.poznan.pl\/?page_id=1387"},"modified":"2025-09-17T17:17:45","modified_gmt":"2025-09-17T16:17:45","slug":"mesmerize","status":"publish","type":"page","link":"https:\/\/interlog.put.poznan.pl\/","title":{"rendered":"Front Page"},"content":{"rendered":"<div  data-label=\"Features\" data-id=\"features--1\" data-export-id=\"features-12\" data-category=\"features\" class=\"features-12 content-section content-section-spacing\" id=\"features-1\" style=\"background-color: rgb(255, 255, 255);\"><div  class=\"gridContainer\"> <div  class=\"row text-center\"><div  class=\"section-title-col\" data-type=\"column\"> <h2  class=\"\">interLOG 2025<\/h2> <p  class=\"lead\">Mamy zaszczyt i&nbsp;przyjemno\u015b\u0107 zaprosi\u0107 Pa\u0144stwa na<br >interLOG 2025 \u2013 Interdyscyplinarn\u0105 Konferencj\u0119 Naukow\u0105 Logistyka \u2013 Produkcja \u2013 Ekonomia.\n\n<br >Jest to&nbsp;coroczna konferencja organizowana na&nbsp;pocz\u0105tku lipca \n<br >przez&nbsp;Instytut Logistyki Wydzia\u0142u In\u017cynierii Zarz\u0105dzania Politechniki Pozna\u0144skiej.&nbsp; \n<br >W&nbsp;tym roku wyj\u0105tkowo \u2013 ze&nbsp;wzgl\u0119du na&nbsp;obchody Jubileuszu 70-lecia nauk o&nbsp;zarz\u0105dzaniu na&nbsp;Politechnice Pozna\u0144skiej \n<br >\u2013 odb\u0119dzie si\u0119 w&nbsp;dniach 18-19 wrze\u015bnia 2025 roku. \n<br >Celem konferencji jest stworzenie przestrzeni do&nbsp;dyskusji naukowej nad&nbsp;bie\u017c\u0105cymi trendami i&nbsp;wyzwaniami w&nbsp;zakresie logistyki, produkcji i&nbsp;ekonomii. \n<br >Mamy nadziej\u0119, \u017ce&nbsp;ka\u017cdy uczestnik znajdzie co\u015b dla&nbsp;siebie \u2013 podzieli si\u0119 swoimi osi\u0105gni\u0119ciami, nawi\u0105\u017ce nowe relacje naukowe czy&nbsp;te\u017c biznesowe, lub&nbsp;wymieni si\u0119 cennymi do\u015bwiadczeniami. \n<br >Do&nbsp;udzia\u0142u w&nbsp;konferencji zapraszamy przedstawicieli nauki i&nbsp;biznesu, ekspert\u00f3w oraz&nbsp;praktyk\u00f3w, m\u0142odych naukowc\u00f3w oraz&nbsp;student\u00f3w.\n<\/p><\/div> <\/div> <div  class=\"row spaced-cols\" data-type=\"row\">  <div  class=\"col-sm-6\"><div  class=\"row space-bottom\"> <div  class=\"col-sm-fit icon-column\" data-preview-empty=\"1\"><\/div> <div  class=\"col-sm\" data-type=\"column\"><h5  class=\"color2\"><\/h5> <\/div> <\/div><\/div>   <\/div><\/div> <\/div><div  data-label=\"Cta\" data-id=\"cta--1\" data-export-id=\"cta-blue-section\" data-category=\"cta\" class=\"cta-blue-section content-section content-section-spacing-medium bg-color1 white-text\" id=\"cta-1\"><div  class=\"gridContainer\"> <div  class=\"row middle-xs\"><div  class=\"col-sm-8 space-bottom-xs\" data-type=\"column\"> <h2  class=\"\">Program szczeg\u00f3\u0142owy konferencji ju\u017c dost\u0119pny! Zapraszamy do&nbsp;zapoznania si\u0119.<\/h2> <\/div> <div  class=\"col-sm-4 end-sm\" data-type=\"column\"> <a  class=\"button color2\" href=\"https:\/\/interlog.put.poznan.pl\/wp-content\/uploads\/2025\/09\/interLOG-2025_Program-szczegolowy_18-19.09.pdf\" target=\"_blank\" data-cp-link=\"1\">PROGRAM<\/a><\/div> <\/div><\/div> <\/div><div  data-label=\"Overlappable\" data-id=\"overlappable--1\" data-export-id=\"overlappable-4\" data-category=\"overlappable\" class=\"overlappable-4 content-section content-section-spacing\" data-overlap=\"true\" id=\"overlappable-1\" style=\"background-color: rgb(255, 255, 255);\"><div  class=\"gridContainer\"> <div  data-type=\"row\" class=\"row spaced-cols text-center\">  <div  class=\"col-xs-12 col-sm-4 col-padding\">  <div  data-type=\"column\" class=\"\"> <\/div> <\/div><\/div> <\/div><\/div><div  data-label=\"Clients\" data-id=\"clients--2\" data-export-id=\"clients-4\" data-category=\"clients\" class=\"clients-4 content-section content-section-spacing-small\" id=\"clients-2\" style=\"background-color: rgb(255, 255, 255);\"><div  class=\"gridContainer\"> <div  class=\"row\"><div  data-type=\"column\" class=\"section-title-col\"> <h2  class=\"font-700\">Patronat honorowy InterLog2025<\/h2> <\/div> <\/div> <div  data-type=\"row\" class=\"row spaced-cols middle-xs center-xs space-bottom padding-lr\"> <div  class=\"col-xs-6 col-sm-2\"> <img  decoding=\"async\" src=\"https:\/\/interlog.put.poznan.pl\/wp-content\/uploads\/2025\/09\/cropped-cropped-Patronat-Honorowy-PMP_kolor-scaled-1.jpg\" class=\"\" title=\"Patronat Honorowy PMP_kolor\" alt=\"\"><\/div><div  class=\"col-xs-6 col-sm-2\"> <img  decoding=\"async\" src=\"https:\/\/interlog.put.poznan.pl\/wp-content\/uploads\/2025\/09\/Aquanet-Logotyp-EPS.png\" class=\"\" title=\"Aquanet Logotyp EPS\" alt=\"\"><\/div> <div  class=\"col-xs-6 col-sm-2\"> <img  decoding=\"async\" src=\"https:\/\/interlog.put.poznan.pl\/wp-content\/uploads\/2025\/09\/cropped-terlan_logo.png\" class=\"\" title=\"cropped-terlan_logo.png\" alt=\"\"><\/div> <div  class=\"col-xs-6 col-sm-2\"> <img  decoding=\"async\" src=\"https:\/\/interlog.put.poznan.pl\/wp-content\/uploads\/2025\/09\/MillanoGroup-53233e.svg\" class=\"\" title=\"MillanoGroup-53233e\" alt=\"\"><\/div>    <div  class=\"col-xs-6 col-sm-2\"> <img  decoding=\"async\" src=\"https:\/\/interlog.put.poznan.pl\/wp-content\/uploads\/2025\/09\/cropped-PTE.png\" class=\"\" title=\"cropped-PTE.png\" alt=\"\"><\/div><div  class=\"col-xs-6 col-sm-2\"> <img  decoding=\"async\" src=\"https:\/\/interlog.put.poznan.pl\/wp-content\/uploads\/2025\/09\/cropped-FRRPP.png\" class=\"\" title=\"cropped-FRRPP.png\" alt=\"\"><\/div><\/div><\/div> <\/div>","protected":false},"excerpt":{"rendered":"<p>interLOG 2025 Mamy zaszczyt i&nbsp;przyjemno\u015b\u0107 zaprosi\u0107 Pa\u0144stwa nainterLOG 2025 \u2013 Interdyscyplinarn\u0105 Konferencj\u0119 Naukow\u0105 Logistyka \u2013 Produkcja \u2013 Ekonomia. Jest to&nbsp;coroczna konferencja organizowana na&nbsp;pocz\u0105tku lipca przez&nbsp;Instytut Logistyki Wydzia\u0142u In\u017cynierii Zarz\u0105dzania Politechniki Pozna\u0144skiej.&nbsp; W&nbsp;tym roku wyj\u0105tkowo \u2013 ze&nbsp;wzgl\u0119du na&nbsp;obchody Jubileuszu 70-lecia nauk o&nbsp;zarz\u0105dzaniu na&nbsp;Politechnice Pozna\u0144skiej \u2013 odb\u0119dzie si\u0119 w&nbsp;dniach 18-19 wrze\u015bnia 2025 roku. Celem konferencji jest stworzenie&hellip; <br \/> <a class=\"read-more\" href=\"https:\/\/interlog.put.poznan.pl\/\">Dowiedz si\u0119 wi\u0119cej<\/a><\/p>\n","protected":false},"author":2,"featured_media":0,"parent":0,"menu_order":0,"comment_status":"closed","ping_status":"closed","template":"page-templates\/homepage.php","meta":{"_themeisle_gutenberg_block_has_review":false,"footnotes":""},"class_list":["post-1387","page","type-page","status-publish","hentry"],"_links":{"self":[{"href":"https:\/\/interlog.put.poznan.pl\/index.php?rest_route=\/wp\/v2\/pages\/1387","targetHints":{"allow":["GET"]}}],"collection":[{"href":"https:\/\/interlog.put.poznan.pl\/index.php?rest_route=\/wp\/v2\/pages"}],"about":[{"href":"https:\/\/interlog.put.poznan.pl\/index.php?rest_route=\/wp\/v2\/types\/page"}],"author":[{"embeddable":true,"href":"https:\/\/interlog.put.poznan.pl\/index.php?rest_route=\/wp\/v2\/users\/2"}],"replies":[{"embeddable":true,"href":"https:\/\/interlog.put.poznan.pl\/index.php?rest_route=%2Fwp%2Fv2%2Fcomments&post=1387"}],"version-history":[{"count":15,"href":"https:\/\/interlog.put.poznan.pl\/index.php?rest_route=\/wp\/v2\/pages\/1387\/revisions"}],"predecessor-version":[{"id":1556,"href":"https:\/\/interlog.put.poznan.pl\/index.php?rest_route=\/wp\/v2\/pages\/1387\/revisions\/1556"}],"wp:attachment":[{"href":"https:\/\/interlog.put.poznan.pl\/index.php?rest_route=%2Fwp%2Fv2%2Fmedia&parent=1387"}],"curies":[{"name":"wp","href":"https:\/\/api.w.org\/{rel}","templated":true}]}}