
{"id":1583,"date":"2026-05-06T13:06:45","date_gmt":"2026-05-06T12:06:45","guid":{"rendered":"https:\/\/interlog.put.poznan.pl\/?page_id=1583"},"modified":"2026-05-06T13:06:46","modified_gmt":"2026-05-06T12:06:46","slug":"interlog-2025","status":"publish","type":"page","link":"https:\/\/interlog.put.poznan.pl\/?page_id=1583","title":{"rendered":"InterLog 2025"},"content":{"rendered":"\n<p class=\"has-text-align-center\"><strong>interLOG 2025 \u2013 Interdyscyplinarna Konferencja Naukowa <\/strong><br><strong>Logistyka \u2013 Produkcja \u2013 Ekonomia<br>18-19 wrze\u015bnia 202<\/strong>5<\/p>\n\n\n\n<p class=\"has-text-align-left has-neve-link-color-color has-text-color has-link-color has-medium-font-size wp-elements-650eb112222a1a656251b83775068ffa\"><\/p>\n\n\n\n<p class=\"has-text-align-left has-neve-link-color-color has-text-color has-link-color has-medium-font-size wp-elements-ffc41284e9c70c47cde519853f40b8a9\"><strong>Zakres tematyczny konferencji:<\/strong> <strong>GOSPODARKA 5.0<\/strong><br><strong>LOGISTYKA \u2013 PRODUKCJA \u2013<\/strong> <strong>EKONOMIA<\/strong><\/p>\n\n\n\n<p><\/p>\n\n\n\n<a name=\"tematy\"><\/a>\n\n\n\n<div id=\"wp-block-themeisle-blocks-accordion-12050bdd\" class=\"wp-block-themeisle-blocks-accordion exclusive\">\n<details class=\"wp-block-themeisle-blocks-accordion-item\"><summary class=\"wp-block-themeisle-blocks-accordion-item__title\"><div><strong>I\u00a0obszar tematyczny: LOGISTYKA<\/strong><br><strong>Logistyka 5.0 \u2013 jeszcze trend czy\u00a0ju\u017c rzeczywisto\u015b\u0107?<\/strong><\/div><\/summary><div class=\"wp-block-themeisle-blocks-accordion-item__content\">\n<ul class=\"wp-block-list\">\n<li>Modele wdra\u017cania rozwi\u0105za\u0144 Logistyki 5.0<\/li>\n\n\n\n<li>Efektywno\u015b\u0107 system\u00f3w logistycznych<\/li>\n\n\n\n<li>Zaawansowane technologie w&nbsp;logistyce (AI, IoT, Big Data)<\/li>\n\n\n\n<li>Zr\u00f3wnowa\u017cony rozw\u00f3j i&nbsp;odporno\u015b\u0107 system\u00f3w logistycznych<\/li>\n\n\n\n<li>Cyber-Physical-Social Systems w&nbsp;logistyce<\/li>\n\n\n\n<li>Parallel Logistics System<\/li>\n\n\n\n<li>Human-Oriented Operating Systems w&nbsp;logistyce<\/li>\n\n\n\n<li>Zarz\u0105dzanie \u0142a\u0144cuchami dostaw w&nbsp;dobie cyfryzacji oraz&nbsp;Gospodarki Obiegu Zamkni\u0119tego<\/li>\n\n\n\n<li>Zarz\u0105dzanie procesami i&nbsp;projektami w&nbsp;logistyce i&nbsp;produkcji<\/li>\n\n\n\n<li>Smart Logistics Systems<\/li>\n\n\n\n<li>Zielona Logistyka<\/li>\n\n\n\n<li>Logistyka miejska<\/li>\n<\/ul>\n<\/div><\/details>\n\n\n\n<details class=\"wp-block-themeisle-blocks-accordion-item\"><summary class=\"wp-block-themeisle-blocks-accordion-item__title\"><div><strong>II\u00a0obszar tematyczny: PRODUKCJA<\/strong><br><strong>Industry 5.0 \u2013 czy\u00a0przemys\u0142 jest gotowy na\u00a0kolejn\u0105 rewolucj\u0119?<\/strong><\/div><\/summary><div class=\"wp-block-themeisle-blocks-accordion-item__content\">\n<ul class=\"wp-block-list\">\n<li>Systemy produkcyjne w&nbsp;modelach Gospodarki Obiegu Zamkni\u0119tego<\/li>\n\n\n\n<li>Cyber-Physical-Social Systems w&nbsp;produkcji<\/li>\n\n\n\n<li>Zaawansowane technologie w&nbsp;zarz\u0105dzaniu produkcj\u0105 (AI, IoT, Big Data)<\/li>\n\n\n\n<li>Smart Factory\/Smart Production System<\/li>\n\n\n\n<li>Human-Oriented-Operating System w&nbsp;produkcji<\/li>\n\n\n\n<li>Efektywno\u015b\u0107 system\u00f3w produkcyjnych<\/li>\n\n\n\n<li>Parallel Production System<\/li>\n\n\n\n<li>Modele wdra\u017cania rozwi\u0105za\u0144 Industry 5.0<\/li>\n\n\n\n<li>Zr\u00f3wnowa\u017cony rozw\u00f3j i&nbsp;odporno\u015b\u0107 system\u00f3w produkcyjnych<\/li>\n\n\n\n<li>Symulacja proces\u00f3w produkcyjno-logistycznych<\/li>\n<\/ul>\n<\/div><\/details>\n\n\n\n<details class=\"wp-block-themeisle-blocks-accordion-item\"><summary class=\"wp-block-themeisle-blocks-accordion-item__title\"><div><strong>III\u00a0obszar tematyczny: EKONOMIA<\/strong><br><strong>Ekonomia 5.0 \u2013 jak rewolucja technologiczna wp\u0142ywa na\u00a0ekonomik\u0119 przedsi\u0119biorstw?<\/strong><\/div><\/summary><div class=\"wp-block-themeisle-blocks-accordion-item__content\">\n<ul class=\"wp-block-list\">\n<li>Wp\u0142yw technologii Industry 5.0\/Logistyki 5.0 na&nbsp;ekonomik\u0119 system\u00f3w produkcyjnych\/logistycznych<\/li>\n\n\n\n<li>Zarz\u0105dzanie zasobami ludzkimi i&nbsp;spo\u0142eczn\u0105 odpowiedzialno\u015bci\u0105 biznesu<\/li>\n\n\n\n<li>Efektywno\u015b\u0107 kosztowa system\u00f3w produkcyjnych\/logistycznych w&nbsp;dobie Industry 5.0\/Logistyki 5.0<\/li>\n\n\n\n<li>Programy wsparcia rozwoju technologii i&nbsp;praktyk Industry 5.0\/Logistyki 5.0<\/li>\n\n\n\n<li>Wyzwania wsp\u00f3\u0142czesnego rachunk\u00f3w koszt\u00f3w<\/li>\n\n\n\n<li>Zielona Ekonomia<\/li>\n\n\n\n<li>Raportowanie koszt\u00f3w i&nbsp;wska\u017anik\u00f3w niefinansowych w&nbsp;zakresie zr\u00f3wnowa\u017conego rozwoju<\/li>\n\n\n\n<li>Zarz\u0105dzanie zakupami i&nbsp;zaopatrzeniem&nbsp;<\/li>\n\n\n\n<li>Ekonomiczne aspekty Gospodarki Obiegu Zamkni\u0119tego<\/li>\n\n\n\n<li>Systemy zabezpiecze\u0144 finansowych spo\u0142ecze\u0144stwa<\/li>\n<\/ul>\n<\/div><\/details>\n<\/div>\n\n\n\n<div id=\"wp-block-themeisle-blocks-accordion-7e6397f8\" class=\"wp-block-themeisle-blocks-accordion exclusive\">\n<details class=\"wp-block-themeisle-blocks-accordion-item\"><summary class=\"wp-block-themeisle-blocks-accordion-item__title\"><div><strong>Sesja specjalna<\/strong>: <strong>Umiej\u0119tno\u015bci analityki biznesowej w\u00a0\u0142a\u0144cuchach dostaw<\/strong><br><strong>Sesja specjalna w\u00a0ramach projektu BAS4SC \u2013 Business Analytics Skills for the Future \u2013 proofs Supply Chains<\/strong><\/div><\/summary><div class=\"wp-block-themeisle-blocks-accordion-item__content\">\n<p>Analityka biznesowa (BA) to&nbsp;wykorzystanie wiedzy (metod statystycznych, modeli matematycznych i&nbsp;obliczeniowych itp.) i&nbsp;technologii informatycznych do&nbsp;przekszta\u0142cenia i&nbsp;analizy du\u017cych, z\u0142o\u017conych i&nbsp;cz\u0119sto nieuporz\u0105dkowanych zbior\u00f3w danych w&nbsp;u\u017cyteczne informacje. Na&nbsp;podstawie zgromadzonych danych zidentyfikowane s\u0105&nbsp;wzorce, odkrywane zale\u017cno\u015bci lub&nbsp;przewidywane przysz\u0142e trendy, co&nbsp;pozwala podejmowa\u0107 bardziej \u015bwiadome i&nbsp;trafne decyzje zarz\u0105dcze. Wraz z&nbsp;rosn\u0105cym uzale\u017cnieniem od&nbsp;technologii i&nbsp;zalewem danych cyfrowych pojawi\u0142o si\u0119 znaczne zapotrzebowanie na&nbsp;pracownik\u00f3w, kt\u00f3rzy&nbsp;mog\u0105 wykorzysta\u0107 swoje umiej\u0119tno\u015bci cyfrowe i&nbsp;analityczne w&nbsp;obszarze logistyki i&nbsp;\u0142a\u0144cuch\u00f3w dostaw. Pojawia si\u0119 jednak&nbsp;kluczowe pytanie: jak skutecznie uczy\u0107 i&nbsp;kszta\u0142towa\u0107 kompetencje cyfrowe i&nbsp;analityczne ludzi?<br>Rozw\u00f3j takich umiej\u0119tno\u015bci wymaga po\u0142\u0105czenia teoretycznego nauczania z&nbsp;praktycznym do\u015bwiadczeniem, oraz&nbsp;wykorzystaniem innowacyjnych metod dydaktycznych, symulacji komputerowych lub&nbsp;narz\u0119dzi analitycznych. Istotna staje si\u0119 r\u00f3wnie\u017c metodologia nauczania, kt\u00f3ra&nbsp;integruje podej\u015bcie teoretyczne z&nbsp;praktycznym do\u015bwiadczeniem.&nbsp;<\/p>\n\n\n\n<p>Tematy obejmuj\u0105, ale&nbsp;nie&nbsp;ograniczaj\u0105 si\u0119 do:<\/p>\n\n\n\n<ul class=\"wp-block-list\">\n<li>Wp\u0142yw technologii Industry 5.0\/Logistyki 5.0 na&nbsp;ekonomik\u0119 system\u00f3w produkcyjnych\/logistycznych<\/li>\n\n\n\n<li>Umiej\u0119tno\u015bci z&nbsp;zakresu analityki biznesowej<\/li>\n\n\n\n<li>Nowe metodologie aktywnego uczenia si\u0119<\/li>\n\n\n\n<li>Teoretyczne nauczanie i&nbsp;praktyczne do\u015bwiadczenia<\/li>\n\n\n\n<li>Metody dydaktyczne<\/li>\n\n\n\n<li>Metodologia nauczania<\/li>\n\n\n\n<li>Systematyczne badania na&nbsp;temat umiej\u0119tno\u015bci z&nbsp;zakresu analityki biznesowej<\/li>\n\n\n\n<li>Studium przypadku<\/li>\n\n\n\n<li>Profesjonalizacja<\/li>\n\n\n\n<li>Technologie cyfrowe do&nbsp;przekszta\u0142cenia i&nbsp;analizy zbior\u00f3w danych<\/li>\n\n\n\n<li>Zaawansowane oprogramowanie analityczne<\/li>\n\n\n\n<li>Algorytmy analityczne<\/li>\n\n\n\n<li>Technologie przetwarzania w&nbsp;czasie rzeczywistym<\/li>\n\n\n\n<li>Systemy Business Intelligence<\/li>\n\n\n\n<li>Raportowanie biznesowe<\/li>\n\n\n\n<li>Zarz\u0105dzanie danymi<\/li>\n<\/ul>\n<\/div><\/details>\n\n\n\n<details class=\"wp-block-themeisle-blocks-accordion-item\"><summary class=\"wp-block-themeisle-blocks-accordion-item__title\"><div><strong>Sesja specjalna: Jak wpisa\u0107 wsp\u00f3\u0142czesne narz\u0119dzia zarz\u0105dzania i&nbsp;logistyki w&nbsp;DNA plac\u00f3wek ochrony zdrowia?<\/strong><\/div><\/summary><div class=\"wp-block-themeisle-blocks-accordion-item__content\">\n<p>Dwie perspektywy i&nbsp;dwa g\u0142osy: o&nbsp;wyzwaniach w&nbsp;ochronie zdrowia opowie dr Marcin Karolewski z&nbsp;Polskiego Towarzystwa Lekarzy Mened\u017cer\u00f3w, o&nbsp;wsp\u00f3\u0142czesnych narz\u0119dziach zarz\u0105dzania i&nbsp;logistyki dr hab. in\u017c. Agnieszka Stachowiak, prof.&nbsp;PP. Prelegenci postawi\u0105 pytania inicjuj\u0105ce dyskusj\u0119 ekspert\u00f3w &#8211; przedstawicieli \u015brodowisk lekarskich, samorz\u0105dowych i&nbsp;akademickich.&nbsp;<\/p>\n\n\n\n<p>Zapraszamy serdecznie!<\/p>\n<\/div><\/details>\n<\/div>\n\n\n\n<div id=\"wp-block-themeisle-blocks-accordion-73335f93\" class=\"wp-block-themeisle-blocks-accordion exclusive\">\n<details class=\"wp-block-themeisle-blocks-accordion-item\"><summary class=\"wp-block-themeisle-blocks-accordion-item__title\"><div><strong>Sesja specjalna dla&nbsp;m\u0142odych naukowc\u00f3w &#8211; doktorant\u00f3w oraz&nbsp;badaczy na&nbsp;wczesnym etapie kariery (postdoc)<\/strong><\/div><\/summary><div class=\"wp-block-themeisle-blocks-accordion-item__content\">\n<p>Celem sesji jest stworzenie przestrzeni do&nbsp;<strong>wymiany pogl\u0105d\u00f3w i&nbsp;do\u015bwiadcze\u0144<\/strong>, a&nbsp;tak\u017ce do&nbsp;<strong>nawi\u0105zywania kontakt\u00f3w i&nbsp;wsp\u00f3\u0142pracy naukowej<\/strong>&nbsp;pomi\u0119dzy przedstawicielami r\u00f3\u017cnych uczelni i&nbsp;o\u015brodk\u00f3w badawczych. Stanowi ona doskona\u0142\u0105 okazj\u0119 dla&nbsp;m\u0142odych naukowc\u00f3w do&nbsp;zdobycia pierwszych do\u015bwiadcze\u0144 zwi\u0105zanych z&nbsp;prezentacj\u0105 wynik\u00f3w swoich bada\u0144 \u2013 w&nbsp;<strong>przyjaznej, inspiruj\u0105cej atmosferze<\/strong>, kt\u00f3ra sprzyja otwartej dyskusji i&nbsp;rozwojowi naukowemu.<\/p>\n\n\n\n<p>Prezentacje zakwalifikowanych artyku\u0142\u00f3w przygotowanych w&nbsp;j\u0119zyku angielskim b\u0119d\u0105 odbywa\u0107 si\u0119 w&nbsp;j\u0119zyku polskim.&nbsp;<strong>Najlepsze prace zostan\u0105 rekomendowane \u2013 na&nbsp;podstawie opinii panelu recenzent\u00f3w konferencji \u2013 do&nbsp;publikacji w&nbsp;renomowanych czasopismach naukowych.<\/strong><\/p>\n\n\n\n<p>W&nbsp;ramach sesji zaplanowany jest r\u00f3wnie\u017c&nbsp;<strong>mentoring dotycz\u0105cy przygotowania wniosk\u00f3w do&nbsp;konkursu Miniatura (NCN)<\/strong>. Uczestnicy b\u0119d\u0105 mieli okazj\u0119 skonsultowa\u0107 swoje pomys\u0142y badawcze i&nbsp;otrzyma\u0107 wskaz\u00f3wki od laureat\u00f3w tej \u015bcie\u017cki finansowania,&nbsp;<strong>m.in dr in\u017c. Roman Doma\u0144ski.&nbsp;<\/strong><\/p>\n\n\n\n<p>Uczestnik\u00f3w sesji wspiera\u0107 b\u0119dzie&nbsp;<strong>zesp\u00f3\u0142 mentor\u00f3w naukowych<\/strong>, kt\u00f3ry s\u0142u\u017cy pomoc\u0105 merytoryczn\u0105 i&nbsp;wsparciem w&nbsp;rozwoju kariery naukowej:<\/p>\n\n\n\n<ul class=\"wp-block-list\">\n<li><strong>dr hab. in\u017c. Paulina Goli\u0144ska-Dawson, prof.&nbsp;PP<\/strong><\/li>\n\n\n\n<li><strong>dr hab. in\u017c. Agnieszka Stachowiak, prof.&nbsp;PP<\/strong><\/li>\n\n\n\n<li><strong>dr hab. in\u017c. \u0141ukasz Hada\u015b, prof.&nbsp;PP<\/strong><\/li>\n<\/ul>\n\n\n\n<p>Zach\u0119camy do&nbsp;zg\u0142aszania abstrakt\u00f3w za&nbsp;po\u015brednictwem strony internetowej konferencji oraz&nbsp;do&nbsp;aktywnego udzia\u0142u w&nbsp;wydarzeniu.<br><strong>Terminy oraz&nbsp;informacje organizacyjne (w tym op\u0142aty konferencyjne)<\/strong>&nbsp;dost\u0119pne s\u0105 na&nbsp;stronie:<br>\ud83d\udd17&nbsp;<a rel=\"noreferrer noopener\" href=\"https:\/\/interlog.put.poznan.pl\/\" target=\"_blank\">https:\/\/interlog.put.poznan.pl<\/a><\/p>\n\n\n\n<p><strong>Zg\u0142oszenia do&nbsp;sesji specjalnej<\/strong>&nbsp;prosz\u0119 przesy\u0142a\u0107 r\u00f3wnie\u017c mailowo na&nbsp;adres:<br>\ud83d\udce7&nbsp;<em><a>karolina.werner@put.poznan.pl<\/a><\/em><\/p>\n\n\n\n<p>podaj\u0105c nast\u0119puj\u0105ce dane:<\/p>\n\n\n\n<p>Sesja:&nbsp;<em>Sesja specjalna dla&nbsp;m\u0142odych naukowc\u00f3w (doktoranci i&nbsp;postdoc)<\/em><\/p>\n\n\n\n<p>Imi\u0119 i&nbsp;nazwisko<\/p>\n\n\n\n<p>Afiliacja<\/p>\n<\/div><\/details>\n<\/div>\n\n\n\n<p><\/p>\n\n\n\n<p class=\"has-text-align-left has-neve-link-color-color has-text-color has-link-color has-medium-font-size wp-elements-3a2a81d7979e8e3429a1186297ed78ef\" id=\"publikacje\"><strong>Publikacje<\/strong>:<\/p>\n\n\n\n<p><strong>Publikacje konferencyjne<\/strong>:<\/p>\n\n\n\n<p><\/p>\n\n\n\n<ul class=\"wp-block-list\">\n<li><strong>Monografia<\/strong> &#8211; wydawnictwo <strong>Springer <\/strong>&#8211; w&nbsp;serii <strong>EcoProduction Environmental, Issues in Logistics and Manufacturing<\/strong> (j\u0119zyk angielski)<br><a href=\"https:\/\/www.springer.com\/series\/10152\">https:\/\/www.springer.com\/series\/10152<\/a><\/li>\n\n\n\n<li><strong>Monografia<\/strong> &#8211; wydawnictwo <strong>Polskiego Towarzystwa Ekonomicznego<\/strong>&nbsp;(j\u0119zyk polski)<br><a href=\"https:\/\/www.pte.pl\/o-pte\/wydawnictwo\">https:\/\/www.pte.pl\/o-pte\/wydawnictwo<\/a><\/li>\n\n\n\n<li><strong>Czasopismo <\/strong>&#8211; wydawnictwo <strong>Emerald <\/strong>&#8211; <strong>Logistics Research<\/strong> (j\u0119zyk angielski)<br><a href=\"https:\/\/www.emeraldgrouppublishing.com\/calls-for-papers\/call-papers-logistics-50-integrating-technology-sustainability-and-people\">https:\/\/www.emeraldgrouppublishing.com\/calls-for-papers\/call-papers-logistics-50-integrating-technology-sustainability-and-people<\/a><\/li>\n\n\n\n<li><strong>Czasopismo <\/strong>&#8211; <strong>Ekonomia i&nbsp;\u015arodowisko &#8211; Economics and Environment<\/strong> (j\u0119zyk angielski)<br><a href=\"https:\/\/ekonomiaisrodowisko.pl\/journal\/about\">https:\/\/ekonomiaisrodowisko.pl\/journal\/about<\/a><br><\/li>\n<\/ul>\n\n\n\n<ul class=\"wp-block-list\">\n<li>Wybrane publikacje &#8211; po&nbsp;wst\u0119pnej ocenie &#8211; zostan\u0105 zarekomendowane do&nbsp;poszczeg\u00f3lnych redakcji czasopism i&nbsp;ksi\u0105\u017cek naukowych.<\/li>\n\n\n\n<li>Artyku\u0142y zostan\u0105 poddane recenzjom zgodnie z&nbsp;polityk\u0105 redakcyjn\u0105 poszczeg\u00f3lnych wydawnictw.<\/li>\n\n\n\n<li>Autorzy ponosz\u0105 we&nbsp;w\u0142asnym zakresie op\u0142at\u0119 za&nbsp;publikacj\u0119 artyku\u0142\u00f3w zgodnie z&nbsp;polityk\u0105 wydawnicz\u0105.<\/li>\n\n\n\n<li><a href=\"https:\/\/interlog.put.poznan.pl\/wp-content\/uploads\/2025\/04\/InterLog-Abstract-Template-2025.docx\">Szablon abstraktu<\/a><\/li>\n<\/ul>\n\n\n\n<h2 class=\"wp-block-heading alignfull has-text-align-center has-nv-c-1-color has-text-color has-link-color has-x-large-font-size wp-elements-4e54f3ab0efdb255962addee66bae6cf\">Patronat honorowy<\/h2>\n\n\n\n<p class=\"has-text-align-center\"><strong>Patronat honorowy konferencji<\/strong><\/p>\n\n\n\n<ul class=\"wp-block-list\">\n<li>prof.&nbsp;dr hab. in\u017c. <strong>Teofil Jesionowski<\/strong> \u2013 Rektor Politechniki Pozna\u0144skiej<\/li>\n\n\n\n<li>dr&nbsp;hab. in\u017c.&nbsp;<strong>Marcin Butlewski<\/strong>, prof.&nbsp;PP \u2013 Dziekan Wydzia\u0142u In\u017cynierii Zarz\u0105dzania Politechniki Pozna\u0144skiej<\/li>\n\n\n\n<li>prof.&nbsp;dr&nbsp;hab. in\u017c.&nbsp;<strong>Marek Fertsch<\/strong> \u2013 pomys\u0142odawca i&nbsp;inicjator kierunku Logistyka na&nbsp;Politechnice Pozna\u0144skiej, wieloletni Dyrektor Instytutu In\u017cynierii Zarz\u0105dzania na&nbsp;Politechnice Pozna\u0144skiej<br><\/li>\n\n\n\n<li>Polskie Towarzystwo Ekonomiczne<\/li>\n<\/ul>\n\n\n<div class=\"wp-block-image\">\n<figure class=\"aligncenter size-full is-resized\"><img loading=\"lazy\" decoding=\"async\" width=\"358\" height=\"358\" src=\"https:\/\/interlog.put.poznan.pl\/wp-content\/uploads\/2025\/06\/logo-PTE.jpg\" alt=\"\" class=\"wp-image-1507\" style=\"width:103px;height:auto\" srcset=\"https:\/\/interlog.put.poznan.pl\/wp-content\/uploads\/2025\/06\/logo-PTE.jpg 358w, https:\/\/interlog.put.poznan.pl\/wp-content\/uploads\/2025\/06\/logo-PTE-300x300.jpg 300w, https:\/\/interlog.put.poznan.pl\/wp-content\/uploads\/2025\/06\/logo-PTE-150x150.jpg 150w\" sizes=\"auto, (max-width: 358px) 100vw, 358px\" \/><\/figure><\/div>\n\n\n<p><\/p>\n\n\n\n<p><strong>Organizatorzy<\/strong><\/p>\n\n\n\n<a name=\"przewodniczacy\"><\/a>\n\n\n\n<p><strong>Przewodnicz\u0105cy konferencji<\/strong><\/p>\n\n\n\n<ul class=\"wp-block-list\">\n<li>dr&nbsp;hab. in\u017c.&nbsp;<strong>\u0141ukasz Hada\u015b<\/strong>, prof.&nbsp;PP \u2013 przewodnicz\u0105cy, Dyrektor Instytutu Logistyki, Politechnika Pozna\u0144ska<\/li>\n\n\n\n<li>dr&nbsp;hab. in\u017c.&nbsp;<strong>Piotr Cyplik<\/strong>, prof.&nbsp;PP \u2013 wiceprzewodnicz\u0105cy, kierownik Zak\u0142adu Zarz\u0105dzania Produkcj\u0105 i&nbsp;Logistyki, Politechnika Pozna\u0144ska<\/li>\n<\/ul>\n\n\n\n<a name=\"komitetn\"><\/a>\n\n\n\n<p><strong>Komitet naukowy konferencji <\/strong><\/p>\n\n\n\n<ul class=\"wp-block-list\">\n<li>prof.&nbsp;dr&nbsp;hab. Piotr Banaszyk &#8211; Uniwersytet Ekonomiczny w&nbsp;Poznaniu<\/li>\n\n\n\n<li>prof.&nbsp;dr&nbsp;hab. in\u017c.&nbsp;Joanna Ejdys &#8211; Politechnika Bia\u0142ostocka<\/li>\n\n\n\n<li>prof.&nbsp;dr&nbsp;hab. in\u017c.&nbsp;J\u00f3zef Fr\u0105\u015b &#8211; Politechnika Pozna\u0144ska<\/li>\n\n\n\n<li>prof.&nbsp;dr&nbsp;hab. Sabina Kauf &#8211; Uniwersytet Opolski<\/li>\n\n\n\n<li>prof.&nbsp;dr&nbsp;hab. Maciej Urbaniak &#8211; Uniwersytet \u0141\u00f3dzki<\/li>\n\n\n\n<li>prof.&nbsp;dr&nbsp;hab. Jaros\u0142aw Witkowski &#8211; Uniwersytet Ekonomiczny we Wroc\u0142awiu<\/li>\n\n\n\n<li>dr&nbsp;hab. Wojciech Dro\u017cd\u017c, prof.&nbsp;US &#8211; Uniwersytet Szczeci\u0144ski<\/li>\n\n\n\n<li>dr&nbsp;hab. in\u017c.&nbsp;Paulina Goli\u0144ska, prof.&nbsp;PP &#8211; Politechnika Pozna\u0144ska<\/li>\n\n\n\n<li>dr&nbsp;hab. in\u017c.&nbsp;Katarzyna Grzybowska, prof.&nbsp;PP &#8211; Politechnika Pozna\u0144ska<\/li>\n\n\n\n<li>dr hab. in\u017c. Joanna Ka\u0142kowska, prof.&nbsp;PP &#8211; Politechnika Pozna\u0144ska<\/li>\n\n\n\n<li>dr&nbsp;hab. Mariya Khmelyarchuk, prof.&nbsp;PP &#8211; Politechnika Pozna\u0144ska<\/li>\n\n\n\n<li>dr&nbsp;hab. in\u017c.&nbsp;Maja Zofia Kiba-Janiak, prof.&nbsp;UEW &#8211; Uniwersytet Ekonomiczny we Wroc\u0142awiu<\/li>\n\n\n\n<li>dr&nbsp;hab. in\u017c.&nbsp;Adam Koli\u0144ski, prof.&nbsp;WSL &#8211; Wy\u017csza Szko\u0142a Logistyki w&nbsp;Poznaniu<\/li>\n\n\n\n<li>dr&nbsp;hab. in\u017c.&nbsp;Rafa\u0142 Matwiejczuk, prof.&nbsp;UO &#8211; Uniwersytet Opolski<\/li>\n\n\n\n<li>dr&nbsp;hab. in\u017c.&nbsp;Przemys\u0142aw Niewiadomski, prof.&nbsp;UZ &#8211; Uniwersytet Zielonog\u00f3rski w&nbsp;Zielonej G\u00f3rze<\/li>\n\n\n\n<li>dr&nbsp;hab. Dariusz Nowak, prof.&nbsp;UEP &#8211; Uniwersytet Ekonomiczny w&nbsp;Poznaniu<\/li>\n\n\n\n<li>dr&nbsp;hab. in\u017c.&nbsp;Pawe\u0142 Pawlewski, prof.&nbsp;PP &#8211; Politechnika Pozna\u0144ska<\/li>\n\n\n\n<li>dr&nbsp;hab. in\u017c.&nbsp;Sebastian Saniuk, prof.&nbsp;UZ &#8211; Uniwersytet Zielonog\u00f3rski w&nbsp;Zielonej G\u00f3rze<\/li>\n\n\n\n<li>dr&nbsp;hab. in\u017c.&nbsp;Agnieszka Stachowiak, prof.&nbsp;PP &#8211; Politechnika Pozna\u0144ska<\/li>\n\n\n\n<li>dr&nbsp;hab. Maciej Stajniak, prof.&nbsp;WSL &#8211; Wy\u017csza Szko\u0142a Logistyki w&nbsp;Poznaniu<\/li>\n\n\n\n<li>dr&nbsp;hab. Marek Szczepa\u0144ski, prof.&nbsp;PP &#8211; Politechnika Pozna\u0144ska<\/li>\n\n\n\n<li>dr&nbsp;hab. Agnieszka Tubis, prof.&nbsp;PWr &#8211; Politechnika Wroc\u0142awska<\/li>\n\n\n\n<li>dr&nbsp;hab. Blanka Tundys, prof.&nbsp;US &#8211; Uniwersytet Szczeci\u0144ski<\/li>\n\n\n\n<li>dr&nbsp;hab. in\u017c.&nbsp;Wies\u0142aw Urban, prof.&nbsp;PB &#8211; Politechnika Bia\u0142ostocka<\/li>\n\n\n\n<li>dr&nbsp;hab. in\u017c.&nbsp;Krzysztof Witkowski, prof.&nbsp;UZ &#8211; Uniwersytet Zielonog\u00f3rski w&nbsp;Zielonej G\u00f3rze<\/li>\n\n\n\n<li>dr hab. Hanna W\u0142odarkiewicz-Klimek, prof.&nbsp;PP &#8211; Politechnika Pozna\u0144ska<\/li>\n\n\n\n<li>dr&nbsp;hab. in\u017c.&nbsp;Magdalena Wyrwicka, prof.&nbsp;PP &#8211; Politechnika Pozna\u0144ska<\/li>\n\n\n\n<li>dr&nbsp;hab. in\u017c.&nbsp;Bo\u017cena Zwoli\u0144ska, prof.&nbsp;AGH &#8211; Akademia G\u00f3rniczo-Hutnicza w&nbsp;Krakowie<\/li>\n\n\n\n<li>dr&nbsp;hab. in\u017c.&nbsp;Jacek \u017bak, prof.&nbsp;PP &#8211; Politechnika Pozna\u0144ska<\/li>\n<\/ul>\n\n\n\n<a name=\"komiteto\"><\/a>\n\n\n\n<p><strong>Komitet organizacyjny konferencji <\/strong><\/p>\n\n\n\n<ul class=\"wp-block-list\">\n<li>dr&nbsp;in\u017c.&nbsp;Agnieszka Grzelczak \u2013 przewodnicz\u0105ca<\/li>\n\n\n\n<li>dr&nbsp;hab. in\u017c.&nbsp;Agnieszka Stachowiak, prof.&nbsp;PP<\/li>\n\n\n\n<li>dr&nbsp;in\u017c.&nbsp;Karolina Werner-Lewandowska<\/li>\n\n\n\n<li>dr&nbsp;in\u017c.&nbsp;Natalia Pawlak \u2013 koordynator korespondencji<\/li>\n\n\n\n<li>dr&nbsp;in\u017c.&nbsp;Patrycja Hoffa-D\u0105browska<\/li>\n\n\n\n<li>dr&nbsp;in\u017c.&nbsp;Zuzanna Sikorska<\/li>\n\n\n\n<li>dr&nbsp;in\u017c.&nbsp;Miros\u0142aw Kruszy\u0144ski<\/li>\n\n\n\n<li>dr&nbsp;in\u017c.&nbsp;Micha\u0142 Fertsch<\/li>\n\n\n\n<li>mgr&nbsp;in\u017c.&nbsp;Dominika D\u0142ugo\u0144ska<\/li>\n<\/ul>\n\n\n\n<p class=\"has-text-align-center\"><\/p>\n\n\n\n<p><\/p>\n","protected":false},"excerpt":{"rendered":"<p>interLOG 2025 \u2013 Interdyscyplinarna Konferencja Naukowa Logistyka \u2013 Produkcja \u2013 Ekonomia18-19 wrze\u015bnia 2025 Zakres tematyczny konferencji: GOSPODARKA 5.0LOGISTYKA \u2013 PRODUKCJA \u2013 EKONOMIA Publikacje: Publikacje konferencyjne: Patronat honorowy Patronat honorowy konferencji Organizatorzy Przewodnicz\u0105cy konferencji Komitet naukowy konferencji Komitet organizacyjny konferencji<\/p>\n","protected":false},"author":2,"featured_media":0,"parent":0,"menu_order":0,"comment_status":"closed","ping_status":"closed","template":"","meta":{"_themeisle_gutenberg_block_has_review":false,"footnotes":""},"class_list":["post-1583","page","type-page","status-publish","hentry"],"_links":{"self":[{"href":"https:\/\/interlog.put.poznan.pl\/index.php?rest_route=\/wp\/v2\/pages\/1583","targetHints":{"allow":["GET"]}}],"collection":[{"href":"https:\/\/interlog.put.poznan.pl\/index.php?rest_route=\/wp\/v2\/pages"}],"about":[{"href":"https:\/\/interlog.put.poznan.pl\/index.php?rest_route=\/wp\/v2\/types\/page"}],"author":[{"embeddable":true,"href":"https:\/\/interlog.put.poznan.pl\/index.php?rest_route=\/wp\/v2\/users\/2"}],"replies":[{"embeddable":true,"href":"https:\/\/interlog.put.poznan.pl\/index.php?rest_route=%2Fwp%2Fv2%2Fcomments&post=1583"}],"version-history":[{"count":4,"href":"https:\/\/interlog.put.poznan.pl\/index.php?rest_route=\/wp\/v2\/pages\/1583\/revisions"}],"predecessor-version":[{"id":1594,"href":"https:\/\/interlog.put.poznan.pl\/index.php?rest_route=\/wp\/v2\/pages\/1583\/revisions\/1594"}],"wp:attachment":[{"href":"https:\/\/interlog.put.poznan.pl\/index.php?rest_route=%2Fwp%2Fv2%2Fmedia&parent=1583"}],"curies":[{"name":"wp","href":"https:\/\/api.w.org\/{rel}","templated":true}]}}