
{"id":75,"date":"2020-01-27T08:29:32","date_gmt":"2020-01-27T08:29:32","guid":{"rendered":"https:\/\/demosites.io\/web-agency-gb\/?page_id=75"},"modified":"2025-05-05T20:53:34","modified_gmt":"2025-05-05T19:53:34","slug":"15c42-web-agency-gb-contact-us","status":"publish","type":"page","link":"https:\/\/interlog.put.poznan.pl\/?page_id=75","title":{"rendered":"Kontakt1"},"content":{"rendered":"\n<div class=\"wp-block-cover alignfull\" style=\"min-height:420px;aspect-ratio:unset;\"><span aria-hidden=\"true\" class=\"wp-block-cover__background has-nv-light-bg-background-color has-background-dim-100 has-background-dim\"><\/span><div class=\"wp-block-cover__inner-container is-layout-flow wp-block-cover-is-layout-flow\">\n<div style=\"height:80px\" aria-hidden=\"true\" class=\"wp-block-spacer\"><\/div>\n\n\n\n<h2 class=\"wp-block-heading has-text-align-center has-neve-link-color-color has-text-color has-link-color has-x-large-font-size wp-elements-3ea721982eb1bfbbdd3bf5c9ae34aeee\">Kontakt<\/h2>\n\n\n\n<div class=\"wp-block-columns is-layout-flex wp-container-core-columns-is-layout-1 wp-block-columns-is-layout-flex\">\n<div class=\"wp-block-column ticss-4ce656f1 is-layout-flow wp-block-column-is-layout-flow\">\n<div class=\"wp-block-group has-nv-site-bg-background-color has-background\"><div class=\"wp-block-group__inner-container is-layout-flow wp-block-group-is-layout-flow\">\n<div style=\"height:24px\" aria-hidden=\"true\" class=\"wp-block-spacer\"><\/div>\n\n\n<div class=\"wp-block-image icon-style is-style-default\">\n<figure class=\"aligncenter size-full is-resized\"><a href=\"https:\/\/www.linkedin.com\/company\/interlog-interdyscyplinarna-konferencja-naukowa\/?viewAsMember=true\"><img loading=\"lazy\" decoding=\"async\" width=\"466\" height=\"466\" src=\"https:\/\/interlog.put.poznan.pl\/wp-content\/uploads\/2025\/04\/in_1-1.png\" alt=\"\" class=\"wp-image-1229\" style=\"object-fit:cover;width:65px;height:65px\" srcset=\"https:\/\/interlog.put.poznan.pl\/wp-content\/uploads\/2025\/04\/in_1-1.png 466w, https:\/\/interlog.put.poznan.pl\/wp-content\/uploads\/2025\/04\/in_1-1-300x300.png 300w, https:\/\/interlog.put.poznan.pl\/wp-content\/uploads\/2025\/04\/in_1-1-150x150.png 150w\" sizes=\"auto, (max-width: 466px) 100vw, 466px\" \/><\/a><\/figure><\/div>\n\n\n<div style=\"height:24px\" aria-hidden=\"true\" class=\"wp-block-spacer\"><\/div>\n\n\n\n<h3 class=\"wp-block-heading has-text-align-center has-neve-link-color-color has-text-color\">LinkedIn<\/h3>\n\n\n\n<p class=\"has-text-align-center has-neve-link-color-color has-text-color\" style=\"font-size:15px\">&nbsp;<br><a href=\"https:\/\/www.linkedin.com\/company\/interlog-interdyscyplinarna-konferencja-naukowa\/?viewAsMember=true\">linkedin.com<\/a><\/p>\n\n\n\n<p class=\"has-text-align-center has-neve-link-color-color has-text-color\" style=\"font-size:15px\">&nbsp;&nbsp;&nbsp;<br>&nbsp;<\/p>\n\n\n\n<div style=\"height:24px\" aria-hidden=\"true\" class=\"wp-block-spacer\"><\/div>\n<\/div><\/div>\n<\/div>\n\n\n\n<div class=\"wp-block-column ticss-f6fc7494 is-layout-flow wp-block-column-is-layout-flow\">\n<div class=\"wp-block-group has-nv-site-bg-background-color has-background\"><div class=\"wp-block-group__inner-container is-layout-flow wp-block-group-is-layout-flow\">\n<div style=\"height:24px\" aria-hidden=\"true\" class=\"wp-block-spacer\"><\/div>\n\n\n<div class=\"wp-block-image icon-style is-style-default\">\n<figure class=\"aligncenter size-large is-resized\"><img loading=\"lazy\" decoding=\"async\" width=\"1024\" height=\"838\" src=\"http:\/\/interlog.put.poznan.pl\/wp-content\/uploads\/2024\/02\/mailnavyFinal-1024x838.png\" alt=\"\" class=\"wp-image-737\" style=\"width:79px;height:auto\" srcset=\"https:\/\/interlog.put.poznan.pl\/wp-content\/uploads\/2024\/02\/mailnavyFinal-1024x838.png 1024w, https:\/\/interlog.put.poznan.pl\/wp-content\/uploads\/2024\/02\/mailnavyFinal-300x245.png 300w, https:\/\/interlog.put.poznan.pl\/wp-content\/uploads\/2024\/02\/mailnavyFinal-768x628.png 768w, https:\/\/interlog.put.poznan.pl\/wp-content\/uploads\/2024\/02\/mailnavyFinal-1536x1256.png 1536w, https:\/\/interlog.put.poznan.pl\/wp-content\/uploads\/2024\/02\/mailnavyFinal.png 2048w\" sizes=\"auto, (max-width: 1024px) 100vw, 1024px\" \/><\/figure><\/div>\n\n\n<div style=\"height:24px\" aria-hidden=\"true\" class=\"wp-block-spacer\"><\/div>\n\n\n\n<h3 class=\"wp-block-heading has-text-align-center has-neve-link-color-color has-text-color\">E-mail<\/h3>\n\n\n\n<p class=\"has-text-align-center has-neve-link-color-color has-text-color\" style=\"font-size:15px\">dr in\u017c. Natalia Pawlak<br>interlog@put.poznan.pl&nbsp;<\/p>\n\n\n\n<p class=\"has-text-align-center has-neve-link-color-color has-text-color\" style=\"font-size:15px\"><br>&nbsp;&nbsp;&nbsp;<\/p>\n\n\n\n<div style=\"height:24px\" aria-hidden=\"true\" class=\"wp-block-spacer\"><\/div>\n<\/div><\/div>\n<\/div>\n\n\n\n<div class=\"wp-block-column ticss-a5b4df29 is-layout-flow wp-block-column-is-layout-flow\">\n<div class=\"wp-block-group has-nv-site-bg-background-color has-background\"><div class=\"wp-block-group__inner-container is-layout-flow wp-block-group-is-layout-flow\">\n<div style=\"height:24px\" aria-hidden=\"true\" class=\"wp-block-spacer\"><\/div>\n\n\n<div class=\"wp-block-image icon-style is-style-default\">\n<figure class=\"aligncenter size-full is-resized\"><img loading=\"lazy\" decoding=\"async\" width=\"209\" height=\"199\" src=\"http:\/\/interlog.put.poznan.pl\/wp-content\/uploads\/2024\/02\/mapnavyFinal.png\" alt=\"\" class=\"wp-image-736\" style=\"width:auto;height:65px\"\/><\/figure><\/div>\n\n\n<div style=\"height:24px\" aria-hidden=\"true\" class=\"wp-block-spacer\"><\/div>\n\n\n\n<h3 class=\"wp-block-heading has-text-align-center has-neve-link-color-color has-text-color\">Adres<\/h3>\n\n\n\n<p class=\"has-text-align-center has-neve-link-color-color has-text-color\" style=\"font-size:15px\"><a href=\"https:\/\/www.fem.put.poznan.pl\/telefon-adres\">Budynek WAWIZ (A30)<br><\/a>Politechnika Pozna\u0144ska<br><a href=\"https:\/\/www.fem.put.poznan.pl\">Wydzia\u0142 In\u017cynierii Zarz\u0105dzania<br><\/a>Jacka Rychlewskiego 2, 60-965 Pozna\u0144<\/p>\n\n\n\n<div style=\"height:24px\" aria-hidden=\"true\" class=\"wp-block-spacer\"><\/div>\n<\/div><\/div>\n<\/div>\n<\/div>\n\n\n\n<div style=\"height:30px\" aria-hidden=\"true\" class=\"wp-block-spacer\"><\/div>\n<\/div><\/div>\n","protected":false},"excerpt":{"rendered":"","protected":false},"author":1,"featured_media":0,"parent":0,"menu_order":0,"comment_status":"closed","ping_status":"closed","template":"","meta":{"_themeisle_gutenberg_block_has_review":false,"footnotes":""},"class_list":["post-75","page","type-page","status-publish","hentry"],"_links":{"self":[{"href":"https:\/\/interlog.put.poznan.pl\/index.php?rest_route=\/wp\/v2\/pages\/75","targetHints":{"allow":["GET"]}}],"collection":[{"href":"https:\/\/interlog.put.poznan.pl\/index.php?rest_route=\/wp\/v2\/pages"}],"about":[{"href":"https:\/\/interlog.put.poznan.pl\/index.php?rest_route=\/wp\/v2\/types\/page"}],"author":[{"embeddable":true,"href":"https:\/\/interlog.put.poznan.pl\/index.php?rest_route=\/wp\/v2\/users\/1"}],"replies":[{"embeddable":true,"href":"https:\/\/interlog.put.poznan.pl\/index.php?rest_route=%2Fwp%2Fv2%2Fcomments&post=75"}],"version-history":[{"count":44,"href":"https:\/\/interlog.put.poznan.pl\/index.php?rest_route=\/wp\/v2\/pages\/75\/revisions"}],"predecessor-version":[{"id":1367,"href":"https:\/\/interlog.put.poznan.pl\/index.php?rest_route=\/wp\/v2\/pages\/75\/revisions\/1367"}],"wp:attachment":[{"href":"https:\/\/interlog.put.poznan.pl\/index.php?rest_route=%2Fwp%2Fv2%2Fmedia&parent=75"}],"curies":[{"name":"wp","href":"https:\/\/api.w.org\/{rel}","templated":true}]}}